{"id":26465,"date":"2023-10-23T19:16:51","date_gmt":"2023-10-23T17:16:51","guid":{"rendered":"https:\/\/www.miravila.com\/product\/bacche-bell-veja-glitter-zlato-srebena\/"},"modified":"2023-10-23T19:16:54","modified_gmt":"2023-10-23T17:16:54","slug":"bacche-bell-veja-glitter-zlato-srebena","status":"publish","type":"product","link":"https:\/\/www.miravila.com\/sl\/izdelek\/bacche-bell-veja-glitter-zlato-srebena\/","title":{"rendered":"BACCHE BELL VEJA GLITTER ZLATO-SREBENA"},"content":{"rendered":"","protected":false},"excerpt":{"rendered":"<p>BACCHE BELL VEJA GLITTER ZLATO-SREBENA je bo\u017ei\u010dni izdelek, ki bo zagotovo pritegnil pozornost na vsaki prazni\u010dni zabavi. S svojim sijo\u010dim zlato-srebrnim videzom in \u010dudovitimi zvon\u010dki bo ta izdelek dodal prazni\u010dno vzdu\u0161je vsakemu prostoru. Ne glede na to, ali ga uporabljate kot dekoracijo na bo\u017ei\u010dnem drevesu ali kot okras na mizi, BACCHE BELL VEJA GLITTER ZLATO-SREBENA bo zagotovo prinesel prazni\u010dni sijaj v va\u0161 dom.<\/p>\n","protected":false},"featured_media":25768,"comment_status":"closed","ping_status":"open","template":"","meta":[],"product_brand":[],"product_cat":[2084,3591],"product_tag":[],"class_list":{"0":"post-26465","1":"product","2":"type-product","3":"status-publish","4":"has-post-thumbnail","6":"product_cat-bozic-sl","7":"product_cat-novoletni-okraski","8":"pa_barva-srebrna","9":"pa_barva-zlata","10":"pa_visina-50-sl","12":"first","13":"outofstock","14":"taxable","15":"shipping-taxable","16":"purchasable","17":"product-type-simple"},"_links":{"self":[{"href":"https:\/\/www.miravila.com\/sl\/wp-json\/wp\/v2\/product\/26465","targetHints":{"allow":["GET"]}}],"collection":[{"href":"https:\/\/www.miravila.com\/sl\/wp-json\/wp\/v2\/product"}],"about":[{"href":"https:\/\/www.miravila.com\/sl\/wp-json\/wp\/v2\/types\/product"}],"replies":[{"embeddable":true,"href":"https:\/\/www.miravila.com\/sl\/wp-json\/wp\/v2\/comments?post=26465"}],"wp:featuredmedia":[{"embeddable":true,"href":"https:\/\/www.miravila.com\/sl\/wp-json\/wp\/v2\/media\/25768"}],"wp:attachment":[{"href":"https:\/\/www.miravila.com\/sl\/wp-json\/wp\/v2\/media?parent=26465"}],"wp:term":[{"taxonomy":"product_brand","embeddable":true,"href":"https:\/\/www.miravila.com\/sl\/wp-json\/wp\/v2\/product_brand?post=26465"},{"taxonomy":"product_cat","embeddable":true,"href":"https:\/\/www.miravila.com\/sl\/wp-json\/wp\/v2\/product_cat?post=26465"},{"taxonomy":"product_tag","embeddable":true,"href":"https:\/\/www.miravila.com\/sl\/wp-json\/wp\/v2\/product_tag?post=26465"}],"curies":[{"name":"wp","href":"https:\/\/api.w.org\/{rel}","templated":true}]}}