{"id":26462,"date":"2023-10-23T19:16:51","date_gmt":"2023-10-23T17:16:51","guid":{"rendered":"https:\/\/www.miravila.com\/product\/obesek-asole-diamanti-cof-h-21-cm-rdec\/"},"modified":"2023-10-23T19:16:53","modified_gmt":"2023-10-23T17:16:53","slug":"obesek-asole-diamanti-cof-h-21-cm-rdec","status":"publish","type":"product","link":"https:\/\/www.miravila.com\/sl\/izdelek\/obesek-asole-diamanti-cof-h-21-cm-rdec\/","title":{"rendered":"OBESEK ASOLE DIAMANTI\/COF H-21 CM RDE\u010c"},"content":{"rendered":"<p>Novoletni okrasek<\/p>\n<hr>\n<p><\/p>\n<h5>Material:<\/h5>\n<p><\/p>\n<h5>Dimenzija:<\/h5>\n<p> 21cm<\/p>\n","protected":false},"excerpt":{"rendered":"<p>Obesek asole diamanti je \u010dudovit bo\u017ei\u010dni okrasek, ki bo zagotovo pritegnil pozornost na va\u0161i novoletni jelki. S svojimi ble\u0161\u010de\u010dimi diamanti in rde\u010do barvo bo ustvaril prazni\u010dno vzdu\u0161je v va\u0161em domu. S svojo velikostjo 21 cm je primeren tudi za ve\u010dje jelke. Pridih elegance in glamurja bo zagotovo popestril va\u0161e praznike.<\/p>\n","protected":false},"featured_media":25652,"comment_status":"closed","ping_status":"open","template":"","meta":[],"product_brand":[],"product_cat":[2084,3591],"product_tag":[],"class_list":{"0":"post-26462","1":"product","2":"type-product","3":"status-publish","4":"has-post-thumbnail","6":"product_cat-bozic-sl","7":"product_cat-novoletni-okraski","8":"pa_barva-rdeca","9":"pa_visina-3822","11":"first","12":"outofstock","13":"taxable","14":"shipping-taxable","15":"purchasable","16":"product-type-simple"},"_links":{"self":[{"href":"https:\/\/www.miravila.com\/sl\/wp-json\/wp\/v2\/product\/26462","targetHints":{"allow":["GET"]}}],"collection":[{"href":"https:\/\/www.miravila.com\/sl\/wp-json\/wp\/v2\/product"}],"about":[{"href":"https:\/\/www.miravila.com\/sl\/wp-json\/wp\/v2\/types\/product"}],"replies":[{"embeddable":true,"href":"https:\/\/www.miravila.com\/sl\/wp-json\/wp\/v2\/comments?post=26462"}],"wp:featuredmedia":[{"embeddable":true,"href":"https:\/\/www.miravila.com\/sl\/wp-json\/wp\/v2\/media\/25652"}],"wp:attachment":[{"href":"https:\/\/www.miravila.com\/sl\/wp-json\/wp\/v2\/media?parent=26462"}],"wp:term":[{"taxonomy":"product_brand","embeddable":true,"href":"https:\/\/www.miravila.com\/sl\/wp-json\/wp\/v2\/product_brand?post=26462"},{"taxonomy":"product_cat","embeddable":true,"href":"https:\/\/www.miravila.com\/sl\/wp-json\/wp\/v2\/product_cat?post=26462"},{"taxonomy":"product_tag","embeddable":true,"href":"https:\/\/www.miravila.com\/sl\/wp-json\/wp\/v2\/product_tag?post=26462"}],"curies":[{"name":"wp","href":"https:\/\/api.w.org\/{rel}","templated":true}]}}