{"id":26460,"date":"2023-10-23T19:16:51","date_gmt":"2023-10-23T17:16:51","guid":{"rendered":"https:\/\/www.miravila.com\/product\/obesek-snezinka-gemme-cof-h-22-cm-rdeca\/"},"modified":"2023-10-23T19:16:52","modified_gmt":"2023-10-23T17:16:52","slug":"obesek-snezinka-gemme-cof-h-22-cm-rdeca","status":"publish","type":"product","link":"https:\/\/www.miravila.com\/sl\/izdelek\/obesek-snezinka-gemme-cof-h-22-cm-rdeca\/","title":{"rendered":"OBESEK SNE\u017dINKA GEMME\/COF H-22 CM RDE\u010cA"},"content":{"rendered":"<p>Novoletni okrasek<\/p>\n<hr>\n<p><\/p>\n<h5>Material:<\/h5>\n<p><\/p>\n<h5>Dimenzija:<\/h5>\n<p> 22cm<\/p>\n","protected":false},"excerpt":{"rendered":"<p>Obesek sne\u017einka Gemme\/Cof je popoln dodatek za bo\u017ei\u010dno okrasitev. Izdelan je iz kakovostnega materiala in ima \u010dudovito rde\u010do barvo. S svojo velikostjo 22 cm bo zagotovo pritegnil pozornost in dodal prazni\u010dni \u010dar va\u0161emu domu.<\/p>\n","protected":false},"featured_media":25670,"comment_status":"closed","ping_status":"open","template":"","meta":[],"product_brand":[],"product_cat":[2084,3591],"product_tag":[],"class_list":{"0":"post-26460","1":"product","2":"type-product","3":"status-publish","4":"has-post-thumbnail","6":"product_cat-bozic-sl","7":"product_cat-novoletni-okraski","8":"pa_barva-rdeca","9":"pa_visina-22-sl-2","11":"first","12":"instock","13":"taxable","14":"shipping-taxable","15":"purchasable","16":"product-type-simple"},"_links":{"self":[{"href":"https:\/\/www.miravila.com\/sl\/wp-json\/wp\/v2\/product\/26460","targetHints":{"allow":["GET"]}}],"collection":[{"href":"https:\/\/www.miravila.com\/sl\/wp-json\/wp\/v2\/product"}],"about":[{"href":"https:\/\/www.miravila.com\/sl\/wp-json\/wp\/v2\/types\/product"}],"replies":[{"embeddable":true,"href":"https:\/\/www.miravila.com\/sl\/wp-json\/wp\/v2\/comments?post=26460"}],"wp:featuredmedia":[{"embeddable":true,"href":"https:\/\/www.miravila.com\/sl\/wp-json\/wp\/v2\/media\/25670"}],"wp:attachment":[{"href":"https:\/\/www.miravila.com\/sl\/wp-json\/wp\/v2\/media?parent=26460"}],"wp:term":[{"taxonomy":"product_brand","embeddable":true,"href":"https:\/\/www.miravila.com\/sl\/wp-json\/wp\/v2\/product_brand?post=26460"},{"taxonomy":"product_cat","embeddable":true,"href":"https:\/\/www.miravila.com\/sl\/wp-json\/wp\/v2\/product_cat?post=26460"},{"taxonomy":"product_tag","embeddable":true,"href":"https:\/\/www.miravila.com\/sl\/wp-json\/wp\/v2\/product_tag?post=26460"}],"curies":[{"name":"wp","href":"https:\/\/api.w.org\/{rel}","templated":true}]}}