{"id":26445,"date":"2023-10-23T19:16:42","date_gmt":"2023-10-23T17:16:42","guid":{"rendered":"https:\/\/www.miravila.com\/product\/sladkorna-palica-steklo-set-3h-201712cm\/"},"modified":"2023-10-23T19:16:45","modified_gmt":"2023-10-23T17:16:45","slug":"sladkorna-palica-steklo-set-3h-201712cm","status":"publish","type":"product","link":"https:\/\/www.miravila.com\/sl\/izdelek\/sladkorna-palica-steklo-set-3h-201712cm\/","title":{"rendered":"Sladkorna Palica Steklo Set 3(H-20+17+12Cm)"},"content":{"rendered":"<p>Novoletni okrasek v roza barvi v obliki sladkornih palic.<\/p>\n<hr>\n<p><\/p>\n<h5>Material:<\/h5>\n<p> steklo<br \/>\n<\/p>\n<h5>Dimenzija:<\/h5>\n<p> 20cm<\/p>\n","protected":false},"excerpt":{"rendered":"<p>Sladkorna palica steklo set vsebuje 3 razli\u010dno velike palice (20 cm, 17 cm, 12 cm) in je odli\u010den izdelek za okrasitev bo\u017ei\u010dnega drevesa. Izdelane iz kakovostnega stekla, te sladkorne palice bodo dodale prazni\u010dni sijaj va\u0161emu domu. Popoln izbor za ustvarjanje \u010darobnega vzdu\u0161ja med bo\u017ei\u010dnimi prazniki.<\/p>\n","protected":false},"featured_media":24977,"comment_status":"closed","ping_status":"open","template":"","meta":[],"product_brand":[],"product_cat":[2084,3591],"product_tag":[],"class_list":{"0":"post-26445","1":"product","2":"type-product","3":"status-publish","4":"has-post-thumbnail","6":"product_cat-bozic-sl","7":"product_cat-novoletni-okraski","8":"pa_material-steklo","9":"pa_visina-20-sl","11":"first","12":"outofstock","13":"taxable","14":"shipping-taxable","15":"purchasable","16":"product-type-simple"},"_links":{"self":[{"href":"https:\/\/www.miravila.com\/sl\/wp-json\/wp\/v2\/product\/26445","targetHints":{"allow":["GET"]}}],"collection":[{"href":"https:\/\/www.miravila.com\/sl\/wp-json\/wp\/v2\/product"}],"about":[{"href":"https:\/\/www.miravila.com\/sl\/wp-json\/wp\/v2\/types\/product"}],"replies":[{"embeddable":true,"href":"https:\/\/www.miravila.com\/sl\/wp-json\/wp\/v2\/comments?post=26445"}],"wp:featuredmedia":[{"embeddable":true,"href":"https:\/\/www.miravila.com\/sl\/wp-json\/wp\/v2\/media\/24977"}],"wp:attachment":[{"href":"https:\/\/www.miravila.com\/sl\/wp-json\/wp\/v2\/media?parent=26445"}],"wp:term":[{"taxonomy":"product_brand","embeddable":true,"href":"https:\/\/www.miravila.com\/sl\/wp-json\/wp\/v2\/product_brand?post=26445"},{"taxonomy":"product_cat","embeddable":true,"href":"https:\/\/www.miravila.com\/sl\/wp-json\/wp\/v2\/product_cat?post=26445"},{"taxonomy":"product_tag","embeddable":true,"href":"https:\/\/www.miravila.com\/sl\/wp-json\/wp\/v2\/product_tag?post=26445"}],"curies":[{"name":"wp","href":"https:\/\/api.w.org\/{rel}","templated":true}]}}