{"id":26443,"date":"2023-10-23T19:16:42","date_gmt":"2023-10-23T17:16:42","guid":{"rendered":"https:\/\/www.miravila.com\/product\/krogla-steklo-ptic-cardinale-d-12-cm\/"},"modified":"2023-10-23T19:16:44","modified_gmt":"2023-10-23T17:16:44","slug":"krogla-steklo-ptic-cardinale-d-12-cm","status":"publish","type":"product","link":"https:\/\/www.miravila.com\/sl\/izdelek\/krogla-steklo-ptic-cardinale-d-12-cm\/","title":{"rendered":"Krogla Steklo Pti\u010d Cardinale D-12 Cm"},"content":{"rendered":"<p>Novoletni okrasek bele barve poslikan z bo\u017ei\u010dnim motivom.<\/p>\n<hr>\n<p><\/p>\n<h5>Material:<\/h5>\n<p> steklo<br \/>\n<\/p>\n<h5>Dimenzija:<\/h5>\n<p> 12cm<\/p>\n","protected":false},"excerpt":{"rendered":"<p>Ta \u010dudovita steklena krogla s \u010dudovitim motivom pti\u010da cardinale bo popolno bo\u017ei\u010dno darilo. S premerom 12 cm bo krogla zagotovo pritegnila pozornost in dodala prazni\u010dni \u010dar va\u0161emu domu.<\/p>\n","protected":false},"featured_media":24796,"comment_status":"closed","ping_status":"open","template":"","meta":[],"product_brand":[],"product_cat":[2084,3591],"product_tag":[],"class_list":{"0":"post-26443","1":"product","2":"type-product","3":"status-publish","4":"has-post-thumbnail","6":"product_cat-bozic-sl","7":"product_cat-novoletni-okraski","8":"pa_material-steklo","9":"pa_visina-3811","11":"first","12":"outofstock","13":"taxable","14":"shipping-taxable","15":"purchasable","16":"product-type-simple"},"_links":{"self":[{"href":"https:\/\/www.miravila.com\/sl\/wp-json\/wp\/v2\/product\/26443","targetHints":{"allow":["GET"]}}],"collection":[{"href":"https:\/\/www.miravila.com\/sl\/wp-json\/wp\/v2\/product"}],"about":[{"href":"https:\/\/www.miravila.com\/sl\/wp-json\/wp\/v2\/types\/product"}],"replies":[{"embeddable":true,"href":"https:\/\/www.miravila.com\/sl\/wp-json\/wp\/v2\/comments?post=26443"}],"wp:featuredmedia":[{"embeddable":true,"href":"https:\/\/www.miravila.com\/sl\/wp-json\/wp\/v2\/media\/24796"}],"wp:attachment":[{"href":"https:\/\/www.miravila.com\/sl\/wp-json\/wp\/v2\/media?parent=26443"}],"wp:term":[{"taxonomy":"product_brand","embeddable":true,"href":"https:\/\/www.miravila.com\/sl\/wp-json\/wp\/v2\/product_brand?post=26443"},{"taxonomy":"product_cat","embeddable":true,"href":"https:\/\/www.miravila.com\/sl\/wp-json\/wp\/v2\/product_cat?post=26443"},{"taxonomy":"product_tag","embeddable":true,"href":"https:\/\/www.miravila.com\/sl\/wp-json\/wp\/v2\/product_tag?post=26443"}],"curies":[{"name":"wp","href":"https:\/\/api.w.org\/{rel}","templated":true}]}}