{"id":26442,"date":"2023-10-23T19:16:42","date_gmt":"2023-10-23T17:16:42","guid":{"rendered":"https:\/\/www.miravila.com\/product\/obesek-steklo-dedek-mraz-h-13-cm\/"},"modified":"2023-10-23T19:16:44","modified_gmt":"2023-10-23T17:16:44","slug":"obesek-steklo-dedek-mraz-h-13-cm","status":"publish","type":"product","link":"https:\/\/www.miravila.com\/sl\/izdelek\/obesek-steklo-dedek-mraz-h-13-cm\/","title":{"rendered":"Obesek Steklo Dedek Mraz H-13 Cm"},"content":{"rendered":"<p>Novoletni okrasek detajlno izdelane Bo\u017ei\u010dkove glave z brado.<\/p>\n<hr>\n<p><\/p>\n<h5>Material:<\/h5>\n<p> steklo<br \/>\n<\/p>\n<h5>Dimenzija:<\/h5>\n<p> 13cm<\/p>\n","protected":false},"excerpt":{"rendered":"<p>Ta \u010dudovit obesek iz stekla prikazuje Dedka Mraza in je visok 13 cm. Popoln dodatek za va\u0161o bo\u017ei\u010dno jelko.<\/p>\n","protected":false},"featured_media":24886,"comment_status":"closed","ping_status":"open","template":"","meta":[],"product_brand":[],"product_cat":[2084,3591],"product_tag":[],"class_list":{"0":"post-26442","1":"product","2":"type-product","3":"status-publish","4":"has-post-thumbnail","6":"product_cat-bozic-sl","7":"product_cat-novoletni-okraski","8":"pa_material-steklo","9":"pa_visina-13-sl","11":"first","12":"instock","13":"taxable","14":"shipping-taxable","15":"purchasable","16":"product-type-simple"},"_links":{"self":[{"href":"https:\/\/www.miravila.com\/sl\/wp-json\/wp\/v2\/product\/26442","targetHints":{"allow":["GET"]}}],"collection":[{"href":"https:\/\/www.miravila.com\/sl\/wp-json\/wp\/v2\/product"}],"about":[{"href":"https:\/\/www.miravila.com\/sl\/wp-json\/wp\/v2\/types\/product"}],"replies":[{"embeddable":true,"href":"https:\/\/www.miravila.com\/sl\/wp-json\/wp\/v2\/comments?post=26442"}],"wp:featuredmedia":[{"embeddable":true,"href":"https:\/\/www.miravila.com\/sl\/wp-json\/wp\/v2\/media\/24886"}],"wp:attachment":[{"href":"https:\/\/www.miravila.com\/sl\/wp-json\/wp\/v2\/media?parent=26442"}],"wp:term":[{"taxonomy":"product_brand","embeddable":true,"href":"https:\/\/www.miravila.com\/sl\/wp-json\/wp\/v2\/product_brand?post=26442"},{"taxonomy":"product_cat","embeddable":true,"href":"https:\/\/www.miravila.com\/sl\/wp-json\/wp\/v2\/product_cat?post=26442"},{"taxonomy":"product_tag","embeddable":true,"href":"https:\/\/www.miravila.com\/sl\/wp-json\/wp\/v2\/product_tag?post=26442"}],"curies":[{"name":"wp","href":"https:\/\/api.w.org\/{rel}","templated":true}]}}