{"id":26440,"date":"2023-10-23T19:16:42","date_gmt":"2023-10-23T17:16:42","guid":{"rendered":"https:\/\/www.miravila.com\/product\/obesek-cebelica-perline-d-8-cm-zlato-bela\/"},"modified":"2023-10-23T19:16:43","modified_gmt":"2023-10-23T17:16:43","slug":"obesek-cebelica-perline-d-8-cm-zlato-bela","status":"publish","type":"product","link":"https:\/\/www.miravila.com\/sl\/izdelek\/obesek-cebelica-perline-d-8-cm-zlato-bela\/","title":{"rendered":"Obesek \u010cebelica Perline D-8 Cm Zlato-Bela"},"content":{"rendered":"<p>Novoletni okrasek<\/p>\n<hr>\n<p><\/p>\n<h5>Material:<\/h5>\n<p><\/p>\n<h5>Dimenzija:<\/h5>\n<p> 8cm<\/p>\n","protected":false},"excerpt":{"rendered":"<p>Obesek \u010cebelica Perline je \u010dudovit bo\u017ei\u010dni okrasek, ki bo zagotovo pritegnil pozornost na va\u0161i novoletni jelki. Izdelan je iz perlic v zlati in beli barvi ter ima premer 8 cm. Ta obesek bo dodal pridih elegance in prazni\u010dnega vzdu\u0161ja v va\u0161 dom.<\/p>\n","protected":false},"featured_media":25840,"comment_status":"closed","ping_status":"open","template":"","meta":[],"product_brand":[],"product_cat":[2084,3591],"product_tag":[],"class_list":{"0":"post-26440","1":"product","2":"type-product","3":"status-publish","4":"has-post-thumbnail","6":"product_cat-bozic-sl","7":"product_cat-novoletni-okraski","8":"pa_visina-3816","10":"first","11":"outofstock","12":"taxable","13":"shipping-taxable","14":"purchasable","15":"product-type-simple"},"_links":{"self":[{"href":"https:\/\/www.miravila.com\/sl\/wp-json\/wp\/v2\/product\/26440","targetHints":{"allow":["GET"]}}],"collection":[{"href":"https:\/\/www.miravila.com\/sl\/wp-json\/wp\/v2\/product"}],"about":[{"href":"https:\/\/www.miravila.com\/sl\/wp-json\/wp\/v2\/types\/product"}],"replies":[{"embeddable":true,"href":"https:\/\/www.miravila.com\/sl\/wp-json\/wp\/v2\/comments?post=26440"}],"wp:featuredmedia":[{"embeddable":true,"href":"https:\/\/www.miravila.com\/sl\/wp-json\/wp\/v2\/media\/25840"}],"wp:attachment":[{"href":"https:\/\/www.miravila.com\/sl\/wp-json\/wp\/v2\/media?parent=26440"}],"wp:term":[{"taxonomy":"product_brand","embeddable":true,"href":"https:\/\/www.miravila.com\/sl\/wp-json\/wp\/v2\/product_brand?post=26440"},{"taxonomy":"product_cat","embeddable":true,"href":"https:\/\/www.miravila.com\/sl\/wp-json\/wp\/v2\/product_cat?post=26440"},{"taxonomy":"product_tag","embeddable":true,"href":"https:\/\/www.miravila.com\/sl\/wp-json\/wp\/v2\/product_tag?post=26440"}],"curies":[{"name":"wp","href":"https:\/\/api.w.org\/{rel}","templated":true}]}}