{"id":26435,"date":"2023-10-23T19:16:32","date_gmt":"2023-10-23T17:16:32","guid":{"rendered":"https:\/\/www.miravila.com\/product\/dekor-jajce-steklo-conten-h-13-d-8-cm-zlato\/"},"modified":"2023-10-23T19:16:40","modified_gmt":"2023-10-23T17:16:40","slug":"dekor-jajce-steklo-conten-h-13-d-8-cm-zlato","status":"publish","type":"product","link":"https:\/\/www.miravila.com\/sl\/izdelek\/dekor-jajce-steklo-conten-h-13-d-8-cm-zlato\/","title":{"rendered":"DEKOR JAJCE STEKLO CONTEN. H-13, D-8 CM ZLATO"},"content":{"rendered":"<p>Novoletni okrasek<\/p>\n<hr>\n<p><\/p>\n<h5>Material:<\/h5>\n<p><\/p>\n<h5>Dimenzija:<\/h5>\n<p> 8cm<\/p>\n","protected":false},"excerpt":{"rendered":"<p>Dekorativno jajce iz stekla s prevleko v zlati barvi. Dimenzije: vi\u0161ina 13 cm, premer 8 cm. Popoln izdelek za bo\u017ei\u010dno okrasitev.<\/p>\n","protected":false},"featured_media":25568,"comment_status":"closed","ping_status":"open","template":"","meta":[],"product_brand":[],"product_cat":[2084,3591],"product_tag":[],"class_list":{"0":"post-26435","1":"product","2":"type-product","3":"status-publish","4":"has-post-thumbnail","6":"product_cat-bozic-sl","7":"product_cat-novoletni-okraski","8":"pa_barva-zlata","9":"pa_material-steklo","10":"pa_visina-13-sl","12":"first","13":"outofstock","14":"taxable","15":"shipping-taxable","16":"purchasable","17":"product-type-simple"},"_links":{"self":[{"href":"https:\/\/www.miravila.com\/sl\/wp-json\/wp\/v2\/product\/26435","targetHints":{"allow":["GET"]}}],"collection":[{"href":"https:\/\/www.miravila.com\/sl\/wp-json\/wp\/v2\/product"}],"about":[{"href":"https:\/\/www.miravila.com\/sl\/wp-json\/wp\/v2\/types\/product"}],"replies":[{"embeddable":true,"href":"https:\/\/www.miravila.com\/sl\/wp-json\/wp\/v2\/comments?post=26435"}],"wp:featuredmedia":[{"embeddable":true,"href":"https:\/\/www.miravila.com\/sl\/wp-json\/wp\/v2\/media\/25568"}],"wp:attachment":[{"href":"https:\/\/www.miravila.com\/sl\/wp-json\/wp\/v2\/media?parent=26435"}],"wp:term":[{"taxonomy":"product_brand","embeddable":true,"href":"https:\/\/www.miravila.com\/sl\/wp-json\/wp\/v2\/product_brand?post=26435"},{"taxonomy":"product_cat","embeddable":true,"href":"https:\/\/www.miravila.com\/sl\/wp-json\/wp\/v2\/product_cat?post=26435"},{"taxonomy":"product_tag","embeddable":true,"href":"https:\/\/www.miravila.com\/sl\/wp-json\/wp\/v2\/product_tag?post=26435"}],"curies":[{"name":"wp","href":"https:\/\/api.w.org\/{rel}","templated":true}]}}