{"id":26429,"date":"2023-10-23T19:16:32","date_gmt":"2023-10-23T17:16:32","guid":{"rendered":"https:\/\/www.miravila.com\/product\/krogla-steklo-gioiello-righe-d-10-cm-x-1-skatla\/"},"modified":"2023-10-23T19:16:37","modified_gmt":"2023-10-23T17:16:37","slug":"krogla-steklo-gioiello-righe-d-10-cm-x-1-skatla","status":"publish","type":"product","link":"https:\/\/www.miravila.com\/sl\/izdelek\/krogla-steklo-gioiello-righe-d-10-cm-x-1-skatla\/","title":{"rendered":"Krogla Steklo Gioiello Righe D-10 Cm X 1 \u0160katla"},"content":{"rendered":"<p>Novoletni okrasek, bakreno-zlate barve s kristalnim ornamentom, v \u0161katli, 6 kosov.<\/p>\n<hr>\n<p><\/p>\n<h5>Material:<\/h5>\n<p> steklo<br \/>\n<\/p>\n<h5>Dimenzija:<\/h5>\n<p> 10cm<\/p>\n","protected":false},"excerpt":{"rendered":"<p>Ta bo\u017ei\u010dna krogla iz stekla Gioiello Righe, premera 10 cm, je popolna za okrasitev va\u0161ega bo\u017ei\u010dnega drevesa. V eni \u0161katli prejmete eno kroglo, ki bo zagotovila sijaj in eleganco va\u0161emu prazni\u010dnemu dekorju.<\/p>\n","protected":false},"featured_media":24382,"comment_status":"closed","ping_status":"open","template":"","meta":[],"product_brand":[],"product_cat":[2084,3591],"product_tag":[],"class_list":{"0":"post-26429","1":"product","2":"type-product","3":"status-publish","4":"has-post-thumbnail","6":"product_cat-bozic-sl","7":"product_cat-novoletni-okraski","8":"pa_barva-baker","9":"pa_barva-zlata","10":"pa_material-steklo","11":"pa_visina-3809","13":"first","14":"outofstock","15":"taxable","16":"shipping-taxable","17":"purchasable","18":"product-type-simple"},"_links":{"self":[{"href":"https:\/\/www.miravila.com\/sl\/wp-json\/wp\/v2\/product\/26429","targetHints":{"allow":["GET"]}}],"collection":[{"href":"https:\/\/www.miravila.com\/sl\/wp-json\/wp\/v2\/product"}],"about":[{"href":"https:\/\/www.miravila.com\/sl\/wp-json\/wp\/v2\/types\/product"}],"replies":[{"embeddable":true,"href":"https:\/\/www.miravila.com\/sl\/wp-json\/wp\/v2\/comments?post=26429"}],"wp:featuredmedia":[{"embeddable":true,"href":"https:\/\/www.miravila.com\/sl\/wp-json\/wp\/v2\/media\/24382"}],"wp:attachment":[{"href":"https:\/\/www.miravila.com\/sl\/wp-json\/wp\/v2\/media?parent=26429"}],"wp:term":[{"taxonomy":"product_brand","embeddable":true,"href":"https:\/\/www.miravila.com\/sl\/wp-json\/wp\/v2\/product_brand?post=26429"},{"taxonomy":"product_cat","embeddable":true,"href":"https:\/\/www.miravila.com\/sl\/wp-json\/wp\/v2\/product_cat?post=26429"},{"taxonomy":"product_tag","embeddable":true,"href":"https:\/\/www.miravila.com\/sl\/wp-json\/wp\/v2\/product_tag?post=26429"}],"curies":[{"name":"wp","href":"https:\/\/api.w.org\/{rel}","templated":true}]}}