{"id":26425,"date":"2023-10-23T19:16:32","date_gmt":"2023-10-23T17:16:32","guid":{"rendered":"https:\/\/www.miravila.com\/product\/krogla-fuso-steklo-prozorna-zlat-papir-h-14-cm\/"},"modified":"2023-10-23T19:16:35","modified_gmt":"2023-10-23T17:16:35","slug":"krogla-fuso-steklo-prozorna-zlat-papir-h-14-cm","status":"publish","type":"product","link":"https:\/\/www.miravila.com\/sl\/izdelek\/krogla-fuso-steklo-prozorna-zlat-papir-h-14-cm\/","title":{"rendered":"Krogla-Fuso Steklo Prozorna-Zlat Papir H-14 Cm"},"content":{"rendered":"<p>Novoletni okrasek prozoren z zlatim papirjem.<\/p>\n<hr>\n<p><\/p>\n<h5>Material:<\/h5>\n<p> steklo<br \/>\n<\/p>\n<h5>Dimenzija:<\/h5>\n<p> 14cm<\/p>\n","protected":false},"excerpt":{"rendered":"<p>Krogla-Fuso je \u010dudovit bo\u017ei\u010dni okras, izdelan iz prozornega stekla in okra\u0161en z zlatim papirjem. S svojo vi\u0161ino 14 cm bo zagotovo pritegnil poglede in dodal prazni\u010dno vzdu\u0161je va\u0161emu domu.<\/p>\n","protected":false},"featured_media":24916,"comment_status":"closed","ping_status":"open","template":"","meta":[],"product_brand":[],"product_cat":[2084,3591],"product_tag":[],"class_list":{"0":"post-26425","1":"product","2":"type-product","3":"status-publish","4":"has-post-thumbnail","6":"product_cat-bozic-sl","7":"product_cat-novoletni-okraski","8":"pa_barva-transparentna","9":"pa_barva-zlata","10":"pa_material-steklo","11":"pa_visina-3813","13":"first","14":"outofstock","15":"taxable","16":"shipping-taxable","17":"purchasable","18":"product-type-simple"},"_links":{"self":[{"href":"https:\/\/www.miravila.com\/sl\/wp-json\/wp\/v2\/product\/26425","targetHints":{"allow":["GET"]}}],"collection":[{"href":"https:\/\/www.miravila.com\/sl\/wp-json\/wp\/v2\/product"}],"about":[{"href":"https:\/\/www.miravila.com\/sl\/wp-json\/wp\/v2\/types\/product"}],"replies":[{"embeddable":true,"href":"https:\/\/www.miravila.com\/sl\/wp-json\/wp\/v2\/comments?post=26425"}],"wp:featuredmedia":[{"embeddable":true,"href":"https:\/\/www.miravila.com\/sl\/wp-json\/wp\/v2\/media\/24916"}],"wp:attachment":[{"href":"https:\/\/www.miravila.com\/sl\/wp-json\/wp\/v2\/media?parent=26425"}],"wp:term":[{"taxonomy":"product_brand","embeddable":true,"href":"https:\/\/www.miravila.com\/sl\/wp-json\/wp\/v2\/product_brand?post=26425"},{"taxonomy":"product_cat","embeddable":true,"href":"https:\/\/www.miravila.com\/sl\/wp-json\/wp\/v2\/product_cat?post=26425"},{"taxonomy":"product_tag","embeddable":true,"href":"https:\/\/www.miravila.com\/sl\/wp-json\/wp\/v2\/product_tag?post=26425"}],"curies":[{"name":"wp","href":"https:\/\/api.w.org\/{rel}","templated":true}]}}