{"id":26420,"date":"2023-10-23T19:16:32","date_gmt":"2023-10-23T17:16:32","guid":{"rendered":"https:\/\/www.miravila.com\/product\/krogla-steklo-etna-oval-14-cm-x-1\/"},"modified":"2023-10-23T19:16:33","modified_gmt":"2023-10-23T17:16:33","slug":"krogla-steklo-etna-oval-14-cm-x-1","status":"publish","type":"product","link":"https:\/\/www.miravila.com\/sl\/izdelek\/krogla-steklo-etna-oval-14-cm-x-1\/","title":{"rendered":"Krogla Steklo Etna Oval 14 Cm X 1"},"content":{"rendered":"<p>Novoletni okrasek zlat podolgovat v obliki \u0161pice.<\/p>\n<hr>\n<p><\/p>\n<h5>Material:<\/h5>\n<p> steklo<br \/>\n<\/p>\n<h5>Dimenzija:<\/h5>\n<p> 14cm<\/p>\n","protected":false},"excerpt":{"rendered":"<p>Ekskluzivna bo\u017ei\u010dna dekoracija: ovalna steklena krogla Etna, velikosti 14 cm x 1. Popoln dodatek za prazni\u010dno vzdu\u0161je v va\u0161em domu!<\/p>\n","protected":false},"featured_media":24910,"comment_status":"closed","ping_status":"open","template":"","meta":[],"product_brand":[],"product_cat":[2084,3591],"product_tag":[],"class_list":{"0":"post-26420","1":"product","2":"type-product","3":"status-publish","4":"has-post-thumbnail","6":"product_cat-bozic-sl","7":"product_cat-novoletni-okraski","8":"pa_barva-zlata","9":"pa_material-steklo","10":"pa_visina-3813","12":"first","13":"outofstock","14":"taxable","15":"shipping-taxable","16":"purchasable","17":"product-type-simple"},"_links":{"self":[{"href":"https:\/\/www.miravila.com\/sl\/wp-json\/wp\/v2\/product\/26420","targetHints":{"allow":["GET"]}}],"collection":[{"href":"https:\/\/www.miravila.com\/sl\/wp-json\/wp\/v2\/product"}],"about":[{"href":"https:\/\/www.miravila.com\/sl\/wp-json\/wp\/v2\/types\/product"}],"replies":[{"embeddable":true,"href":"https:\/\/www.miravila.com\/sl\/wp-json\/wp\/v2\/comments?post=26420"}],"wp:featuredmedia":[{"embeddable":true,"href":"https:\/\/www.miravila.com\/sl\/wp-json\/wp\/v2\/media\/24910"}],"wp:attachment":[{"href":"https:\/\/www.miravila.com\/sl\/wp-json\/wp\/v2\/media?parent=26420"}],"wp:term":[{"taxonomy":"product_brand","embeddable":true,"href":"https:\/\/www.miravila.com\/sl\/wp-json\/wp\/v2\/product_brand?post=26420"},{"taxonomy":"product_cat","embeddable":true,"href":"https:\/\/www.miravila.com\/sl\/wp-json\/wp\/v2\/product_cat?post=26420"},{"taxonomy":"product_tag","embeddable":true,"href":"https:\/\/www.miravila.com\/sl\/wp-json\/wp\/v2\/product_tag?post=26420"}],"curies":[{"name":"wp","href":"https:\/\/api.w.org\/{rel}","templated":true}]}}