{"id":26417,"date":"2023-10-23T19:16:32","date_gmt":"2023-10-23T17:16:32","guid":{"rendered":"https:\/\/www.miravila.com\/product\/krogla-steklo-oval-14-cm-x-1-rjava\/"},"modified":"2023-10-23T19:16:32","modified_gmt":"2023-10-23T17:16:32","slug":"krogla-steklo-oval-14-cm-x-1-rjava","status":"publish","type":"product","link":"https:\/\/www.miravila.com\/sl\/izdelek\/krogla-steklo-oval-14-cm-x-1-rjava\/","title":{"rendered":"Krogla Steklo Oval 14 Cm X 1 Rjava"},"content":{"rendered":"<p>Novoletni okrasek v rjavo-zlatem videzu s cvetnim detajlom.<\/p>\n<hr>\n<p><\/p>\n<h5>Material:<\/h5>\n<p> steklo<br \/>\n<\/p>\n<h5>Dimenzija:<\/h5>\n<p> 14cm<\/p>\n","protected":false},"excerpt":{"rendered":"<p>Ta bo\u017ei\u010dni izdelek je \u010dudovita ovalna steklena krogla s premerom 14 cm in rjavo barvo. Popolna dekoracija za va\u0161e bo\u017ei\u010dno drevo!<\/p>\n","protected":false},"featured_media":24892,"comment_status":"closed","ping_status":"open","template":"","meta":[],"product_brand":[],"product_cat":[2084,3591],"product_tag":[],"class_list":{"0":"post-26417","1":"product","2":"type-product","3":"status-publish","4":"has-post-thumbnail","6":"product_cat-bozic-sl","7":"product_cat-novoletni-okraski","8":"pa_barva-rjava","9":"pa_material-steklo","10":"pa_visina-3813","12":"first","13":"outofstock","14":"taxable","15":"shipping-taxable","16":"purchasable","17":"product-type-simple"},"_links":{"self":[{"href":"https:\/\/www.miravila.com\/sl\/wp-json\/wp\/v2\/product\/26417","targetHints":{"allow":["GET"]}}],"collection":[{"href":"https:\/\/www.miravila.com\/sl\/wp-json\/wp\/v2\/product"}],"about":[{"href":"https:\/\/www.miravila.com\/sl\/wp-json\/wp\/v2\/types\/product"}],"replies":[{"embeddable":true,"href":"https:\/\/www.miravila.com\/sl\/wp-json\/wp\/v2\/comments?post=26417"}],"wp:featuredmedia":[{"embeddable":true,"href":"https:\/\/www.miravila.com\/sl\/wp-json\/wp\/v2\/media\/24892"}],"wp:attachment":[{"href":"https:\/\/www.miravila.com\/sl\/wp-json\/wp\/v2\/media?parent=26417"}],"wp:term":[{"taxonomy":"product_brand","embeddable":true,"href":"https:\/\/www.miravila.com\/sl\/wp-json\/wp\/v2\/product_brand?post=26417"},{"taxonomy":"product_cat","embeddable":true,"href":"https:\/\/www.miravila.com\/sl\/wp-json\/wp\/v2\/product_cat?post=26417"},{"taxonomy":"product_tag","embeddable":true,"href":"https:\/\/www.miravila.com\/sl\/wp-json\/wp\/v2\/product_tag?post=26417"}],"curies":[{"name":"wp","href":"https:\/\/api.w.org\/{rel}","templated":true}]}}