{"id":26416,"date":"2023-10-23T19:16:21","date_gmt":"2023-10-23T17:16:21","guid":{"rendered":"https:\/\/www.miravila.com\/product\/krogla-steklo-d-10-cm-x-1-zlata-barok\/"},"modified":"2023-10-23T19:16:30","modified_gmt":"2023-10-23T17:16:30","slug":"krogla-steklo-d-10-cm-x-1-zlata-barok","status":"publish","type":"product","link":"https:\/\/www.miravila.com\/sl\/izdelek\/krogla-steklo-d-10-cm-x-1-zlata-barok\/","title":{"rendered":"Krogla Steklo D-10 Cm X 1 Zlata Barok"},"content":{"rendered":"<p>Novoletni okrasek v barvi starega zlata s srebrno sne\u017einko.<\/p>\n<hr>\n<p><\/p>\n<h5>Material:<\/h5>\n<p> steklo<br \/>\n<\/p>\n<h5>Dimenzija:<\/h5>\n<p> 10cm<\/p>\n","protected":false},"excerpt":{"rendered":"<p>Ta bo\u017ei\u010dna krogla je izdelana iz stekla in ima premer 10 cm. Njena zlata barokna oblika bo zagotovo pritegnila pozornost na va\u0161em bo\u017ei\u010dnem drevesu.<\/p>\n","protected":false},"featured_media":24718,"comment_status":"closed","ping_status":"open","template":"","meta":[],"product_brand":[],"product_cat":[2084,3591],"product_tag":[],"class_list":{"0":"post-26416","1":"product","2":"type-product","3":"status-publish","4":"has-post-thumbnail","6":"product_cat-bozic-sl","7":"product_cat-novoletni-okraski","8":"pa_barva-srebrna","9":"pa_barva-zlata","10":"pa_material-steklo","11":"pa_visina-3809","13":"first","14":"outofstock","15":"taxable","16":"shipping-taxable","17":"purchasable","18":"product-type-simple"},"_links":{"self":[{"href":"https:\/\/www.miravila.com\/sl\/wp-json\/wp\/v2\/product\/26416","targetHints":{"allow":["GET"]}}],"collection":[{"href":"https:\/\/www.miravila.com\/sl\/wp-json\/wp\/v2\/product"}],"about":[{"href":"https:\/\/www.miravila.com\/sl\/wp-json\/wp\/v2\/types\/product"}],"replies":[{"embeddable":true,"href":"https:\/\/www.miravila.com\/sl\/wp-json\/wp\/v2\/comments?post=26416"}],"wp:featuredmedia":[{"embeddable":true,"href":"https:\/\/www.miravila.com\/sl\/wp-json\/wp\/v2\/media\/24718"}],"wp:attachment":[{"href":"https:\/\/www.miravila.com\/sl\/wp-json\/wp\/v2\/media?parent=26416"}],"wp:term":[{"taxonomy":"product_brand","embeddable":true,"href":"https:\/\/www.miravila.com\/sl\/wp-json\/wp\/v2\/product_brand?post=26416"},{"taxonomy":"product_cat","embeddable":true,"href":"https:\/\/www.miravila.com\/sl\/wp-json\/wp\/v2\/product_cat?post=26416"},{"taxonomy":"product_tag","embeddable":true,"href":"https:\/\/www.miravila.com\/sl\/wp-json\/wp\/v2\/product_tag?post=26416"}],"curies":[{"name":"wp","href":"https:\/\/api.w.org\/{rel}","templated":true}]}}