{"id":26412,"date":"2023-10-23T19:16:21","date_gmt":"2023-10-23T17:16:21","guid":{"rendered":"https:\/\/www.miravila.com\/product\/krogla-supergems-d-20-cm-pink\/"},"modified":"2023-10-23T19:16:28","modified_gmt":"2023-10-23T17:16:28","slug":"krogla-supergems-d-20-cm-pink","status":"publish","type":"product","link":"https:\/\/www.miravila.com\/sl\/izdelek\/krogla-supergems-d-20-cm-pink\/","title":{"rendered":"Krogla Supergems D-20 Cm Pink"},"content":{"rendered":"<p>Novoletni okrasek<\/p>\n<hr>\n<p><\/p>\n<h5>Material:<\/h5>\n<p><\/p>\n<h5>Dimenzija:<\/h5>\n<p> 20cm<\/p>\n","protected":false},"excerpt":{"rendered":"<p>Krogla Supergems D-20 cm v roza barvi je popolna bo\u017ei\u010dna dekoracija za va\u0161 dom. Sijajna povr\u0161ina in ble\u0161\u010de\u010di kamni bodo pritegnili poglede vsakogar, ki bo stopil v va\u0161o dnevno sobo. Ta krogla bo zagotovo dodala \u010darobnost in prazni\u010dno vzdu\u0161je va\u0161emu bo\u017ei\u010dnemu drevesu.<\/p>\n","protected":false},"featured_media":25628,"comment_status":"closed","ping_status":"open","template":"","meta":[],"product_brand":[],"product_cat":[2084,3591],"product_tag":[],"class_list":{"0":"post-26412","1":"product","2":"type-product","3":"status-publish","4":"has-post-thumbnail","6":"product_cat-bozic-sl","7":"product_cat-novoletni-okraski","8":"pa_visina-20-sl","10":"first","11":"outofstock","12":"taxable","13":"shipping-taxable","14":"purchasable","15":"product-type-simple"},"_links":{"self":[{"href":"https:\/\/www.miravila.com\/sl\/wp-json\/wp\/v2\/product\/26412","targetHints":{"allow":["GET"]}}],"collection":[{"href":"https:\/\/www.miravila.com\/sl\/wp-json\/wp\/v2\/product"}],"about":[{"href":"https:\/\/www.miravila.com\/sl\/wp-json\/wp\/v2\/types\/product"}],"replies":[{"embeddable":true,"href":"https:\/\/www.miravila.com\/sl\/wp-json\/wp\/v2\/comments?post=26412"}],"wp:featuredmedia":[{"embeddable":true,"href":"https:\/\/www.miravila.com\/sl\/wp-json\/wp\/v2\/media\/25628"}],"wp:attachment":[{"href":"https:\/\/www.miravila.com\/sl\/wp-json\/wp\/v2\/media?parent=26412"}],"wp:term":[{"taxonomy":"product_brand","embeddable":true,"href":"https:\/\/www.miravila.com\/sl\/wp-json\/wp\/v2\/product_brand?post=26412"},{"taxonomy":"product_cat","embeddable":true,"href":"https:\/\/www.miravila.com\/sl\/wp-json\/wp\/v2\/product_cat?post=26412"},{"taxonomy":"product_tag","embeddable":true,"href":"https:\/\/www.miravila.com\/sl\/wp-json\/wp\/v2\/product_tag?post=26412"}],"curies":[{"name":"wp","href":"https:\/\/api.w.org\/{rel}","templated":true}]}}