{"id":26409,"date":"2023-10-23T19:16:21","date_gmt":"2023-10-23T17:16:21","guid":{"rendered":"https:\/\/www.miravila.com\/product\/krogla-steklo-fiori-rami-d-10-cm-x-1\/"},"modified":"2023-10-23T19:16:27","modified_gmt":"2023-10-23T17:16:27","slug":"krogla-steklo-fiori-rami-d-10-cm-x-1","status":"publish","type":"product","link":"https:\/\/www.miravila.com\/sl\/izdelek\/krogla-steklo-fiori-rami-d-10-cm-x-1\/","title":{"rendered":"Krogla Steklo Fiori-Rami D-10 Cm X 1"},"content":{"rendered":"<p>Novoletni okrasek<\/p>\n<hr>\n<p><\/p>\n<h5>Material:<\/h5>\n<p> steklo<br \/>\n<\/p>\n<h5>Dimenzija:<\/h5>\n<p> 10cm<\/p>\n","protected":false},"excerpt":{"rendered":"<p>Krogla Steklo Fiori-Rami je \u010dudovit bo\u017ei\u010dni okras, ki bo prinesel prazni\u010dno vzdu\u0161je v va\u0161 dom. S premerom 10 cm je popolna za obe\u0161anje na bo\u017ei\u010dno drevo ali pa jo lahko postavite na mizo kot elegantno sredi\u0161\u010de. Njena edinstvena oblika in \u010dudoviti vzorci bodo zagotovo pritegnili poglede gostov. Okrasite svoj dom v prazni\u010dnem stilu s to \u010darobno kroglo Steklo Fiori-Rami!<\/p>\n","protected":false},"featured_media":25502,"comment_status":"closed","ping_status":"open","template":"","meta":[],"product_brand":[],"product_cat":[2084,3591],"product_tag":[],"class_list":{"0":"post-26409","1":"product","2":"type-product","3":"status-publish","4":"has-post-thumbnail","6":"product_cat-bozic-sl","7":"product_cat-novoletni-okraski","8":"pa_material-steklo","9":"pa_visina-3809","11":"first","12":"outofstock","13":"taxable","14":"shipping-taxable","15":"purchasable","16":"product-type-simple"},"_links":{"self":[{"href":"https:\/\/www.miravila.com\/sl\/wp-json\/wp\/v2\/product\/26409","targetHints":{"allow":["GET"]}}],"collection":[{"href":"https:\/\/www.miravila.com\/sl\/wp-json\/wp\/v2\/product"}],"about":[{"href":"https:\/\/www.miravila.com\/sl\/wp-json\/wp\/v2\/types\/product"}],"replies":[{"embeddable":true,"href":"https:\/\/www.miravila.com\/sl\/wp-json\/wp\/v2\/comments?post=26409"}],"wp:featuredmedia":[{"embeddable":true,"href":"https:\/\/www.miravila.com\/sl\/wp-json\/wp\/v2\/media\/25502"}],"wp:attachment":[{"href":"https:\/\/www.miravila.com\/sl\/wp-json\/wp\/v2\/media?parent=26409"}],"wp:term":[{"taxonomy":"product_brand","embeddable":true,"href":"https:\/\/www.miravila.com\/sl\/wp-json\/wp\/v2\/product_brand?post=26409"},{"taxonomy":"product_cat","embeddable":true,"href":"https:\/\/www.miravila.com\/sl\/wp-json\/wp\/v2\/product_cat?post=26409"},{"taxonomy":"product_tag","embeddable":true,"href":"https:\/\/www.miravila.com\/sl\/wp-json\/wp\/v2\/product_tag?post=26409"}],"curies":[{"name":"wp","href":"https:\/\/api.w.org\/{rel}","templated":true}]}}