{"id":26405,"date":"2023-10-23T19:16:21","date_gmt":"2023-10-23T17:16:21","guid":{"rendered":"https:\/\/www.miravila.com\/product\/krogla-keramika-obraz-d-7-cm-x-1\/"},"modified":"2023-10-23T19:16:25","modified_gmt":"2023-10-23T17:16:25","slug":"krogla-keramika-obraz-d-7-cm-x-1","status":"publish","type":"product","link":"https:\/\/www.miravila.com\/sl\/izdelek\/krogla-keramika-obraz-d-7-cm-x-1\/","title":{"rendered":"Krogla Keramika Obraz D-7 Cm X 1"},"content":{"rendered":"<p>Novoletni okrasek v beli barvi s poslikavo obraza.<\/p>\n<hr>\n<p><\/p>\n<h5>Material:<\/h5>\n<p> keramika<br \/>\n<\/p>\n<h5>Dimenzija:<\/h5>\n<p> 7cm<\/p>\n","protected":false},"excerpt":{"rendered":"<p>Izdelek Krogla Keramika Obraz je popolno bo\u017ei\u010dno darilo za okrasitev va\u0161ega doma. S svojim \u010dudovitim dizajnom in velikostjo 7 cm bo ta kerami\u010dna krogla zagotovo pritegnila pozornost. Dodajte prazni\u010dni \u010dar v svoj prostor s to \u010dudovito bo\u017ei\u010dno dekoracijo.<\/p>\n","protected":false},"featured_media":25406,"comment_status":"closed","ping_status":"open","template":"","meta":[],"product_brand":[],"product_cat":[2084,3591],"product_tag":[],"class_list":{"0":"post-26405","1":"product","2":"type-product","3":"status-publish","4":"has-post-thumbnail","6":"product_cat-bozic-sl","7":"product_cat-novoletni-okraski","8":"pa_barva-bela","9":"pa_material-keramika-sl","10":"pa_visina-3819","12":"first","13":"outofstock","14":"taxable","15":"shipping-taxable","16":"purchasable","17":"product-type-simple"},"_links":{"self":[{"href":"https:\/\/www.miravila.com\/sl\/wp-json\/wp\/v2\/product\/26405","targetHints":{"allow":["GET"]}}],"collection":[{"href":"https:\/\/www.miravila.com\/sl\/wp-json\/wp\/v2\/product"}],"about":[{"href":"https:\/\/www.miravila.com\/sl\/wp-json\/wp\/v2\/types\/product"}],"replies":[{"embeddable":true,"href":"https:\/\/www.miravila.com\/sl\/wp-json\/wp\/v2\/comments?post=26405"}],"wp:featuredmedia":[{"embeddable":true,"href":"https:\/\/www.miravila.com\/sl\/wp-json\/wp\/v2\/media\/25406"}],"wp:attachment":[{"href":"https:\/\/www.miravila.com\/sl\/wp-json\/wp\/v2\/media?parent=26405"}],"wp:term":[{"taxonomy":"product_brand","embeddable":true,"href":"https:\/\/www.miravila.com\/sl\/wp-json\/wp\/v2\/product_brand?post=26405"},{"taxonomy":"product_cat","embeddable":true,"href":"https:\/\/www.miravila.com\/sl\/wp-json\/wp\/v2\/product_cat?post=26405"},{"taxonomy":"product_tag","embeddable":true,"href":"https:\/\/www.miravila.com\/sl\/wp-json\/wp\/v2\/product_tag?post=26405"}],"curies":[{"name":"wp","href":"https:\/\/api.w.org\/{rel}","templated":true}]}}