{"id":26389,"date":"2023-10-23T19:16:11","date_gmt":"2023-10-23T17:16:11","guid":{"rendered":"https:\/\/www.miravila.com\/product\/kroglice-steklo-sop-x-12-20-mm-roza\/"},"modified":"2023-10-23T19:16:17","modified_gmt":"2023-10-23T17:16:17","slug":"kroglice-steklo-sop-x-12-20-mm-roza","status":"publish","type":"product","link":"https:\/\/www.miravila.com\/sl\/izdelek\/kroglice-steklo-sop-x-12-20-mm-roza\/","title":{"rendered":"Kroglice Steklo \u0160op X 12 20 Mm Roza"},"content":{"rendered":"<p>Novoletni okrasek<\/p>\n<hr>\n<p><\/p>\n<h5>Material:<\/h5>\n<p> steklo<br \/>\n<\/p>\n<h5>Dimenzija:<\/h5>\n<p> 2cm<\/p>\n","protected":false},"excerpt":{"rendered":"<p>Ta izdelek je idealen za okrasitev va\u0161e bo\u017ei\u010dne jelke. Vklju\u010duje 12 roza steklenih kroglic s premerom 20 mm. S tem \u010dudovitim \u0161opom kroglic bo va\u0161a jelka zagotovo izstopala med ostalimi.<\/p>\n","protected":false},"featured_media":25007,"comment_status":"closed","ping_status":"open","template":"","meta":[],"product_brand":[],"product_cat":[2084,3591],"product_tag":[],"class_list":{"0":"post-26389","1":"product","2":"type-product","3":"status-publish","4":"has-post-thumbnail","6":"product_cat-bozic-sl","7":"product_cat-novoletni-okraski","8":"pa_material-steklo","9":"pa_visina-3814","11":"first","12":"outofstock","13":"taxable","14":"shipping-taxable","15":"purchasable","16":"product-type-simple"},"_links":{"self":[{"href":"https:\/\/www.miravila.com\/sl\/wp-json\/wp\/v2\/product\/26389","targetHints":{"allow":["GET"]}}],"collection":[{"href":"https:\/\/www.miravila.com\/sl\/wp-json\/wp\/v2\/product"}],"about":[{"href":"https:\/\/www.miravila.com\/sl\/wp-json\/wp\/v2\/types\/product"}],"replies":[{"embeddable":true,"href":"https:\/\/www.miravila.com\/sl\/wp-json\/wp\/v2\/comments?post=26389"}],"wp:featuredmedia":[{"embeddable":true,"href":"https:\/\/www.miravila.com\/sl\/wp-json\/wp\/v2\/media\/25007"}],"wp:attachment":[{"href":"https:\/\/www.miravila.com\/sl\/wp-json\/wp\/v2\/media?parent=26389"}],"wp:term":[{"taxonomy":"product_brand","embeddable":true,"href":"https:\/\/www.miravila.com\/sl\/wp-json\/wp\/v2\/product_brand?post=26389"},{"taxonomy":"product_cat","embeddable":true,"href":"https:\/\/www.miravila.com\/sl\/wp-json\/wp\/v2\/product_cat?post=26389"},{"taxonomy":"product_tag","embeddable":true,"href":"https:\/\/www.miravila.com\/sl\/wp-json\/wp\/v2\/product_tag?post=26389"}],"curies":[{"name":"wp","href":"https:\/\/api.w.org\/{rel}","templated":true}]}}