{"id":26387,"date":"2023-10-23T19:16:11","date_gmt":"2023-10-23T17:16:11","guid":{"rendered":"https:\/\/www.miravila.com\/product\/kroglice-steklo-na-zici-25-mm-sopek-x-12-srebrne\/"},"modified":"2023-10-23T19:16:16","modified_gmt":"2023-10-23T17:16:16","slug":"kroglice-steklo-na-zici-25-mm-sopek-x-12-srebrne","status":"publish","type":"product","link":"https:\/\/www.miravila.com\/sl\/izdelek\/kroglice-steklo-na-zici-25-mm-sopek-x-12-srebrne\/","title":{"rendered":"Kroglice Steklo Na \u017dici 25 Mm\/\u0160opek X 12 Srebrne"},"content":{"rendered":"<p>Novoletni okrasek<\/p>\n<hr>\n<p><\/p>\n<h5>Material:<\/h5>\n<p> steklo<br \/>\n<\/p>\n<h5>Dimenzija:<\/h5>\n<p> 2,5cm<\/p>\n","protected":false},"excerpt":{"rendered":"<p>Izdelki za bo\u017ei\u010dno okrasitev &#8211; srebrne kroglice iz stekla na \u017eici, premera 25 mm. V kompletu prejmete 12 \u0161opkov, ki bodo va\u0161o jelko ali prostor napolnili s prazni\u010dnim sijajem.<\/p>\n","protected":false},"featured_media":24971,"comment_status":"closed","ping_status":"open","template":"","meta":[],"product_brand":[],"product_cat":[2084,3591],"product_tag":[],"class_list":{"0":"post-26387","1":"product","2":"type-product","3":"status-publish","4":"has-post-thumbnail","6":"product_cat-bozic-sl","7":"product_cat-novoletni-okraski","8":"pa_material-steklo","9":"pa_visina-25-sl","11":"first","12":"outofstock","13":"taxable","14":"shipping-taxable","15":"purchasable","16":"product-type-simple"},"_links":{"self":[{"href":"https:\/\/www.miravila.com\/sl\/wp-json\/wp\/v2\/product\/26387","targetHints":{"allow":["GET"]}}],"collection":[{"href":"https:\/\/www.miravila.com\/sl\/wp-json\/wp\/v2\/product"}],"about":[{"href":"https:\/\/www.miravila.com\/sl\/wp-json\/wp\/v2\/types\/product"}],"replies":[{"embeddable":true,"href":"https:\/\/www.miravila.com\/sl\/wp-json\/wp\/v2\/comments?post=26387"}],"wp:featuredmedia":[{"embeddable":true,"href":"https:\/\/www.miravila.com\/sl\/wp-json\/wp\/v2\/media\/24971"}],"wp:attachment":[{"href":"https:\/\/www.miravila.com\/sl\/wp-json\/wp\/v2\/media?parent=26387"}],"wp:term":[{"taxonomy":"product_brand","embeddable":true,"href":"https:\/\/www.miravila.com\/sl\/wp-json\/wp\/v2\/product_brand?post=26387"},{"taxonomy":"product_cat","embeddable":true,"href":"https:\/\/www.miravila.com\/sl\/wp-json\/wp\/v2\/product_cat?post=26387"},{"taxonomy":"product_tag","embeddable":true,"href":"https:\/\/www.miravila.com\/sl\/wp-json\/wp\/v2\/product_tag?post=26387"}],"curies":[{"name":"wp","href":"https:\/\/api.w.org\/{rel}","templated":true}]}}