{"id":26386,"date":"2023-10-23T19:16:11","date_gmt":"2023-10-23T17:16:11","guid":{"rendered":"https:\/\/www.miravila.com\/product\/kroglice-steklo-sop-12-25-mm-pearl\/"},"modified":"2023-10-23T19:16:16","modified_gmt":"2023-10-23T17:16:16","slug":"kroglice-steklo-sop-12-25-mm-pearl","status":"publish","type":"product","link":"https:\/\/www.miravila.com\/sl\/izdelek\/kroglice-steklo-sop-12-25-mm-pearl\/","title":{"rendered":"Kroglice Steklo \u0160op 12\/ 25 Mm Pearl"},"content":{"rendered":"<hr>\n<p><\/p>\n<h5>Material:<\/h5>\n<p> steklo<br \/>\n<\/p>\n<h5>Dimenzija:<\/h5>\n<p> 2,5cm<\/p>\n","protected":false},"excerpt":{"rendered":"<p>Kroglice Steklo \u0160op 12\/25 mm Pearl so popolne za okrasitev va\u0161ega bo\u017ei\u010dnega drevesa. Izdelane iz visokokakovostnega stekla, te \u010dudovite kroglice bodo dodale pridih elegance in sijaja va\u0161emu domu. Z njihovim biserastim sijajem bodo zagotovo pritegnile poglede in ustvarile prazni\u010dno vzdu\u0161je. S paketom 12 kroglic v razli\u010dnih barvah in velikostih, boste lahko ustvarili \u010dudovito okra\u0161eno drevo, ki bo navdu\u0161ilo vse obiskovalce.<\/p>\n","protected":false},"featured_media":25622,"comment_status":"closed","ping_status":"open","template":"","meta":[],"product_brand":[],"product_cat":[2084,3591],"product_tag":[],"class_list":{"0":"post-26386","1":"product","2":"type-product","3":"status-publish","4":"has-post-thumbnail","6":"product_cat-bozic-sl","7":"product_cat-novoletni-okraski","8":"pa_material-steklo","9":"pa_visina-25-sl","11":"first","12":"outofstock","13":"taxable","14":"shipping-taxable","15":"purchasable","16":"product-type-simple"},"_links":{"self":[{"href":"https:\/\/www.miravila.com\/sl\/wp-json\/wp\/v2\/product\/26386","targetHints":{"allow":["GET"]}}],"collection":[{"href":"https:\/\/www.miravila.com\/sl\/wp-json\/wp\/v2\/product"}],"about":[{"href":"https:\/\/www.miravila.com\/sl\/wp-json\/wp\/v2\/types\/product"}],"replies":[{"embeddable":true,"href":"https:\/\/www.miravila.com\/sl\/wp-json\/wp\/v2\/comments?post=26386"}],"wp:featuredmedia":[{"embeddable":true,"href":"https:\/\/www.miravila.com\/sl\/wp-json\/wp\/v2\/media\/25622"}],"wp:attachment":[{"href":"https:\/\/www.miravila.com\/sl\/wp-json\/wp\/v2\/media?parent=26386"}],"wp:term":[{"taxonomy":"product_brand","embeddable":true,"href":"https:\/\/www.miravila.com\/sl\/wp-json\/wp\/v2\/product_brand?post=26386"},{"taxonomy":"product_cat","embeddable":true,"href":"https:\/\/www.miravila.com\/sl\/wp-json\/wp\/v2\/product_cat?post=26386"},{"taxonomy":"product_tag","embeddable":true,"href":"https:\/\/www.miravila.com\/sl\/wp-json\/wp\/v2\/product_tag?post=26386"}],"curies":[{"name":"wp","href":"https:\/\/api.w.org\/{rel}","templated":true}]}}