{"id":26379,"date":"2023-10-23T19:16:11","date_gmt":"2023-10-23T17:16:11","guid":{"rendered":"https:\/\/www.miravila.com\/product\/krogla-steklo-roza-d-6-cm-set-6-mix-matshiny\/"},"modified":"2023-10-23T19:16:13","modified_gmt":"2023-10-23T17:16:13","slug":"krogla-steklo-roza-d-6-cm-set-6-mix-matshiny","status":"publish","type":"product","link":"https:\/\/www.miravila.com\/sl\/izdelek\/krogla-steklo-roza-d-6-cm-set-6-mix-matshiny\/","title":{"rendered":"Krogla Steklo Roza D-6 Cm\/Set 6 Mix Mat,Shiny"},"content":{"rendered":"<p>Novoletni okrasek<\/p>\n<hr>\n<p><\/p>\n<h5>Material:<\/h5>\n<p> steklo<br \/>\n<\/p>\n<h5>Dimenzija:<\/h5>\n<p> 6cm<\/p>\n","protected":false},"excerpt":{"rendered":"<p>Ta \u010dudovit set \u0161estih me\u0161anih matiranih in sijo\u010dih ro\u017enatih steklenih kroglic premera 6 cm bo popoln dodatek za va\u0161e bo\u017ei\u010dno drevo.<\/p>\n","protected":false},"featured_media":25055,"comment_status":"closed","ping_status":"open","template":"","meta":[],"product_brand":[],"product_cat":[2084,3591],"product_tag":[],"class_list":{"0":"post-26379","1":"product","2":"type-product","3":"status-publish","4":"has-post-thumbnail","6":"product_cat-bozic-sl","7":"product_cat-novoletni-okraski","8":"pa_material-steklo","9":"pa_visina-3815","11":"first","12":"outofstock","13":"taxable","14":"shipping-taxable","15":"purchasable","16":"product-type-simple"},"_links":{"self":[{"href":"https:\/\/www.miravila.com\/sl\/wp-json\/wp\/v2\/product\/26379","targetHints":{"allow":["GET"]}}],"collection":[{"href":"https:\/\/www.miravila.com\/sl\/wp-json\/wp\/v2\/product"}],"about":[{"href":"https:\/\/www.miravila.com\/sl\/wp-json\/wp\/v2\/types\/product"}],"replies":[{"embeddable":true,"href":"https:\/\/www.miravila.com\/sl\/wp-json\/wp\/v2\/comments?post=26379"}],"wp:featuredmedia":[{"embeddable":true,"href":"https:\/\/www.miravila.com\/sl\/wp-json\/wp\/v2\/media\/25055"}],"wp:attachment":[{"href":"https:\/\/www.miravila.com\/sl\/wp-json\/wp\/v2\/media?parent=26379"}],"wp:term":[{"taxonomy":"product_brand","embeddable":true,"href":"https:\/\/www.miravila.com\/sl\/wp-json\/wp\/v2\/product_brand?post=26379"},{"taxonomy":"product_cat","embeddable":true,"href":"https:\/\/www.miravila.com\/sl\/wp-json\/wp\/v2\/product_cat?post=26379"},{"taxonomy":"product_tag","embeddable":true,"href":"https:\/\/www.miravila.com\/sl\/wp-json\/wp\/v2\/product_tag?post=26379"}],"curies":[{"name":"wp","href":"https:\/\/api.w.org\/{rel}","templated":true}]}}