{"id":26378,"date":"2023-10-23T19:16:11","date_gmt":"2023-10-23T17:16:11","guid":{"rendered":"https:\/\/www.miravila.com\/product\/obesek-zvezda-sputnik-pvc-x-14-mala\/"},"modified":"2023-10-23T19:16:12","modified_gmt":"2023-10-23T17:16:12","slug":"obesek-zvezda-sputnik-pvc-x-14-mala","status":"publish","type":"product","link":"https:\/\/www.miravila.com\/sl\/izdelek\/obesek-zvezda-sputnik-pvc-x-14-mala\/","title":{"rendered":"Obesek Zvezda Sputnik Pvc X 14 Mala"},"content":{"rendered":"<p>Novoletni okrasek<\/p>\n<hr>\n<p><\/p>\n<h5>Material:<\/h5>\n<p> pvc<br \/>\n<\/p>\n<h5>Dimenzija:<\/h5>\n<p> 14cm<\/p>\n","protected":false},"excerpt":{"rendered":"<p>Obesek Zvezda Sputnik PVC je popoln dodatek za bo\u017ei\u010dno okrasitev. S svojim edinstvenim dizajnom in velikostjo 14 cm bo zagotovo pritegnil pozornost na va\u0161em bo\u017ei\u010dnem drevesu. Izdelan je iz trpe\u017enega PVC materiala, kar pomeni, da bo trajal ve\u010d bo\u017ei\u010dnih sezon. Pridih sodobnosti in elegance bo dodal va\u0161emu prazni\u010dnemu vzdu\u0161ju.<\/p>\n","protected":false},"featured_media":25580,"comment_status":"closed","ping_status":"open","template":"","meta":[],"product_brand":[],"product_cat":[2084,3591],"product_tag":[],"class_list":{"0":"post-26378","1":"product","2":"type-product","3":"status-publish","4":"has-post-thumbnail","6":"product_cat-bozic-sl","7":"product_cat-novoletni-okraski","8":"pa_material-pvc","9":"pa_visina-3813","11":"first","12":"instock","13":"taxable","14":"shipping-taxable","15":"purchasable","16":"product-type-simple"},"_links":{"self":[{"href":"https:\/\/www.miravila.com\/sl\/wp-json\/wp\/v2\/product\/26378","targetHints":{"allow":["GET"]}}],"collection":[{"href":"https:\/\/www.miravila.com\/sl\/wp-json\/wp\/v2\/product"}],"about":[{"href":"https:\/\/www.miravila.com\/sl\/wp-json\/wp\/v2\/types\/product"}],"replies":[{"embeddable":true,"href":"https:\/\/www.miravila.com\/sl\/wp-json\/wp\/v2\/comments?post=26378"}],"wp:featuredmedia":[{"embeddable":true,"href":"https:\/\/www.miravila.com\/sl\/wp-json\/wp\/v2\/media\/25580"}],"wp:attachment":[{"href":"https:\/\/www.miravila.com\/sl\/wp-json\/wp\/v2\/media?parent=26378"}],"wp:term":[{"taxonomy":"product_brand","embeddable":true,"href":"https:\/\/www.miravila.com\/sl\/wp-json\/wp\/v2\/product_brand?post=26378"},{"taxonomy":"product_cat","embeddable":true,"href":"https:\/\/www.miravila.com\/sl\/wp-json\/wp\/v2\/product_cat?post=26378"},{"taxonomy":"product_tag","embeddable":true,"href":"https:\/\/www.miravila.com\/sl\/wp-json\/wp\/v2\/product_tag?post=26378"}],"curies":[{"name":"wp","href":"https:\/\/api.w.org\/{rel}","templated":true}]}}