{"id":26368,"date":"2023-10-23T19:16:02","date_gmt":"2023-10-23T17:16:02","guid":{"rendered":"https:\/\/www.miravila.com\/product\/krogla-poly-glitter-pvc-d-10-cm-set-4-zlata\/"},"modified":"2023-10-23T19:16:07","modified_gmt":"2023-10-23T17:16:07","slug":"krogla-poly-glitter-pvc-d-10-cm-set-4-zlata","status":"publish","type":"product","link":"https:\/\/www.miravila.com\/sl\/izdelek\/krogla-poly-glitter-pvc-d-10-cm-set-4-zlata\/","title":{"rendered":"KROGLA POLY GLITTER PVC D-10 CM\/SET 4 ZLATA"},"content":{"rendered":"<p>Novoletni okrasek<\/p>\n<hr>\n<p><\/p>\n<h5>Material:<\/h5>\n<p><\/p>\n<h5>Dimenzija:<\/h5>\n<p> 10cm<\/p>\n","protected":false},"excerpt":{"rendered":"<p>Ta \u010dudovita bo\u017ei\u010dna krogla je narejena iz PVC materiala in ima prekrasen sijaj zaradi ble\u0161\u010dic. Velikost krogle je 10 cm in v setu prejmete 4 zlate krogle. Popolna dekoracija za va\u0161e bo\u017ei\u010dno drevo.<\/p>\n","protected":false},"featured_media":25466,"comment_status":"closed","ping_status":"open","template":"","meta":[],"product_brand":[],"product_cat":[2084,3591],"product_tag":[],"class_list":{"0":"post-26368","1":"product","2":"type-product","3":"status-publish","4":"has-post-thumbnail","6":"product_cat-bozic-sl","7":"product_cat-novoletni-okraski","8":"pa_barva-zlata","9":"pa_material-pvc","10":"pa_visina-3809","12":"first","13":"outofstock","14":"taxable","15":"shipping-taxable","16":"purchasable","17":"product-type-simple"},"_links":{"self":[{"href":"https:\/\/www.miravila.com\/sl\/wp-json\/wp\/v2\/product\/26368","targetHints":{"allow":["GET"]}}],"collection":[{"href":"https:\/\/www.miravila.com\/sl\/wp-json\/wp\/v2\/product"}],"about":[{"href":"https:\/\/www.miravila.com\/sl\/wp-json\/wp\/v2\/types\/product"}],"replies":[{"embeddable":true,"href":"https:\/\/www.miravila.com\/sl\/wp-json\/wp\/v2\/comments?post=26368"}],"wp:featuredmedia":[{"embeddable":true,"href":"https:\/\/www.miravila.com\/sl\/wp-json\/wp\/v2\/media\/25466"}],"wp:attachment":[{"href":"https:\/\/www.miravila.com\/sl\/wp-json\/wp\/v2\/media?parent=26368"}],"wp:term":[{"taxonomy":"product_brand","embeddable":true,"href":"https:\/\/www.miravila.com\/sl\/wp-json\/wp\/v2\/product_brand?post=26368"},{"taxonomy":"product_cat","embeddable":true,"href":"https:\/\/www.miravila.com\/sl\/wp-json\/wp\/v2\/product_cat?post=26368"},{"taxonomy":"product_tag","embeddable":true,"href":"https:\/\/www.miravila.com\/sl\/wp-json\/wp\/v2\/product_tag?post=26368"}],"curies":[{"name":"wp","href":"https:\/\/api.w.org\/{rel}","templated":true}]}}