{"id":26362,"date":"2023-10-23T19:16:02","date_gmt":"2023-10-23T17:16:02","guid":{"rendered":"https:\/\/www.miravila.com\/product\/vazica-kuza-h-12d8-cm-black-white\/"},"modified":"2023-10-23T19:16:04","modified_gmt":"2023-10-23T17:16:04","slug":"vazica-kuza-h-12d8-cm-black-white","status":"publish","type":"product","link":"https:\/\/www.miravila.com\/sl\/izdelek\/vazica-kuza-h-12d8-cm-black-white\/","title":{"rendered":"Vazica Ku\u017ea H-12,D8 Cm Black\/White"},"content":{"rendered":"<p>Vaza v obliki \u010drno-belega ku\u017eka z ovratnico iz perl.<\/p>\n<hr>\n<p><\/p>\n<h5>Material:<\/h5>\n<p> keramika<br \/>\n<\/p>\n<h5>Dimenzija:<\/h5>\n<p> 12cm<\/p>\n","protected":false},"excerpt":{"rendered":"<p>Vazica Ku\u017ea H-12, D8 cm je \u010dudovit bo\u017ei\u010dni izdelek v \u010drno-beli barvi. S svojo edinstveno obliko in velikostjo je popoln dodatek za va\u0161 bo\u017ei\u010dni dekor. Postavite ga na mizo, polico ali kamorkoli \u017eelite dodati pridih prazni\u010dnega vzdu\u0161ja. Ta vazica je idealna za okrasitev s sve\u010dami, cvetjem ali majhnimi bo\u017ei\u010dnimi okraski. Ne glede na to, kako jo uporabljate, bo zagotovo pritegnila pozornost in ustvarila prazni\u010dno vzdu\u0161je v va\u0161em domu.<\/p>\n","protected":false},"featured_media":25370,"comment_status":"closed","ping_status":"open","template":"","meta":[],"product_brand":[],"product_cat":[2084,3591],"product_tag":[],"class_list":{"0":"post-26362","1":"product","2":"type-product","3":"status-publish","4":"has-post-thumbnail","6":"product_cat-bozic-sl","7":"product_cat-novoletni-okraski","8":"pa_barva-bela","9":"pa_barva-crna-sl","10":"pa_material-keramika-sl","11":"pa_visina-3811","13":"first","14":"instock","15":"taxable","16":"shipping-taxable","17":"purchasable","18":"product-type-simple"},"_links":{"self":[{"href":"https:\/\/www.miravila.com\/sl\/wp-json\/wp\/v2\/product\/26362","targetHints":{"allow":["GET"]}}],"collection":[{"href":"https:\/\/www.miravila.com\/sl\/wp-json\/wp\/v2\/product"}],"about":[{"href":"https:\/\/www.miravila.com\/sl\/wp-json\/wp\/v2\/types\/product"}],"replies":[{"embeddable":true,"href":"https:\/\/www.miravila.com\/sl\/wp-json\/wp\/v2\/comments?post=26362"}],"wp:featuredmedia":[{"embeddable":true,"href":"https:\/\/www.miravila.com\/sl\/wp-json\/wp\/v2\/media\/25370"}],"wp:attachment":[{"href":"https:\/\/www.miravila.com\/sl\/wp-json\/wp\/v2\/media?parent=26362"}],"wp:term":[{"taxonomy":"product_brand","embeddable":true,"href":"https:\/\/www.miravila.com\/sl\/wp-json\/wp\/v2\/product_brand?post=26362"},{"taxonomy":"product_cat","embeddable":true,"href":"https:\/\/www.miravila.com\/sl\/wp-json\/wp\/v2\/product_cat?post=26362"},{"taxonomy":"product_tag","embeddable":true,"href":"https:\/\/www.miravila.com\/sl\/wp-json\/wp\/v2\/product_tag?post=26362"}],"curies":[{"name":"wp","href":"https:\/\/api.w.org\/{rel}","templated":true}]}}