{"id":26359,"date":"2023-10-23T19:16:02","date_gmt":"2023-10-23T17:16:02","guid":{"rendered":"https:\/\/www.miravila.com\/product\/smreka-keramika-lady-h-26x18x6-cm-black-white\/"},"modified":"2023-10-23T19:16:03","modified_gmt":"2023-10-23T17:16:03","slug":"smreka-keramika-lady-h-26x18x6-cm-black-white","status":"publish","type":"product","link":"https:\/\/www.miravila.com\/sl\/izdelek\/smreka-keramika-lady-h-26x18x6-cm-black-white\/","title":{"rendered":"Smreka Keramika Lady H-26X18X6 Cm Black\/White"},"content":{"rendered":"<p>Novoletni okrasek: kerami\u010dna smreka s poslikavo.<\/p>\n<hr>\n<p><\/p>\n<h5>Material:<\/h5>\n<p> keramika<br \/>\n<\/p>\n<h5>Dimenzija:<\/h5>\n<p> 26cm<\/p>\n","protected":false},"excerpt":{"rendered":"<p>Smreka Keramika Lady je bo\u017ei\u010dni izdelek, ki bo prinesel prazni\u010dno vzdu\u0161je v va\u0161 dom. Ta \u010dudovita kerami\u010dna figura v \u010drno-beli barvi ima dimenzije 26x18x6 cm in je odli\u010dna dekoracija za bo\u017ei\u010dno drevo ali mizo. Pripeljite prazni\u010dno veselje v svoj dom s to elegantno in izvirno bo\u017ei\u010dno dekoracijo.<\/p>\n","protected":false},"featured_media":25400,"comment_status":"closed","ping_status":"open","template":"","meta":[],"product_brand":[],"product_cat":[2084,3591],"product_tag":[],"class_list":{"0":"post-26359","1":"product","2":"type-product","3":"status-publish","4":"has-post-thumbnail","6":"product_cat-bozic-sl","7":"product_cat-novoletni-okraski","8":"pa_material-keramika-sl","9":"pa_visina-3821","11":"first","12":"instock","13":"taxable","14":"shipping-taxable","15":"purchasable","16":"product-type-simple"},"_links":{"self":[{"href":"https:\/\/www.miravila.com\/sl\/wp-json\/wp\/v2\/product\/26359","targetHints":{"allow":["GET"]}}],"collection":[{"href":"https:\/\/www.miravila.com\/sl\/wp-json\/wp\/v2\/product"}],"about":[{"href":"https:\/\/www.miravila.com\/sl\/wp-json\/wp\/v2\/types\/product"}],"replies":[{"embeddable":true,"href":"https:\/\/www.miravila.com\/sl\/wp-json\/wp\/v2\/comments?post=26359"}],"wp:featuredmedia":[{"embeddable":true,"href":"https:\/\/www.miravila.com\/sl\/wp-json\/wp\/v2\/media\/25400"}],"wp:attachment":[{"href":"https:\/\/www.miravila.com\/sl\/wp-json\/wp\/v2\/media?parent=26359"}],"wp:term":[{"taxonomy":"product_brand","embeddable":true,"href":"https:\/\/www.miravila.com\/sl\/wp-json\/wp\/v2\/product_brand?post=26359"},{"taxonomy":"product_cat","embeddable":true,"href":"https:\/\/www.miravila.com\/sl\/wp-json\/wp\/v2\/product_cat?post=26359"},{"taxonomy":"product_tag","embeddable":true,"href":"https:\/\/www.miravila.com\/sl\/wp-json\/wp\/v2\/product_tag?post=26359"}],"curies":[{"name":"wp","href":"https:\/\/api.w.org\/{rel}","templated":true}]}}