{"id":26358,"date":"2023-10-23T19:16:02","date_gmt":"2023-10-23T17:16:02","guid":{"rendered":"https:\/\/www.miravila.com\/product\/vaza-skorenj-ker-dedek-mraz-h-19x23x10-cm-rdec\/"},"modified":"2023-10-23T19:16:03","modified_gmt":"2023-10-23T17:16:03","slug":"vaza-skorenj-ker-dedek-mraz-h-19x23x10-cm-rdec","status":"publish","type":"product","link":"https:\/\/www.miravila.com\/sl\/izdelek\/vaza-skorenj-ker-dedek-mraz-h-19x23x10-cm-rdec\/","title":{"rendered":"Vaza-\u0160korenj Ker. Dedek Mraz H-19X23X10 Cm Rde\u010d"},"content":{"rendered":"<p>Novoletna vaza v obliki bo\u017ei\u010dnega \u0161kornja.<\/p>\n<hr>\n<p><\/p>\n<h5>Material:<\/h5>\n<p> keramika<br \/>\n<\/p>\n<h5>Dimenzija:<\/h5>\n<p> 23cm<\/p>\n","protected":false},"excerpt":{"rendered":"<p>Ta \u010dudovita vaza v obliki \u0161kornja je popolna bo\u017ei\u010dna dekoracija. Izdelana je iz keramike in ima motiv Dedka Mraza. Velikosti 19x23x10 cm in je rde\u010de barve. Popoln dodatek za prazni\u010dno vzdu\u0161je!<\/p>\n","protected":false},"featured_media":25394,"comment_status":"closed","ping_status":"open","template":"","meta":[],"product_brand":[],"product_cat":[2084,3591],"product_tag":[],"class_list":{"0":"post-26358","1":"product","2":"type-product","3":"status-publish","4":"has-post-thumbnail","6":"product_cat-bozic-sl","7":"product_cat-novoletni-okraski","8":"pa_barva-rdeca","9":"pa_material-keramika-sl","10":"pa_visina-23-sl","12":"first","13":"instock","14":"taxable","15":"shipping-taxable","16":"purchasable","17":"product-type-simple"},"_links":{"self":[{"href":"https:\/\/www.miravila.com\/sl\/wp-json\/wp\/v2\/product\/26358","targetHints":{"allow":["GET"]}}],"collection":[{"href":"https:\/\/www.miravila.com\/sl\/wp-json\/wp\/v2\/product"}],"about":[{"href":"https:\/\/www.miravila.com\/sl\/wp-json\/wp\/v2\/types\/product"}],"replies":[{"embeddable":true,"href":"https:\/\/www.miravila.com\/sl\/wp-json\/wp\/v2\/comments?post=26358"}],"wp:featuredmedia":[{"embeddable":true,"href":"https:\/\/www.miravila.com\/sl\/wp-json\/wp\/v2\/media\/25394"}],"wp:attachment":[{"href":"https:\/\/www.miravila.com\/sl\/wp-json\/wp\/v2\/media?parent=26358"}],"wp:term":[{"taxonomy":"product_brand","embeddable":true,"href":"https:\/\/www.miravila.com\/sl\/wp-json\/wp\/v2\/product_brand?post=26358"},{"taxonomy":"product_cat","embeddable":true,"href":"https:\/\/www.miravila.com\/sl\/wp-json\/wp\/v2\/product_cat?post=26358"},{"taxonomy":"product_tag","embeddable":true,"href":"https:\/\/www.miravila.com\/sl\/wp-json\/wp\/v2\/product_tag?post=26358"}],"curies":[{"name":"wp","href":"https:\/\/api.w.org\/{rel}","templated":true}]}}