{"id":21442,"date":"2023-05-26T11:28:51","date_gmt":"2023-05-26T09:28:51","guid":{"rendered":"https:\/\/www.miravila.com\/?post_type=product&#038;p=21442"},"modified":"2024-05-20T15:47:28","modified_gmt":"2024-05-20T13:47:28","slug":"umetni-puspan-premer-65cm-uv-zunanji","status":"publish","type":"product","link":"https:\/\/www.miravila.com\/sl\/umetni-puspan-buxus-premer-65-cm-uv-zunanji\/","title":{"rendered":"Umetni pu\u0161pan premer 65cm UV zunanji"},"content":{"rendered":"","protected":false},"excerpt":{"rendered":"<p>Umetni pu\u0161pan zunanji odporen na UV in ostale zunanje vplive. Premer pu\u0161pana 65cm. Zunanji umetni pu\u0161pan.<\/p>\n","protected":false},"featured_media":22548,"comment_status":"closed","ping_status":"closed","template":"","meta":[],"product_brand":[],"product_cat":[2923,2982,2930],"product_tag":[],"class_list":{"0":"post-21442","1":"product","2":"type-product","3":"status-publish","4":"has-post-thumbnail","6":"product_cat-umetne-rastline","7":"product_cat-umetni-puspani","8":"product_cat-zunanje-umetne-rastline","9":"pa_visina-65-sl","11":"first","12":"instock","13":"taxable","14":"shipping-taxable","15":"purchasable","16":"product-type-simple"},"_links":{"self":[{"href":"https:\/\/www.miravila.com\/sl\/wp-json\/wp\/v2\/product\/21442","targetHints":{"allow":["GET"]}}],"collection":[{"href":"https:\/\/www.miravila.com\/sl\/wp-json\/wp\/v2\/product"}],"about":[{"href":"https:\/\/www.miravila.com\/sl\/wp-json\/wp\/v2\/types\/product"}],"replies":[{"embeddable":true,"href":"https:\/\/www.miravila.com\/sl\/wp-json\/wp\/v2\/comments?post=21442"}],"wp:featuredmedia":[{"embeddable":true,"href":"https:\/\/www.miravila.com\/sl\/wp-json\/wp\/v2\/media\/22548"}],"wp:attachment":[{"href":"https:\/\/www.miravila.com\/sl\/wp-json\/wp\/v2\/media?parent=21442"}],"wp:term":[{"taxonomy":"product_brand","embeddable":true,"href":"https:\/\/www.miravila.com\/sl\/wp-json\/wp\/v2\/product_brand?post=21442"},{"taxonomy":"product_cat","embeddable":true,"href":"https:\/\/www.miravila.com\/sl\/wp-json\/wp\/v2\/product_cat?post=21442"},{"taxonomy":"product_tag","embeddable":true,"href":"https:\/\/www.miravila.com\/sl\/wp-json\/wp\/v2\/product_tag?post=21442"}],"curies":[{"name":"wp","href":"https:\/\/api.w.org\/{rel}","templated":true}]}}