{"id":16217,"date":"2020-03-26T13:20:18","date_gmt":"2022-06-14T06:26:29","guid":{"rendered":"https:\/\/www.miravila.com\/?post_type=product&#038;p=16217"},"modified":"2023-02-18T17:46:55","modified_gmt":"2023-02-18T16:46:55","slug":"korito-za-roze-balcony-high-white-glossy","status":"publish","type":"product","link":"https:\/\/www.miravila.com\/sl\/korito-za-roze-balcony-high-white-glossy\/","title":{"rendered":"Korito za ro\u017ee Balcony High White Glossy"},"content":{"rendered":"<div class=\"row\"  id=\"row-1737815609\">\n\n\t<div id=\"col-1327030728\" class=\"col medium-8 small-12 large-8\"  >\n\t\t\t\t<div class=\"col-inner\"  >\n\t\t\t\n\t\t\t\n<div class=\"accordion\">\n\t<div id=\"accordion-2324476369\" class=\"accordion-item\">\n\t\t<a id=\"accordion-2324476369-label\" class=\"accordion-title plain active\" href=\"#accordion-item-opis\" aria-expanded=\"true\" aria-controls=\"accordion-2324476369-content\">\n\t\t\t<button class=\"toggle\" aria-label=\"Toggle\"><i class=\"icon-angle-down\" aria-hidden=\"true\"><\/i><\/button>\n\t\t\t<span>OPIS<\/span>\n\t\t<\/a>\n\t\t<div id=\"accordion-2324476369-content\" class=\"accordion-inner\" style=\"display: block;\" aria-labelledby=\"accordion-2324476369-label\">\n\t\t\t\n<p>Vam je v\u0161e\u010d geometrija? Na\u0161a ekipa je posebej oblikovala inovativno korito za ro\u017ee, ki nam ga lahko zavidajo tudi najve\u010dji svetovni trendi.<\/p>\n<p>Pravokotno svetle\u010de korito je marmorne kremne barve, ki odli\u010dno doda toplino v vsak koti\u010dek va\u0161ega doma.<\/p>\n<p>Izdelano iz posebnega materiala &#8220;FIBERGLASS&#8221; oz. steklenih vlaken, tako da je primerno za uporabo zunaj (odporno na de\u017e in sneg) in v notranjosti.<\/p>\n<p>Primerno je tudi kot darilo, \u0161e posebej za kak\u0161ne posebne dni, ko \u017eelite izraziti vso ljubezen do najdra\u017ejih. Prepri\u010dani smo, da bi s tem koritom za ro\u017ee razveselili vse, ki obo\u017eujejo ro\u017ee.<\/p>\n<p>Kateri dodatki za dom so vam najbolj v\u0161e\u010d? Kako vi polep\u0161ate svoj vrt?<\/p>\n\t\t<\/div>\n\t<\/div>\n\t\n\t<div id=\"accordion-1740980282\" class=\"accordion-item\">\n\t\t<a id=\"accordion-1740980282-label\" class=\"accordion-title plain\" href=\"#accordion-item-material\" aria-expanded=\"false\" aria-controls=\"accordion-1740980282-content\">\n\t\t\t<button class=\"toggle\" aria-label=\"Toggle\"><i class=\"icon-angle-down\" aria-hidden=\"true\"><\/i><\/button>\n\t\t\t<span>MATERIAL<\/span>\n\t\t<\/a>\n\t\t<div id=\"accordion-1740980282-content\" class=\"accordion-inner\" aria-labelledby=\"accordion-1740980282-label\">\n\t\t\t\n<p>FIBERGLASS &#8211; STEKLO PLASTIKA<\/p>\n<p>Kombinacija stekla in plastike je na trg prinesla zelo iskan in odporen material za izdelavo razli\u010dnih sredstev, v tem primeru cvetli\u010dnih loncev in korit za ro\u017ee. Ladje in \u010dolni so zaradi svoje popolne vzdr\u017eljivosti in \u0161iroke uporabe izdelani iz dobro znanih in svetovno priznanih steklenih vlaken.<\/p>\n<p>Ta material je ne glede na svojo trdnost in vzdr\u017eljivost pravzaprav zelo lahek. Zaradi tega so predmeti iz steklenih vlaken enostavno prenosljivi in gladki.<\/p>\n<p>Druga dobra lastnost tega materiala je, da je odporen na vse vremenske razmere in katastrofe, pa naj bo to de\u017e, sneg, veter ali UV son\u010dni \u017earki.<\/p>\n<p>Ko govorimo o cvetli\u010dnih loncih iz steklenih vlaken, je pomembno poudariti, da se zemlja v loncu zunaj na soncu ne pregreje.<\/p>\n<p>\u010ceprav je delno izdelan iz plastike, ta material ne daje videza plastike, temve\u010d rafiniranega kamna ali betona.<\/p>\n<p>\u010ce je cvetli\u010dni lonec iz steklenih vlaken zunaj, v de\u017eju, priporo\u010damo, da naredite odprtino za drena\u017eo.<\/p>\n\t\t<\/div>\n\t<\/div>\n\t\n\t<div id=\"accordion-1023288444\" class=\"accordion-item\">\n\t\t<a id=\"accordion-1023288444-label\" class=\"accordion-title plain\" href=\"#accordion-item-pogosta-vpra\u0160anja\" aria-expanded=\"false\" aria-controls=\"accordion-1023288444-content\">\n\t\t\t<button class=\"toggle\" aria-label=\"Toggle\"><i class=\"icon-angle-down\" aria-hidden=\"true\"><\/i><\/button>\n\t\t\t<span>POGOSTA VPRA\u0160ANJA<\/span>\n\t\t<\/a>\n\t\t<div id=\"accordion-1023288444-content\" class=\"accordion-inner\" aria-labelledby=\"accordion-1023288444-label\">\n\t\t\t\n\t<div id=\"text-3133761947\" class=\"text section-faq-content\">\n\t\t\r\n\r\n<ol>\r\n<li>Si lahko ogledam izdelke pred nakupom na spletni strani?<br \/>\r\nMiravila svoje izdelke prodaja izklju\u010dno preko spleta. Predhodni ogled \u017eal ni mogo\u010d.<\/li>\r\n<li>Kako dolgo traja dostava?<br \/>\r\n\u010ce je izdelek na zalogi, obi\u010dajno traja 3 do 5 dni po prejemu pla\u010dila.<\/li>\r\n<li>Kdo krije stro\u0161ke po\u0161iljanja?<br \/>\r\nDostava za vsa naro\u010dila je BREZPLA\u010cNA.<\/li>\r\n<li>Ali lahko izdelek vrnem?<br \/>\r\nDa, izdelek lahko vrnete v 30 dneh v skladu s splo\u0161nim pravilnikom o vra\u010dilu. Stro\u0161ke po\u0161iljanja za vra\u010dilo krije stranka sama.<\/li>\r\n<li>Ali je moj nakup varen?<br \/>\r\nVa\u0161 nakup in kreditna kartica sta popolnoma varna. To zagotavlja SSL certifikat, ki zagotavlja varno povezavo spletne trgovine.<\/li>\r\n<li>Ali lahko dobim povra\u010dilo z vra\u010dilom izdelka?<br \/>\r\nDa, lahko v skladu s splo\u0161nimi pogoji pravilnika o vra\u010dilu<\/li>\r\n<li>Ali imajo okrasni lonci sistem samolivanja?<br \/>\r\nNe.<\/li>\r\n<li>Iz katerega materiala so okrasni lonci?<br \/>\r\nVe\u010dina jih je iz polistirena ali steklenih vlaken, keramike ali lesa in drugih naravnih materialov.<\/li>\r\n<li>Kateri okrasni lonci so najbolj\u0161i za zunanjo uporabo?<br \/>\r\nPredlagamo \u017eardinjere iz polistirena ali steklenih vlaken.<\/li>\r\n<li>Katere na\u010dine pla\u010dila sprejemate?<br \/>\r\nVisa, Mastercard, PAYPAL.<\/li>\r\n<\/ol>\r\n\t\t\t<\/div>\n\t\n\t\t<\/div>\n\t<\/div>\n\t\n\t<div id=\"accordion-753410132\" class=\"accordion-item\">\n\t\t<a id=\"accordion-753410132-label\" class=\"accordion-title plain\" href=\"#accordion-item-dostava\" aria-expanded=\"false\" aria-controls=\"accordion-753410132-content\">\n\t\t\t<button class=\"toggle\" aria-label=\"Toggle\"><i class=\"icon-angle-down\" aria-hidden=\"true\"><\/i><\/button>\n\t\t\t<span>DOSTAVA<\/span>\n\t\t<\/a>\n\t\t<div id=\"accordion-753410132-content\" class=\"accordion-inner\" aria-labelledby=\"accordion-753410132-label\">\n\t\t\t\n\t<div id=\"text-818823548\" class=\"text section-shipping-content\">\n\t\t\r\n\r\n<p>Dostava je brezpla\u010dna, ne glede na znesek nakupa.<\/p>\r\n<p>Dostavljeno vam bo dostavila dostavna slu\u017eba GLS do vrat. Vstop v stanovanje ali stavbo ni vklju\u010den v ceno in se ne dopla\u010da.<\/p>\r\n<p>Obi\u010dajno je dobavni rok 2 do 3 dni, vendar si pridr\u017eujemo pravico do dalj\u0161ega dobave.<\/p>\r\n<p>Ko prejmete po\u0161iljko, morate pred podpisom po\u0161iljko odpreti in pregledati, da ni po\u0161kodovana. Kasnej\u0161ih reklamacij ne upo\u0161tevamo.<\/p>\r\n\t\t\t<\/div>\n\t\n\t\t<\/div>\n\t<\/div>\n\t\n<\/div>\n\t\t<\/div>\n\t\t\t\t\t<\/div>\n\n\t\n\n\t<div id=\"col-1884449314\" class=\"col medium-4 small-12 large-4\"  >\n\t\t\t\t<div class=\"col-inner\"  >\n\t\t\t\n\t\t\t <div class=\"row ikone\"  id=\"row-1391049238\">\r\n\r\n\n\t<div id=\"col-1114635169\" class=\"col medium-6 small-6 large-6\"  >\n\t\t\t\t<div class=\"col-inner\"  >\n\t\t\t\n\t\t\t\r\n\r\n\n\t\t<div class=\"icon-box featured-box icon-box-left text-left is-small\"  >\n\t\t\t\t\t<div class=\"icon-box-img\" style=\"width: 60px\">\n\t\t\t\t<div class=\"icon\">\n\t\t\t\t\t<div class=\"icon-inner\" >\n\t\t\t\t\t\t<img loading=\"lazy\" decoding=\"async\" width=\"100\" height=\"100\" src=\"https:\/\/www.miravila.com\/wp-content\/uploads\/2020\/02\/lightweight-icon.png\" class=\"attachment-medium size-medium\" alt=\"lightweight-icon\" title=\"\">\t\t\t\t\t<\/div>\n\t\t\t\t<\/div>\n\t\t\t<\/div>\n\t\t\t\t<div class=\"icon-box-text last-reset\">\n\t\t\t\t\t\t<h6>LIGHTWEIGHT<\/h6>\t\t\t\r\n\r\n\r\n\t\t<\/div>\n\t<\/div>\n\t\n\t\r\n\n\t\t<div class=\"icon-box featured-box icon-box-left text-left is-small\"  >\n\t\t\t\t\t<div class=\"icon-box-img\" style=\"width: 60px\">\n\t\t\t\t<div class=\"icon\">\n\t\t\t\t\t<div class=\"icon-inner\" >\n\t\t\t\t\t\t<img loading=\"lazy\" decoding=\"async\" width=\"100\" height=\"100\" src=\"https:\/\/www.miravila.com\/wp-content\/uploads\/2020\/02\/easy-to-clean-icon.png\" class=\"attachment-medium size-medium\" alt=\"easy-to-clean-icon\" title=\"\">\t\t\t\t\t<\/div>\n\t\t\t\t<\/div>\n\t\t\t<\/div>\n\t\t\t\t<div class=\"icon-box-text last-reset\">\n\t\t\t\t\t\t<h6>EASY TO CLEAN<\/h6>\t\t\t\r\n\r\n\r\n\t\t<\/div>\n\t<\/div>\n\t\n\t\r\n\n\t\t<div class=\"icon-box featured-box icon-box-left text-left is-small\"  >\n\t\t\t\t\t<div class=\"icon-box-img\" style=\"width: 60px\">\n\t\t\t\t<div class=\"icon\">\n\t\t\t\t\t<div class=\"icon-inner\" >\n\t\t\t\t\t\t<img loading=\"lazy\" decoding=\"async\" width=\"100\" height=\"100\" src=\"https:\/\/www.miravila.com\/wp-content\/uploads\/2020\/02\/drill-hole-icon.png\" class=\"attachment-medium size-medium\" alt=\"drill-hole-icon\" title=\"\">\t\t\t\t\t<\/div>\n\t\t\t\t<\/div>\n\t\t\t<\/div>\n\t\t\t\t<div class=\"icon-box-text last-reset\">\n\t\t\t\t\t\t<h6>DRILL HOLE<\/h6>\t\t\t\r\n\r\n\r\n\t\t<\/div>\n\t<\/div>\n\t\n\t\r\n\n\t\t<div class=\"icon-box featured-box icon-box-left text-left is-small\"  >\n\t\t\t\t\t<div class=\"icon-box-img\" style=\"width: 60px\">\n\t\t\t\t<div class=\"icon\">\n\t\t\t\t\t<div class=\"icon-inner\" >\n\t\t\t\t\t\t<img loading=\"lazy\" decoding=\"async\" width=\"100\" height=\"100\" src=\"https:\/\/www.miravila.com\/wp-content\/uploads\/2020\/02\/in-out-icon.png\" class=\"attachment-medium size-medium\" alt=\"in-out-icon\" title=\"\">\t\t\t\t\t<\/div>\n\t\t\t\t<\/div>\n\t\t\t<\/div>\n\t\t\t\t<div class=\"icon-box-text last-reset\">\n\t\t\t\t\t\t<h6>INDOOR-OUTDOT<\/h6>\t\t\t\r\n\r\n\r\n\t\t<\/div>\n\t<\/div>\n\t\n\t\r\n\r\n\t\t<\/div>\n\t\t\t\t\t<\/div>\n\n\t\r\n\n\t<div id=\"col-1385984260\" class=\"col medium-6 small-6 large-6\"  >\n\t\t\t\t<div class=\"col-inner\"  >\n\t\t\t\n\t\t\t\r\n\r\n\n\t\t<div class=\"icon-box featured-box icon-box-left text-left is-small\"  >\n\t\t\t\t\t<div class=\"icon-box-img\" style=\"width: 60px\">\n\t\t\t\t<div class=\"icon\">\n\t\t\t\t\t<div class=\"icon-inner\" >\n\t\t\t\t\t\t<img loading=\"lazy\" decoding=\"async\" width=\"100\" height=\"100\" src=\"https:\/\/www.miravila.com\/wp-content\/uploads\/2020\/02\/frost-resistance-icon.png\" class=\"attachment-medium size-medium\" alt=\"frost-resistance-icon\" title=\"\">\t\t\t\t\t<\/div>\n\t\t\t\t<\/div>\n\t\t\t<\/div>\n\t\t\t\t<div class=\"icon-box-text last-reset\">\n\t\t\t\t\t\t<h6>FROST RESISTANCE<\/h6>\t\t\t\r\n\r\n\r\n\t\t<\/div>\n\t<\/div>\n\t\n\t\r\n\n\t\t<div class=\"icon-box featured-box icon-box-left text-left is-small\"  >\n\t\t\t\t\t<div class=\"icon-box-img\" style=\"width: 60px\">\n\t\t\t\t<div class=\"icon\">\n\t\t\t\t\t<div class=\"icon-inner\" >\n\t\t\t\t\t\t<img loading=\"lazy\" decoding=\"async\" width=\"100\" height=\"100\" src=\"https:\/\/www.miravila.com\/wp-content\/uploads\/2020\/02\/all-weather-icon.png\" class=\"attachment-medium size-medium\" alt=\"all-weather-icon\" title=\"\">\t\t\t\t\t<\/div>\n\t\t\t\t<\/div>\n\t\t\t<\/div>\n\t\t\t\t<div class=\"icon-box-text last-reset\">\n\t\t\t\t\t\t<h6>ALL WEATHER<\/h6>\t\t\t\r\n\r\n\r\n\t\t<\/div>\n\t<\/div>\n\t\n\t\r\n\n\t\t<div class=\"icon-box featured-box icon-box-left text-left is-small\"  >\n\t\t\t\t\t<div class=\"icon-box-img\" style=\"width: 60px\">\n\t\t\t\t<div class=\"icon\">\n\t\t\t\t\t<div class=\"icon-inner\" >\n\t\t\t\t\t\t<img loading=\"lazy\" decoding=\"async\" width=\"100\" height=\"100\" src=\"https:\/\/www.miravila.com\/wp-content\/uploads\/2020\/02\/hand-made-icon.png\" class=\"attachment-medium size-medium\" alt=\"hand-made-icon\" title=\"\">\t\t\t\t\t<\/div>\n\t\t\t\t<\/div>\n\t\t\t<\/div>\n\t\t\t\t<div class=\"icon-box-text last-reset\">\n\t\t\t\t\t\t<h6>HAND MADE<\/h6>\t\t\t\r\n\r\n\r\n\t\t<\/div>\n\t<\/div>\n\t\n\t\r\n\n\t\t<div class=\"icon-box featured-box icon-box-left text-left is-small\"  >\n\t\t\t\t\t<div class=\"icon-box-img\" style=\"width: 60px\">\n\t\t\t\t<div class=\"icon\">\n\t\t\t\t\t<div class=\"icon-inner\" >\n\t\t\t\t\t\t<img loading=\"lazy\" decoding=\"async\" width=\"100\" height=\"100\" src=\"https:\/\/www.miravila.com\/wp-content\/uploads\/2020\/02\/uv-resistant-icon.png\" class=\"attachment-medium size-medium\" alt=\"uv-resistant-icon\" title=\"\">\t\t\t\t\t<\/div>\n\t\t\t\t<\/div>\n\t\t\t<\/div>\n\t\t\t\t<div class=\"icon-box-text last-reset\">\n\t\t\t\t\t\t<h6>UV RESISTANT<\/h6>\t\t\t\r\n\r\n\r\n\t\t<\/div>\n\t<\/div>\n\t\n\t\r\n\r\n\t\t<\/div>\n\t\t\t\t\t<\/div>\n\n\t\r\n\r\n<\/div> \t\t<\/div>\n\t\t\t\t\t<\/div>\n\n\t\n<\/div>\n","protected":false},"excerpt":{"rendered":"","protected":false},"featured_media":16218,"comment_status":"closed","ping_status":"closed","template":"","meta":[],"product_brand":[],"product_cat":[2102,2088,2082,2091,2106,2083,2097,2113,2081,2095,2110,2098,2114],"product_tag":[],"class_list":{"0":"post-16217","1":"product","2":"type-product","3":"status-publish","4":"has-post-thumbnail","6":"product_cat-beli-cvetlicni-lonci","7":"product_cat-beli","8":"product_cat-cvetlicni-lonci","9":"product_cat-fiberglass-polystone","10":"product_cat-fiberglass-cvetlicni-lonci","11":"product_cat-korita-za-roze","12":"product_cat-notranji","13":"product_cat-notranji-cvetlicni-lonci","14":"product_cat-okrasni-lonci","15":"product_cat-plasticni","16":"product_cat-plasticni-cvetlicni-lonci","17":"product_cat-zunanji","18":"product_cat-zunanji-cvetlicni-lonci","19":"pa_barva-bela","20":"pa_material-fiberglass-steklo-plastika","21":"pa_sirina-88-sl","22":"pa_uporaba-notranja","23":"pa_uporaba-zunanja","24":"pa_velikost-88x30x75cm-sl","25":"pa_visina-75-sl","27":"first","28":"instock","29":"sale","30":"taxable","31":"shipping-taxable","32":"purchasable","33":"product-type-variable","34":"has-default-attributes"},"_links":{"self":[{"href":"https:\/\/www.miravila.com\/sl\/wp-json\/wp\/v2\/product\/16217","targetHints":{"allow":["GET"]}}],"collection":[{"href":"https:\/\/www.miravila.com\/sl\/wp-json\/wp\/v2\/product"}],"about":[{"href":"https:\/\/www.miravila.com\/sl\/wp-json\/wp\/v2\/types\/product"}],"replies":[{"embeddable":true,"href":"https:\/\/www.miravila.com\/sl\/wp-json\/wp\/v2\/comments?post=16217"}],"wp:featuredmedia":[{"embeddable":true,"href":"https:\/\/www.miravila.com\/sl\/wp-json\/wp\/v2\/media\/16218"}],"wp:attachment":[{"href":"https:\/\/www.miravila.com\/sl\/wp-json\/wp\/v2\/media?parent=16217"}],"wp:term":[{"taxonomy":"product_brand","embeddable":true,"href":"https:\/\/www.miravila.com\/sl\/wp-json\/wp\/v2\/product_brand?post=16217"},{"taxonomy":"product_cat","embeddable":true,"href":"https:\/\/www.miravila.com\/sl\/wp-json\/wp\/v2\/product_cat?post=16217"},{"taxonomy":"product_tag","embeddable":true,"href":"https:\/\/www.miravila.com\/sl\/wp-json\/wp\/v2\/product_tag?post=16217"}],"curies":[{"name":"wp","href":"https:\/\/api.w.org\/{rel}","templated":true}]}}