{"id":16201,"date":"2020-03-26T13:20:18","date_gmt":"2022-06-14T06:19:31","guid":{"rendered":"https:\/\/www.miravila.com\/?post_type=product&#038;p=16201"},"modified":"2025-05-17T12:35:51","modified_gmt":"2025-05-17T10:35:51","slug":"korito-za-roze-balcony-high-black","status":"publish","type":"product","link":"https:\/\/www.miravila.com\/sl\/korito-za-roze-balcony-high-black\/","title":{"rendered":"Korito za ro\u017ee Balcony High Black"},"content":{"rendered":"<div class=\"row\"  id=\"row-161268810\">\n\n\t<div id=\"col-989846692\" class=\"col medium-8 small-12 large-8\"  >\n\t\t\t\t<div class=\"col-inner\"  >\n\t\t\t\n\t\t\t\n<div class=\"accordion\">\n\t<div id=\"accordion-3475753791\" class=\"accordion-item\">\n\t\t<a id=\"accordion-3475753791-label\" class=\"accordion-title plain active\" href=\"#accordion-item-opis\" aria-expanded=\"true\" aria-controls=\"accordion-3475753791-content\">\n\t\t\t<button class=\"toggle\" aria-label=\"Toggle\"><i class=\"icon-angle-down\" aria-hidden=\"true\"><\/i><\/button>\n\t\t\t<span>OPIS<\/span>\n\t\t<\/a>\n\t\t<div id=\"accordion-3475753791-content\" class=\"accordion-inner\" style=\"display: block;\" aria-labelledby=\"accordion-3475753791-label\">\n\t\t\t\n<p>Elegantno pravokotno korito za ro\u017ee iz \u010drnih steklenih vlaken.<\/p>\n<p>\u010cudovit dodatek k va\u0161i mizi ali dnevni sobi. To korito ima razko\u0161en videz in daje vsakemu domu pravo mero prefinjenosti, ki je ni mogo\u010de dose\u010di na noben drug na\u010din.<\/p>\n<p>Odporen dizajn, primeren za zunanjo in notranjo uporabo &#8211; izbira je vedno va\u0161a!<\/p>\n<p>Obo\u017eujemo novosti in vedno se trudimo slediti svetovnim trendom, zdaj pa lahko to storite tudi vi brez ve\u010djih naporov.<\/p>\n<p>Korito za ro\u017ee bo navdu\u0161ilo vse, ki prepoznavate priznane stile, tiste, ki u\u017eivate v \u010dudoviti notranjosti in zunanjosti, ter ljubitelje cvetja.<\/p>\n\t\t<\/div>\n\t<\/div>\n\t\n\t<div id=\"accordion-2446163713\" class=\"accordion-item\">\n\t\t<a id=\"accordion-2446163713-label\" class=\"accordion-title plain\" href=\"#accordion-item-material\" aria-expanded=\"false\" aria-controls=\"accordion-2446163713-content\">\n\t\t\t<button class=\"toggle\" aria-label=\"Toggle\"><i class=\"icon-angle-down\" aria-hidden=\"true\"><\/i><\/button>\n\t\t\t<span>MATERIAL<\/span>\n\t\t<\/a>\n\t\t<div id=\"accordion-2446163713-content\" class=\"accordion-inner\" aria-labelledby=\"accordion-2446163713-label\">\n\t\t\t\n<p>FIBERGLASS &#8211; STEKLO PLASTIKA<\/p>\n<p>Kombinacija stekla in plastike je na trg prinesla zelo iskan in odporen material za izdelavo razli\u010dnih sredstev, v tem primeru cvetli\u010dnih loncev in korit za ro\u017ee. Ladje in \u010dolni so zaradi svoje popolne vzdr\u017eljivosti in \u0161iroke uporabe izdelani iz dobro znanih in svetovno priznanih steklenih vlaken.<\/p>\n<p>Ta material je ne glede na svojo trdnost in vzdr\u017eljivost pravzaprav zelo lahek. Zaradi tega so predmeti iz steklenih vlaken enostavno prenosljivi in gladki.<\/p>\n<p>Druga dobra lastnost tega materiala je, da je odporen na vse vremenske razmere in katastrofe, pa naj bo to de\u017e, sneg, veter ali UV son\u010dni \u017earki.<\/p>\n<p>Ko govorimo o cvetli\u010dnih loncih iz steklenih vlaken, je pomembno poudariti, da se zemlja v loncu zunaj na soncu ne pregreje.<\/p>\n<p>\u010ceprav je delno izdelan iz plastike, ta material ne daje videza plastike, temve\u010d rafiniranega kamna ali betona.<\/p>\n<p>\u010ce je cvetli\u010dni lonec iz steklenih vlaken zunaj, v de\u017eju, priporo\u010damo, da naredite odprtino za drena\u017eo.<\/p>\n\t\t<\/div>\n\t<\/div>\n\t\n\t<div id=\"accordion-4108879463\" class=\"accordion-item\">\n\t\t<a id=\"accordion-4108879463-label\" class=\"accordion-title plain\" href=\"#accordion-item-pogosta-vpra\u0160anja\" aria-expanded=\"false\" aria-controls=\"accordion-4108879463-content\">\n\t\t\t<button class=\"toggle\" aria-label=\"Toggle\"><i class=\"icon-angle-down\" aria-hidden=\"true\"><\/i><\/button>\n\t\t\t<span>POGOSTA VPRA\u0160ANJA<\/span>\n\t\t<\/a>\n\t\t<div id=\"accordion-4108879463-content\" class=\"accordion-inner\" aria-labelledby=\"accordion-4108879463-label\">\n\t\t\t\n\t<div id=\"text-3408827615\" class=\"text section-faq-content\">\n\t\t\r\n\r\n<ol>\r\n<li>Si lahko ogledam izdelke pred nakupom na spletni strani?<br \/>\r\nMiravila svoje izdelke prodaja izklju\u010dno preko spleta. Predhodni ogled \u017eal ni mogo\u010d.<\/li>\r\n<li>Kako dolgo traja dostava?<br \/>\r\n\u010ce je izdelek na zalogi, obi\u010dajno traja 3 do 5 dni po prejemu pla\u010dila.<\/li>\r\n<li>Kdo krije stro\u0161ke po\u0161iljanja?<br \/>\r\nDostava za vsa naro\u010dila je BREZPLA\u010cNA.<\/li>\r\n<li>Ali lahko izdelek vrnem?<br \/>\r\nDa, izdelek lahko vrnete v 30 dneh v skladu s splo\u0161nim pravilnikom o vra\u010dilu. Stro\u0161ke po\u0161iljanja za vra\u010dilo krije stranka sama.<\/li>\r\n<li>Ali je moj nakup varen?<br \/>\r\nVa\u0161 nakup in kreditna kartica sta popolnoma varna. To zagotavlja SSL certifikat, ki zagotavlja varno povezavo spletne trgovine.<\/li>\r\n<li>Ali lahko dobim povra\u010dilo z vra\u010dilom izdelka?<br \/>\r\nDa, lahko v skladu s splo\u0161nimi pogoji pravilnika o vra\u010dilu<\/li>\r\n<li>Ali imajo okrasni lonci sistem samolivanja?<br \/>\r\nNe.<\/li>\r\n<li>Iz katerega materiala so okrasni lonci?<br \/>\r\nVe\u010dina jih je iz polistirena ali steklenih vlaken, keramike ali lesa in drugih naravnih materialov.<\/li>\r\n<li>Kateri okrasni lonci so najbolj\u0161i za zunanjo uporabo?<br \/>\r\nPredlagamo \u017eardinjere iz polistirena ali steklenih vlaken.<\/li>\r\n<li>Katere na\u010dine pla\u010dila sprejemate?<br \/>\r\nVisa, Mastercard, PAYPAL.<\/li>\r\n<\/ol>\r\n\t\t\t<\/div>\n\t\n\t\t<\/div>\n\t<\/div>\n\t\n\t<div id=\"accordion-191800067\" class=\"accordion-item\">\n\t\t<a id=\"accordion-191800067-label\" class=\"accordion-title plain\" href=\"#accordion-item-dostava\" aria-expanded=\"false\" aria-controls=\"accordion-191800067-content\">\n\t\t\t<button class=\"toggle\" aria-label=\"Toggle\"><i class=\"icon-angle-down\" aria-hidden=\"true\"><\/i><\/button>\n\t\t\t<span>DOSTAVA<\/span>\n\t\t<\/a>\n\t\t<div id=\"accordion-191800067-content\" class=\"accordion-inner\" aria-labelledby=\"accordion-191800067-label\">\n\t\t\t\n\t<div id=\"text-2100398249\" class=\"text section-shipping-content\">\n\t\t\r\n\r\n<p>Dostava je brezpla\u010dna, ne glede na znesek nakupa.<\/p>\r\n<p>Dostavljeno vam bo dostavila dostavna slu\u017eba GLS do vrat. Vstop v stanovanje ali stavbo ni vklju\u010den v ceno in se ne dopla\u010da.<\/p>\r\n<p>Obi\u010dajno je dobavni rok 2 do 3 dni, vendar si pridr\u017eujemo pravico do dalj\u0161ega dobave.<\/p>\r\n<p>Ko prejmete po\u0161iljko, morate pred podpisom po\u0161iljko odpreti in pregledati, da ni po\u0161kodovana. Kasnej\u0161ih reklamacij ne upo\u0161tevamo.<\/p>\r\n\t\t\t<\/div>\n\t\n\t\t<\/div>\n\t<\/div>\n\t\n<\/div>\n\t\t<\/div>\n\t\t\t\t\t<\/div>\n\n\t\n\n\t<div id=\"col-473139415\" class=\"col medium-4 small-12 large-4\"  >\n\t\t\t\t<div class=\"col-inner\"  >\n\t\t\t\n\t\t\t <div class=\"row ikone\"  id=\"row-756278411\">\r\n\r\n\n\t<div id=\"col-1775788738\" class=\"col medium-6 small-6 large-6\"  >\n\t\t\t\t<div class=\"col-inner\"  >\n\t\t\t\n\t\t\t\r\n\r\n\n\t\t<div class=\"icon-box featured-box icon-box-left text-left is-small\"  >\n\t\t\t\t\t<div class=\"icon-box-img\" style=\"width: 60px\">\n\t\t\t\t<div class=\"icon\">\n\t\t\t\t\t<div class=\"icon-inner\" >\n\t\t\t\t\t\t<img loading=\"lazy\" decoding=\"async\" width=\"100\" height=\"100\" src=\"https:\/\/www.miravila.com\/wp-content\/uploads\/2020\/02\/lightweight-icon.png\" class=\"attachment-medium size-medium\" alt=\"lightweight-icon\" title=\"\">\t\t\t\t\t<\/div>\n\t\t\t\t<\/div>\n\t\t\t<\/div>\n\t\t\t\t<div class=\"icon-box-text last-reset\">\n\t\t\t\t\t\t<h6>LIGHTWEIGHT<\/h6>\t\t\t\r\n\r\n\r\n\t\t<\/div>\n\t<\/div>\n\t\n\t\r\n\n\t\t<div class=\"icon-box featured-box icon-box-left text-left is-small\"  >\n\t\t\t\t\t<div class=\"icon-box-img\" style=\"width: 60px\">\n\t\t\t\t<div class=\"icon\">\n\t\t\t\t\t<div class=\"icon-inner\" >\n\t\t\t\t\t\t<img loading=\"lazy\" decoding=\"async\" width=\"100\" height=\"100\" src=\"https:\/\/www.miravila.com\/wp-content\/uploads\/2020\/02\/easy-to-clean-icon.png\" class=\"attachment-medium size-medium\" alt=\"easy-to-clean-icon\" title=\"\">\t\t\t\t\t<\/div>\n\t\t\t\t<\/div>\n\t\t\t<\/div>\n\t\t\t\t<div class=\"icon-box-text last-reset\">\n\t\t\t\t\t\t<h6>EASY TO CLEAN<\/h6>\t\t\t\r\n\r\n\r\n\t\t<\/div>\n\t<\/div>\n\t\n\t\r\n\n\t\t<div class=\"icon-box featured-box icon-box-left text-left is-small\"  >\n\t\t\t\t\t<div class=\"icon-box-img\" style=\"width: 60px\">\n\t\t\t\t<div class=\"icon\">\n\t\t\t\t\t<div class=\"icon-inner\" >\n\t\t\t\t\t\t<img loading=\"lazy\" decoding=\"async\" width=\"100\" height=\"100\" src=\"https:\/\/www.miravila.com\/wp-content\/uploads\/2020\/02\/drill-hole-icon.png\" class=\"attachment-medium size-medium\" alt=\"drill-hole-icon\" title=\"\">\t\t\t\t\t<\/div>\n\t\t\t\t<\/div>\n\t\t\t<\/div>\n\t\t\t\t<div class=\"icon-box-text last-reset\">\n\t\t\t\t\t\t<h6>DRILL HOLE<\/h6>\t\t\t\r\n\r\n\r\n\t\t<\/div>\n\t<\/div>\n\t\n\t\r\n\n\t\t<div class=\"icon-box featured-box icon-box-left text-left is-small\"  >\n\t\t\t\t\t<div class=\"icon-box-img\" style=\"width: 60px\">\n\t\t\t\t<div class=\"icon\">\n\t\t\t\t\t<div class=\"icon-inner\" >\n\t\t\t\t\t\t<img loading=\"lazy\" decoding=\"async\" width=\"100\" height=\"100\" src=\"https:\/\/www.miravila.com\/wp-content\/uploads\/2020\/02\/in-out-icon.png\" class=\"attachment-medium size-medium\" alt=\"in-out-icon\" title=\"\">\t\t\t\t\t<\/div>\n\t\t\t\t<\/div>\n\t\t\t<\/div>\n\t\t\t\t<div class=\"icon-box-text last-reset\">\n\t\t\t\t\t\t<h6>INDOOR-OUTDOT<\/h6>\t\t\t\r\n\r\n\r\n\t\t<\/div>\n\t<\/div>\n\t\n\t\r\n\r\n\t\t<\/div>\n\t\t\t\t\t<\/div>\n\n\t\r\n\n\t<div id=\"col-62806074\" class=\"col medium-6 small-6 large-6\"  >\n\t\t\t\t<div class=\"col-inner\"  >\n\t\t\t\n\t\t\t\r\n\r\n\n\t\t<div class=\"icon-box featured-box icon-box-left text-left is-small\"  >\n\t\t\t\t\t<div class=\"icon-box-img\" style=\"width: 60px\">\n\t\t\t\t<div class=\"icon\">\n\t\t\t\t\t<div class=\"icon-inner\" >\n\t\t\t\t\t\t<img loading=\"lazy\" decoding=\"async\" width=\"100\" height=\"100\" src=\"https:\/\/www.miravila.com\/wp-content\/uploads\/2020\/02\/frost-resistance-icon.png\" class=\"attachment-medium size-medium\" alt=\"frost-resistance-icon\" title=\"\">\t\t\t\t\t<\/div>\n\t\t\t\t<\/div>\n\t\t\t<\/div>\n\t\t\t\t<div class=\"icon-box-text last-reset\">\n\t\t\t\t\t\t<h6>FROST RESISTANCE<\/h6>\t\t\t\r\n\r\n\r\n\t\t<\/div>\n\t<\/div>\n\t\n\t\r\n\n\t\t<div class=\"icon-box featured-box icon-box-left text-left is-small\"  >\n\t\t\t\t\t<div class=\"icon-box-img\" style=\"width: 60px\">\n\t\t\t\t<div class=\"icon\">\n\t\t\t\t\t<div class=\"icon-inner\" >\n\t\t\t\t\t\t<img loading=\"lazy\" decoding=\"async\" width=\"100\" height=\"100\" src=\"https:\/\/www.miravila.com\/wp-content\/uploads\/2020\/02\/all-weather-icon.png\" class=\"attachment-medium size-medium\" alt=\"all-weather-icon\" title=\"\">\t\t\t\t\t<\/div>\n\t\t\t\t<\/div>\n\t\t\t<\/div>\n\t\t\t\t<div class=\"icon-box-text last-reset\">\n\t\t\t\t\t\t<h6>ALL WEATHER<\/h6>\t\t\t\r\n\r\n\r\n\t\t<\/div>\n\t<\/div>\n\t\n\t\r\n\n\t\t<div class=\"icon-box featured-box icon-box-left text-left is-small\"  >\n\t\t\t\t\t<div class=\"icon-box-img\" style=\"width: 60px\">\n\t\t\t\t<div class=\"icon\">\n\t\t\t\t\t<div class=\"icon-inner\" >\n\t\t\t\t\t\t<img loading=\"lazy\" decoding=\"async\" width=\"100\" height=\"100\" src=\"https:\/\/www.miravila.com\/wp-content\/uploads\/2020\/02\/hand-made-icon.png\" class=\"attachment-medium size-medium\" alt=\"hand-made-icon\" title=\"\">\t\t\t\t\t<\/div>\n\t\t\t\t<\/div>\n\t\t\t<\/div>\n\t\t\t\t<div class=\"icon-box-text last-reset\">\n\t\t\t\t\t\t<h6>HAND MADE<\/h6>\t\t\t\r\n\r\n\r\n\t\t<\/div>\n\t<\/div>\n\t\n\t\r\n\n\t\t<div class=\"icon-box featured-box icon-box-left text-left is-small\"  >\n\t\t\t\t\t<div class=\"icon-box-img\" style=\"width: 60px\">\n\t\t\t\t<div class=\"icon\">\n\t\t\t\t\t<div class=\"icon-inner\" >\n\t\t\t\t\t\t<img loading=\"lazy\" decoding=\"async\" width=\"100\" height=\"100\" src=\"https:\/\/www.miravila.com\/wp-content\/uploads\/2020\/02\/uv-resistant-icon.png\" class=\"attachment-medium size-medium\" alt=\"uv-resistant-icon\" title=\"\">\t\t\t\t\t<\/div>\n\t\t\t\t<\/div>\n\t\t\t<\/div>\n\t\t\t\t<div class=\"icon-box-text last-reset\">\n\t\t\t\t\t\t<h6>UV RESISTANT<\/h6>\t\t\t\r\n\r\n\r\n\t\t<\/div>\n\t<\/div>\n\t\n\t\r\n\r\n\t\t<\/div>\n\t\t\t\t\t<\/div>\n\n\t\r\n\r\n<\/div> \t\t<\/div>\n\t\t\t\t\t<\/div>\n\n\t\n<\/div>\n","protected":false},"excerpt":{"rendered":"","protected":false},"featured_media":16202,"comment_status":"closed","ping_status":"closed","template":"","meta":[],"product_brand":[],"product_cat":[2089,2104,2082,2091,2106,2083,2097,2113,2081,2095,2110,2098,2114],"product_tag":[],"class_list":{"0":"post-16201","1":"product","2":"type-product","3":"status-publish","4":"has-post-thumbnail","6":"product_cat-crni","7":"product_cat-crni-cvetlicni-lonci","8":"product_cat-cvetlicni-lonci","9":"product_cat-fiberglass-polystone","10":"product_cat-fiberglass-cvetlicni-lonci","11":"product_cat-korita-za-roze","12":"product_cat-notranji","13":"product_cat-notranji-cvetlicni-lonci","14":"product_cat-okrasni-lonci","15":"product_cat-plasticni","16":"product_cat-plasticni-cvetlicni-lonci","17":"product_cat-zunanji","18":"product_cat-zunanji-cvetlicni-lonci","19":"pa_barva-crna-sl","20":"pa_material-fiberglass-steklo-plastika","21":"pa_sirina-88-sl","22":"pa_uporaba-notranja","23":"pa_uporaba-zunanja","24":"pa_velikost-88x30x75cm-sl","25":"pa_visina-75-sl","27":"first","28":"instock","29":"sale","30":"taxable","31":"shipping-taxable","32":"product-type-variable","33":"has-default-attributes"},"_links":{"self":[{"href":"https:\/\/www.miravila.com\/sl\/wp-json\/wp\/v2\/product\/16201","targetHints":{"allow":["GET"]}}],"collection":[{"href":"https:\/\/www.miravila.com\/sl\/wp-json\/wp\/v2\/product"}],"about":[{"href":"https:\/\/www.miravila.com\/sl\/wp-json\/wp\/v2\/types\/product"}],"replies":[{"embeddable":true,"href":"https:\/\/www.miravila.com\/sl\/wp-json\/wp\/v2\/comments?post=16201"}],"wp:featuredmedia":[{"embeddable":true,"href":"https:\/\/www.miravila.com\/sl\/wp-json\/wp\/v2\/media\/16202"}],"wp:attachment":[{"href":"https:\/\/www.miravila.com\/sl\/wp-json\/wp\/v2\/media?parent=16201"}],"wp:term":[{"taxonomy":"product_brand","embeddable":true,"href":"https:\/\/www.miravila.com\/sl\/wp-json\/wp\/v2\/product_brand?post=16201"},{"taxonomy":"product_cat","embeddable":true,"href":"https:\/\/www.miravila.com\/sl\/wp-json\/wp\/v2\/product_cat?post=16201"},{"taxonomy":"product_tag","embeddable":true,"href":"https:\/\/www.miravila.com\/sl\/wp-json\/wp\/v2\/product_tag?post=16201"}],"curies":[{"name":"wp","href":"https:\/\/api.w.org\/{rel}","templated":true}]}}