{"id":16000,"date":"2020-03-26T13:21:08","date_gmt":"2022-06-11T10:14:58","guid":{"rendered":"https:\/\/www.miravila.com\/?post_type=product&#038;p=16000"},"modified":"2025-07-28T19:46:16","modified_gmt":"2025-07-28T17:46:16","slug":"gold-couple-mod","status":"publish","type":"product","link":"https:\/\/www.miravila.com\/sl\/cvetlicni-lonec-gold-couple-mod\/","title":{"rendered":"Cvetli\u010dni lonec Gold couple Mod"},"content":{"rendered":"<div class=\"row\"  id=\"row-524633218\">\n\n\t<div id=\"col-147211323\" class=\"col medium-8 small-12 large-8\"  >\n\t\t\t\t<div class=\"col-inner\"  >\n\t\t\t\n\t\t\t\n<div class=\"accordion\">\n\t<div id=\"accordion-1506013487\" class=\"accordion-item\">\n\t\t<a id=\"accordion-1506013487-label\" class=\"accordion-title plain active\" href=\"#accordion-item-opis\" aria-expanded=\"true\" aria-controls=\"accordion-1506013487-content\">\n\t\t\t<button class=\"toggle\" aria-label=\"Toggle\"><i class=\"icon-angle-down\" aria-hidden=\"true\"><\/i><\/button>\n\t\t\t<span>OPIS<\/span>\n\t\t<\/a>\n\t\t<div id=\"accordion-1506013487-content\" class=\"accordion-inner\" style=\"display: block;\" aria-labelledby=\"accordion-1506013487-label\">\n\t\t\t\n<p>I\u0161\u010dete vazo, ki ima zna\u010dilnosti antike? \u017delite v svoj dom vnesti nekaj novosti, pa ne veste, kje za\u010deti? Re\u0161itev je ve\u010d kot preprosta \u2013 okrasni lonci za ro\u017ee! <\/p>\n<p>Ta vaza je skrbno izdelana z ljubeznijo iz najbolj prefinjenih materialov, kot je glazirana keramika. Njena \u010dudovita zlata barva sije, oblika pa ji daje prilo\u017enost, da ohrani \u017eivljenje va\u0161e najljub\u0161e ro\u017ee in podpira njeno rast.<\/p>\n<p>Cvetli\u010dni lonci so bili \u017ee od nekdaj uporabljeni za obogatitev na\u0161ega prostora, odli\u010dno se prilegajo tako za notranje prostore, kot tudi za va\u0161e dvori\u0161\u010de in vrt.<\/p>\n\t\t<\/div>\n\t<\/div>\n\t\n\t<div id=\"accordion-3372408971\" class=\"accordion-item\">\n\t\t<a id=\"accordion-3372408971-label\" class=\"accordion-title plain\" href=\"#accordion-item-material\" aria-expanded=\"false\" aria-controls=\"accordion-3372408971-content\">\n\t\t\t<button class=\"toggle\" aria-label=\"Toggle\"><i class=\"icon-angle-down\" aria-hidden=\"true\"><\/i><\/button>\n\t\t\t<span>MATERIAL<\/span>\n\t\t<\/a>\n\t\t<div id=\"accordion-3372408971-content\" class=\"accordion-inner\" aria-labelledby=\"accordion-3372408971-label\">\n\t\t\t\n<p>KERAMIKA<\/p>\n<p>Glazirana keramika, znana tudi kot granitne plo\u0161\u010dice, je na splo\u0161no ena najpogostej\u0161ih izbir za izdelavo razli\u010dnih cvetli\u010dnih loncev in vaz. Pe\u010dena je pri 900 stopinjah, kar pove\u010da odpornost lonca. Pozimi in v drugih vremenskih razmerah s previsokimi ali prenizkimi temperaturami lonec ne poka, ker ne more absorbirati vode. Barva tudi ostane prvotna, ne spremeni se niti pod vplivom UV \u017earkov.<\/p>\n<p>Okrasni lonci za ro\u017ee iz keramike so te\u017eki, a to je tudi dodaten plus, ker jih veter ne more podreti. So \u010dudovitih barv in prihajajo v razli\u010dnih odtenkih, od naravnih in zemeljskih do \u0161e svetlej\u0161ih in bolj izrazitih. Kovinski u\u010dinek je mogo\u010de okrepiti tudi na kerami\u010dnih loncih za ro\u017ee. Ni presenetljivo, da je keramika pogosto prva izbira kupcev, predvsem zaradi lepega videza, pa tudi odpornosti, ki jo zagotavlja.<\/p>\n<p>Pri sami keramiki velja omeniti, da gre za izdelek iz razli\u010dnih glinenih surovin.<\/p>\n\t\t<\/div>\n\t<\/div>\n\t\n\t<div id=\"accordion-2903644903\" class=\"accordion-item\">\n\t\t<a id=\"accordion-2903644903-label\" class=\"accordion-title plain\" href=\"#accordion-item-pogosta-vpra\u0160anja\" aria-expanded=\"false\" aria-controls=\"accordion-2903644903-content\">\n\t\t\t<button class=\"toggle\" aria-label=\"Toggle\"><i class=\"icon-angle-down\" aria-hidden=\"true\"><\/i><\/button>\n\t\t\t<span>POGOSTA VPRA\u0160ANJA<\/span>\n\t\t<\/a>\n\t\t<div id=\"accordion-2903644903-content\" class=\"accordion-inner\" aria-labelledby=\"accordion-2903644903-label\">\n\t\t\t\n\t<div id=\"text-167402409\" class=\"text section-faq-content\">\n\t\t\r\n\r\n<ol>\r\n<li>Si lahko ogledam izdelke pred nakupom na spletni strani?<br \/>\r\nMiravila svoje izdelke prodaja izklju\u010dno preko spleta. Predhodni ogled \u017eal ni mogo\u010d.<\/li>\r\n<li>Kako dolgo traja dostava?<br \/>\r\n\u010ce je izdelek na zalogi, obi\u010dajno traja 3 do 5 dni po prejemu pla\u010dila.<\/li>\r\n<li>Kdo krije stro\u0161ke po\u0161iljanja?<br \/>\r\nDostava za vsa naro\u010dila je BREZPLA\u010cNA.<\/li>\r\n<li>Ali lahko izdelek vrnem?<br \/>\r\nDa, izdelek lahko vrnete v 30 dneh v skladu s splo\u0161nim pravilnikom o vra\u010dilu. Stro\u0161ke po\u0161iljanja za vra\u010dilo krije stranka sama.<\/li>\r\n<li>Ali je moj nakup varen?<br \/>\r\nVa\u0161 nakup in kreditna kartica sta popolnoma varna. To zagotavlja SSL certifikat, ki zagotavlja varno povezavo spletne trgovine.<\/li>\r\n<li>Ali lahko dobim povra\u010dilo z vra\u010dilom izdelka?<br \/>\r\nDa, lahko v skladu s splo\u0161nimi pogoji pravilnika o vra\u010dilu<\/li>\r\n<li>Ali imajo okrasni lonci sistem samolivanja?<br \/>\r\nNe.<\/li>\r\n<li>Iz katerega materiala so okrasni lonci?<br \/>\r\nVe\u010dina jih je iz polistirena ali steklenih vlaken, keramike ali lesa in drugih naravnih materialov.<\/li>\r\n<li>Kateri okrasni lonci so najbolj\u0161i za zunanjo uporabo?<br \/>\r\nPredlagamo \u017eardinjere iz polistirena ali steklenih vlaken.<\/li>\r\n<li>Katere na\u010dine pla\u010dila sprejemate?<br \/>\r\nVisa, Mastercard, PAYPAL.<\/li>\r\n<\/ol>\r\n\t\t\t<\/div>\n\t\n\t\t<\/div>\n\t<\/div>\n\t\n\t<div id=\"accordion-3782024402\" class=\"accordion-item\">\n\t\t<a id=\"accordion-3782024402-label\" class=\"accordion-title plain\" href=\"#accordion-item-dostava\" aria-expanded=\"false\" aria-controls=\"accordion-3782024402-content\">\n\t\t\t<button class=\"toggle\" aria-label=\"Toggle\"><i class=\"icon-angle-down\" aria-hidden=\"true\"><\/i><\/button>\n\t\t\t<span>DOSTAVA<\/span>\n\t\t<\/a>\n\t\t<div id=\"accordion-3782024402-content\" class=\"accordion-inner\" aria-labelledby=\"accordion-3782024402-label\">\n\t\t\t\n\t<div id=\"text-45399511\" class=\"text section-shipping-content\">\n\t\t\r\n\r\n<p>Dostava je brezpla\u010dna, ne glede na znesek nakupa.<\/p>\r\n<p>Dostavljeno vam bo dostavila dostavna slu\u017eba GLS do vrat. Vstop v stanovanje ali stavbo ni vklju\u010den v ceno in se ne dopla\u010da.<\/p>\r\n<p>Obi\u010dajno je dobavni rok 2 do 3 dni, vendar si pridr\u017eujemo pravico do dalj\u0161ega dobave.<\/p>\r\n<p>Ko prejmete po\u0161iljko, morate pred podpisom po\u0161iljko odpreti in pregledati, da ni po\u0161kodovana. Kasnej\u0161ih reklamacij ne upo\u0161tevamo.<\/p>\r\n\t\t\t<\/div>\n\t\n\t\t<\/div>\n\t<\/div>\n\t\n<\/div>\n\t\t<\/div>\n\t\t\t\t\t<\/div>\n\n\t\n\n\t<div id=\"col-1131972266\" class=\"col medium-4 small-12 large-4\"  >\n\t\t\t\t<div class=\"col-inner\"  >\n\t\t\t\n\t\t\t <div class=\"row ikone\"  id=\"row-1227086062\">\r\n\r\n\n\t<div id=\"col-1084070144\" class=\"col medium-6 small-6 large-6\"  >\n\t\t\t\t<div class=\"col-inner\"  >\n\t\t\t\n\t\t\t\r\n\r\n\n\t\t<div class=\"icon-box featured-box icon-box-left text-left is-small\"  >\n\t\t\t\t\t<div class=\"icon-box-img\" style=\"width: 60px\">\n\t\t\t\t<div class=\"icon\">\n\t\t\t\t\t<div class=\"icon-inner\" >\n\t\t\t\t\t\t<img loading=\"lazy\" decoding=\"async\" width=\"100\" height=\"100\" src=\"https:\/\/www.miravila.com\/wp-content\/uploads\/2020\/02\/lightweight-icon.png\" class=\"attachment-medium size-medium\" alt=\"lightweight-icon\" title=\"\">\t\t\t\t\t<\/div>\n\t\t\t\t<\/div>\n\t\t\t<\/div>\n\t\t\t\t<div class=\"icon-box-text last-reset\">\n\t\t\t\t\t\t<h6>LIGHTWEIGHT<\/h6>\t\t\t\r\n\r\n\r\n\t\t<\/div>\n\t<\/div>\n\t\n\t\r\n\n\t\t<div class=\"icon-box featured-box icon-box-left text-left is-small\"  >\n\t\t\t\t\t<div class=\"icon-box-img\" style=\"width: 60px\">\n\t\t\t\t<div class=\"icon\">\n\t\t\t\t\t<div class=\"icon-inner\" >\n\t\t\t\t\t\t<img loading=\"lazy\" decoding=\"async\" width=\"100\" height=\"100\" src=\"https:\/\/www.miravila.com\/wp-content\/uploads\/2020\/02\/easy-to-clean-icon.png\" class=\"attachment-medium size-medium\" alt=\"easy-to-clean-icon\" title=\"\">\t\t\t\t\t<\/div>\n\t\t\t\t<\/div>\n\t\t\t<\/div>\n\t\t\t\t<div class=\"icon-box-text last-reset\">\n\t\t\t\t\t\t<h6>EASY TO CLEAN<\/h6>\t\t\t\r\n\r\n\r\n\t\t<\/div>\n\t<\/div>\n\t\n\t\r\n\n\t\t<div class=\"icon-box featured-box icon-box-left text-left is-small\"  >\n\t\t\t\t\t<div class=\"icon-box-img\" style=\"width: 60px\">\n\t\t\t\t<div class=\"icon\">\n\t\t\t\t\t<div class=\"icon-inner\" >\n\t\t\t\t\t\t<img loading=\"lazy\" decoding=\"async\" width=\"100\" height=\"100\" src=\"https:\/\/www.miravila.com\/wp-content\/uploads\/2020\/02\/drill-hole-icon.png\" class=\"attachment-medium size-medium\" alt=\"drill-hole-icon\" title=\"\">\t\t\t\t\t<\/div>\n\t\t\t\t<\/div>\n\t\t\t<\/div>\n\t\t\t\t<div class=\"icon-box-text last-reset\">\n\t\t\t\t\t\t<h6>DRILL HOLE<\/h6>\t\t\t\r\n\r\n\r\n\t\t<\/div>\n\t<\/div>\n\t\n\t\r\n\n\t\t<div class=\"icon-box featured-box icon-box-left text-left is-small\"  >\n\t\t\t\t\t<div class=\"icon-box-img\" style=\"width: 60px\">\n\t\t\t\t<div class=\"icon\">\n\t\t\t\t\t<div class=\"icon-inner\" >\n\t\t\t\t\t\t<img loading=\"lazy\" decoding=\"async\" width=\"100\" height=\"100\" src=\"https:\/\/www.miravila.com\/wp-content\/uploads\/2020\/02\/in-out-icon.png\" class=\"attachment-medium size-medium\" alt=\"in-out-icon\" title=\"\">\t\t\t\t\t<\/div>\n\t\t\t\t<\/div>\n\t\t\t<\/div>\n\t\t\t\t<div class=\"icon-box-text last-reset\">\n\t\t\t\t\t\t<h6>INDOOR-OUTDOT<\/h6>\t\t\t\r\n\r\n\r\n\t\t<\/div>\n\t<\/div>\n\t\n\t\r\n\r\n\t\t<\/div>\n\t\t\t\t\t<\/div>\n\n\t\r\n\n\t<div id=\"col-2094393049\" class=\"col medium-6 small-6 large-6\"  >\n\t\t\t\t<div class=\"col-inner\"  >\n\t\t\t\n\t\t\t\r\n\r\n\n\t\t<div class=\"icon-box featured-box icon-box-left text-left is-small\"  >\n\t\t\t\t\t<div class=\"icon-box-img\" style=\"width: 60px\">\n\t\t\t\t<div class=\"icon\">\n\t\t\t\t\t<div class=\"icon-inner\" >\n\t\t\t\t\t\t<img loading=\"lazy\" decoding=\"async\" width=\"100\" height=\"100\" src=\"https:\/\/www.miravila.com\/wp-content\/uploads\/2020\/02\/frost-resistance-icon.png\" class=\"attachment-medium size-medium\" alt=\"frost-resistance-icon\" title=\"\">\t\t\t\t\t<\/div>\n\t\t\t\t<\/div>\n\t\t\t<\/div>\n\t\t\t\t<div class=\"icon-box-text last-reset\">\n\t\t\t\t\t\t<h6>FROST RESISTANCE<\/h6>\t\t\t\r\n\r\n\r\n\t\t<\/div>\n\t<\/div>\n\t\n\t\r\n\n\t\t<div class=\"icon-box featured-box icon-box-left text-left is-small\"  >\n\t\t\t\t\t<div class=\"icon-box-img\" style=\"width: 60px\">\n\t\t\t\t<div class=\"icon\">\n\t\t\t\t\t<div class=\"icon-inner\" >\n\t\t\t\t\t\t<img loading=\"lazy\" decoding=\"async\" width=\"100\" height=\"100\" src=\"https:\/\/www.miravila.com\/wp-content\/uploads\/2020\/02\/all-weather-icon.png\" class=\"attachment-medium size-medium\" alt=\"all-weather-icon\" title=\"\">\t\t\t\t\t<\/div>\n\t\t\t\t<\/div>\n\t\t\t<\/div>\n\t\t\t\t<div class=\"icon-box-text last-reset\">\n\t\t\t\t\t\t<h6>ALL WEATHER<\/h6>\t\t\t\r\n\r\n\r\n\t\t<\/div>\n\t<\/div>\n\t\n\t\r\n\n\t\t<div class=\"icon-box featured-box icon-box-left text-left is-small\"  >\n\t\t\t\t\t<div class=\"icon-box-img\" style=\"width: 60px\">\n\t\t\t\t<div class=\"icon\">\n\t\t\t\t\t<div class=\"icon-inner\" >\n\t\t\t\t\t\t<img loading=\"lazy\" decoding=\"async\" width=\"100\" height=\"100\" src=\"https:\/\/www.miravila.com\/wp-content\/uploads\/2020\/02\/hand-made-icon.png\" class=\"attachment-medium size-medium\" alt=\"hand-made-icon\" title=\"\">\t\t\t\t\t<\/div>\n\t\t\t\t<\/div>\n\t\t\t<\/div>\n\t\t\t\t<div class=\"icon-box-text last-reset\">\n\t\t\t\t\t\t<h6>HAND MADE<\/h6>\t\t\t\r\n\r\n\r\n\t\t<\/div>\n\t<\/div>\n\t\n\t\r\n\n\t\t<div class=\"icon-box featured-box icon-box-left text-left is-small\"  >\n\t\t\t\t\t<div class=\"icon-box-img\" style=\"width: 60px\">\n\t\t\t\t<div class=\"icon\">\n\t\t\t\t\t<div class=\"icon-inner\" >\n\t\t\t\t\t\t<img loading=\"lazy\" decoding=\"async\" width=\"100\" height=\"100\" src=\"https:\/\/www.miravila.com\/wp-content\/uploads\/2020\/02\/uv-resistant-icon.png\" class=\"attachment-medium size-medium\" alt=\"uv-resistant-icon\" title=\"\">\t\t\t\t\t<\/div>\n\t\t\t\t<\/div>\n\t\t\t<\/div>\n\t\t\t\t<div class=\"icon-box-text last-reset\">\n\t\t\t\t\t\t<h6>UV RESISTANT<\/h6>\t\t\t\r\n\r\n\r\n\t\t<\/div>\n\t<\/div>\n\t\n\t\r\n\r\n\t\t<\/div>\n\t\t\t\t\t<\/div>\n\n\t\r\n\r\n<\/div> \t\t<\/div>\n\t\t\t\t\t<\/div>\n\n\t\n<\/div>\n","protected":false},"excerpt":{"rendered":"","protected":false},"featured_media":16001,"comment_status":"closed","ping_status":"closed","template":"","meta":[],"product_brand":[],"product_cat":[2082,2107,2092,2083,2097,2113,2081,2116,2100,2114,2098],"product_tag":[],"class_list":{"0":"post-16000","1":"product","2":"type-product","3":"status-publish","4":"has-post-thumbnail","6":"product_cat-cvetlicni-lonci","7":"product_cat-keramicni-cvetlicni-lonci","8":"product_cat-keramicni","9":"product_cat-korita-za-roze","10":"product_cat-notranji","11":"product_cat-notranji-cvetlicni-lonci","12":"product_cat-okrasni-lonci","13":"product_cat-zlati-cvetlicni-lonci","14":"product_cat-zlati","15":"product_cat-zunanji-cvetlicni-lonci","16":"product_cat-zunanji","17":"pa_barva-zlata","18":"pa_material-keramika-sl","19":"pa_sirina-43-sl","20":"pa_sirina-55-sl","21":"pa_uporaba-notranja","22":"pa_uporaba-zunanja","23":"pa_velikost-43x43x43cm-sl","24":"pa_velikost-55x55x55cm-sl","25":"pa_visina-43-sl","26":"pa_visina-55-sl","28":"first","29":"instock","30":"sale","31":"taxable","32":"shipping-taxable","33":"purchasable","34":"product-type-variable","35":"has-default-attributes"},"_links":{"self":[{"href":"https:\/\/www.miravila.com\/sl\/wp-json\/wp\/v2\/product\/16000","targetHints":{"allow":["GET"]}}],"collection":[{"href":"https:\/\/www.miravila.com\/sl\/wp-json\/wp\/v2\/product"}],"about":[{"href":"https:\/\/www.miravila.com\/sl\/wp-json\/wp\/v2\/types\/product"}],"replies":[{"embeddable":true,"href":"https:\/\/www.miravila.com\/sl\/wp-json\/wp\/v2\/comments?post=16000"}],"wp:featuredmedia":[{"embeddable":true,"href":"https:\/\/www.miravila.com\/sl\/wp-json\/wp\/v2\/media\/16001"}],"wp:attachment":[{"href":"https:\/\/www.miravila.com\/sl\/wp-json\/wp\/v2\/media?parent=16000"}],"wp:term":[{"taxonomy":"product_brand","embeddable":true,"href":"https:\/\/www.miravila.com\/sl\/wp-json\/wp\/v2\/product_brand?post=16000"},{"taxonomy":"product_cat","embeddable":true,"href":"https:\/\/www.miravila.com\/sl\/wp-json\/wp\/v2\/product_cat?post=16000"},{"taxonomy":"product_tag","embeddable":true,"href":"https:\/\/www.miravila.com\/sl\/wp-json\/wp\/v2\/product_tag?post=16000"}],"curies":[{"name":"wp","href":"https:\/\/api.w.org\/{rel}","templated":true}]}}