{"id":13392,"date":"2020-03-26T13:21:08","date_gmt":"2021-01-16T09:19:39","guid":{"rendered":"https:\/\/www.miravila.com\/?post_type=product&#038;p=13392"},"modified":"2025-06-25T10:10:59","modified_gmt":"2025-06-25T08:10:59","slug":"gold-partner-mod","status":"publish","type":"product","link":"https:\/\/www.miravila.com\/sl\/cvetlicni-lonec-gold-partner-mod\/","title":{"rendered":"Cvetli\u010dni lonec Gold Partner Mod"},"content":{"rendered":"<div class=\"row\"  id=\"row-1987925310\">\n\n\t<div id=\"col-2063916152\" class=\"col medium-8 small-12 large-8\"  >\n\t\t\t\t<div class=\"col-inner\"  >\n\t\t\t\n\t\t\t\n<div class=\"accordion\">\n\t<div id=\"accordion-2683398511\" class=\"accordion-item\">\n\t\t<a id=\"accordion-2683398511-label\" class=\"accordion-title plain active\" href=\"#accordion-item-opis\" aria-expanded=\"true\" aria-controls=\"accordion-2683398511-content\">\n\t\t\t<button class=\"toggle\" aria-label=\"Toggle\"><i class=\"icon-angle-down\" aria-hidden=\"true\"><\/i><\/button>\n\t\t\t<span>OPIS<\/span>\n\t\t<\/a>\n\t\t<div id=\"accordion-2683398511-content\" class=\"accordion-inner\" style=\"display: block;\" aria-labelledby=\"accordion-2683398511-label\">\n\t\t\t\n<p>Egiptovski cvetli\u010dni lonec je dobil ime po svojem prefinjenem videzu in ker nas spominja na staroegip\u010danske \u010dase in faraone. Ta vaza bo va\u0161 dom popeljala nazaj v &#8216;neke stare \u010dase&#8217;, ko so se negovali dolo\u010deni stili, a so se spo\u0161tovale popolnoma druge vrednote.<\/p>\n<p>Vaza je v bronastem odtenku in je izdelana iz glazirane keramike. Lahko se sprostite in jo uporabljate kjerkoli \u017eelite, saj je ta vaza odporna na zunanje vremenske razmere.<\/p>\n<p>\u010ce nameravate raz\u0161iriti svojo cvetli\u010dno zbirko ali vrt, vam toplo priporo\u010damo, da za svoje ro\u017ee kupite primerne lonce.<\/p>\n\t\t<\/div>\n\t<\/div>\n\t\n\t<div id=\"accordion-1223175815\" class=\"accordion-item\">\n\t\t<a id=\"accordion-1223175815-label\" class=\"accordion-title plain\" href=\"#accordion-item-material\" aria-expanded=\"false\" aria-controls=\"accordion-1223175815-content\">\n\t\t\t<button class=\"toggle\" aria-label=\"Toggle\"><i class=\"icon-angle-down\" aria-hidden=\"true\"><\/i><\/button>\n\t\t\t<span>MATERIAL<\/span>\n\t\t<\/a>\n\t\t<div id=\"accordion-1223175815-content\" class=\"accordion-inner\" aria-labelledby=\"accordion-1223175815-label\">\n\t\t\t\n<p>KERAMIKA<\/p>\n<p>Glazirana keramika, znana tudi kot granitne plo\u0161\u010dice, je na splo\u0161no ena najpogostej\u0161ih izbir za izdelavo razli\u010dnih cvetli\u010dnih loncev in vaz. Pe\u010dena je pri 900 stopinjah, kar pove\u010da odpornost lonca. Pozimi in v drugih vremenskih razmerah s previsokimi ali prenizkimi temperaturami lonec ne poka, ker ne more absorbirati vode. Barva tudi ostane prvotna, ne spremeni se niti pod vplivom UV \u017earkov.<\/p>\n<p>Okrasni lonci za ro\u017ee iz keramike so te\u017eki, a to je tudi dodaten plus, ker jih veter ne more podreti. So \u010dudovitih barv in prihajajo v razli\u010dnih odtenkih, od naravnih in zemeljskih do \u0161e svetlej\u0161ih in bolj izrazitih. Kovinski u\u010dinek je mogo\u010de okrepiti tudi na kerami\u010dnih loncih za ro\u017ee. Ni presenetljivo, da je keramika pogosto prva izbira kupcev, predvsem zaradi lepega videza, pa tudi odpornosti, ki jo zagotavlja.<\/p>\n<p>Pri sami keramiki velja omeniti, da gre za izdelek iz razli\u010dnih glinenih surovin.<\/p>\n\t\t<\/div>\n\t<\/div>\n\t\n\t<div id=\"accordion-1068176807\" class=\"accordion-item\">\n\t\t<a id=\"accordion-1068176807-label\" class=\"accordion-title plain\" href=\"#accordion-item-pogosta-vpra\u0160anja\" aria-expanded=\"false\" aria-controls=\"accordion-1068176807-content\">\n\t\t\t<button class=\"toggle\" aria-label=\"Toggle\"><i class=\"icon-angle-down\" aria-hidden=\"true\"><\/i><\/button>\n\t\t\t<span>POGOSTA VPRA\u0160ANJA<\/span>\n\t\t<\/a>\n\t\t<div id=\"accordion-1068176807-content\" class=\"accordion-inner\" aria-labelledby=\"accordion-1068176807-label\">\n\t\t\t\n\t<div id=\"text-2028571925\" class=\"text section-faq-content\">\n\t\t\r\n\r\n<ol>\r\n<li>Si lahko ogledam izdelke pred nakupom na spletni strani?<br \/>\r\nMiravila svoje izdelke prodaja izklju\u010dno preko spleta. Predhodni ogled \u017eal ni mogo\u010d.<\/li>\r\n<li>Kako dolgo traja dostava?<br \/>\r\n\u010ce je izdelek na zalogi, obi\u010dajno traja 3 do 5 dni po prejemu pla\u010dila.<\/li>\r\n<li>Kdo krije stro\u0161ke po\u0161iljanja?<br \/>\r\nDostava za vsa naro\u010dila je BREZPLA\u010cNA.<\/li>\r\n<li>Ali lahko izdelek vrnem?<br \/>\r\nDa, izdelek lahko vrnete v 30 dneh v skladu s splo\u0161nim pravilnikom o vra\u010dilu. Stro\u0161ke po\u0161iljanja za vra\u010dilo krije stranka sama.<\/li>\r\n<li>Ali je moj nakup varen?<br \/>\r\nVa\u0161 nakup in kreditna kartica sta popolnoma varna. To zagotavlja SSL certifikat, ki zagotavlja varno povezavo spletne trgovine.<\/li>\r\n<li>Ali lahko dobim povra\u010dilo z vra\u010dilom izdelka?<br \/>\r\nDa, lahko v skladu s splo\u0161nimi pogoji pravilnika o vra\u010dilu<\/li>\r\n<li>Ali imajo okrasni lonci sistem samolivanja?<br \/>\r\nNe.<\/li>\r\n<li>Iz katerega materiala so okrasni lonci?<br \/>\r\nVe\u010dina jih je iz polistirena ali steklenih vlaken, keramike ali lesa in drugih naravnih materialov.<\/li>\r\n<li>Kateri okrasni lonci so najbolj\u0161i za zunanjo uporabo?<br \/>\r\nPredlagamo \u017eardinjere iz polistirena ali steklenih vlaken.<\/li>\r\n<li>Katere na\u010dine pla\u010dila sprejemate?<br \/>\r\nVisa, Mastercard, PAYPAL.<\/li>\r\n<\/ol>\r\n\t\t\t<\/div>\n\t\n\t\t<\/div>\n\t<\/div>\n\t\n\t<div id=\"accordion-866060884\" class=\"accordion-item\">\n\t\t<a id=\"accordion-866060884-label\" class=\"accordion-title plain\" href=\"#accordion-item-dostava\" aria-expanded=\"false\" aria-controls=\"accordion-866060884-content\">\n\t\t\t<button class=\"toggle\" aria-label=\"Toggle\"><i class=\"icon-angle-down\" aria-hidden=\"true\"><\/i><\/button>\n\t\t\t<span>DOSTAVA<\/span>\n\t\t<\/a>\n\t\t<div id=\"accordion-866060884-content\" class=\"accordion-inner\" aria-labelledby=\"accordion-866060884-label\">\n\t\t\t\n\t<div id=\"text-908554269\" class=\"text section-shipping-content\">\n\t\t\r\n\r\n<p>Dostava je brezpla\u010dna, ne glede na znesek nakupa.<\/p>\r\n<p>Dostavljeno vam bo dostavila dostavna slu\u017eba GLS do vrat. Vstop v stanovanje ali stavbo ni vklju\u010den v ceno in se ne dopla\u010da.<\/p>\r\n<p>Obi\u010dajno je dobavni rok 2 do 3 dni, vendar si pridr\u017eujemo pravico do dalj\u0161ega dobave.<\/p>\r\n<p>Ko prejmete po\u0161iljko, morate pred podpisom po\u0161iljko odpreti in pregledati, da ni po\u0161kodovana. Kasnej\u0161ih reklamacij ne upo\u0161tevamo.<\/p>\r\n\t\t\t<\/div>\n\t\n\t\t<\/div>\n\t<\/div>\n\t\n<\/div>\n\t\t<\/div>\n\t\t\t\t\t<\/div>\n\n\t\n\n\t<div id=\"col-1686410689\" class=\"col medium-4 small-12 large-4\"  >\n\t\t\t\t<div class=\"col-inner\"  >\n\t\t\t\n\t\t\t <div class=\"row ikone\"  id=\"row-542272563\">\r\n\r\n\n\t<div id=\"col-1229780993\" class=\"col medium-6 small-6 large-6\"  >\n\t\t\t\t<div class=\"col-inner\"  >\n\t\t\t\n\t\t\t\r\n\r\n\n\t\t<div class=\"icon-box featured-box icon-box-left text-left is-small\"  >\n\t\t\t\t\t<div class=\"icon-box-img\" style=\"width: 60px\">\n\t\t\t\t<div class=\"icon\">\n\t\t\t\t\t<div class=\"icon-inner\" >\n\t\t\t\t\t\t<img loading=\"lazy\" decoding=\"async\" width=\"100\" height=\"100\" src=\"https:\/\/www.miravila.com\/wp-content\/uploads\/2020\/02\/lightweight-icon.png\" class=\"attachment-medium size-medium\" alt=\"lightweight-icon\" title=\"\">\t\t\t\t\t<\/div>\n\t\t\t\t<\/div>\n\t\t\t<\/div>\n\t\t\t\t<div class=\"icon-box-text last-reset\">\n\t\t\t\t\t\t<h6>LIGHTWEIGHT<\/h6>\t\t\t\r\n\r\n\r\n\t\t<\/div>\n\t<\/div>\n\t\n\t\r\n\n\t\t<div class=\"icon-box featured-box icon-box-left text-left is-small\"  >\n\t\t\t\t\t<div class=\"icon-box-img\" style=\"width: 60px\">\n\t\t\t\t<div class=\"icon\">\n\t\t\t\t\t<div class=\"icon-inner\" >\n\t\t\t\t\t\t<img loading=\"lazy\" decoding=\"async\" width=\"100\" height=\"100\" src=\"https:\/\/www.miravila.com\/wp-content\/uploads\/2020\/02\/easy-to-clean-icon.png\" class=\"attachment-medium size-medium\" alt=\"easy-to-clean-icon\" title=\"\">\t\t\t\t\t<\/div>\n\t\t\t\t<\/div>\n\t\t\t<\/div>\n\t\t\t\t<div class=\"icon-box-text last-reset\">\n\t\t\t\t\t\t<h6>EASY TO CLEAN<\/h6>\t\t\t\r\n\r\n\r\n\t\t<\/div>\n\t<\/div>\n\t\n\t\r\n\n\t\t<div class=\"icon-box featured-box icon-box-left text-left is-small\"  >\n\t\t\t\t\t<div class=\"icon-box-img\" style=\"width: 60px\">\n\t\t\t\t<div class=\"icon\">\n\t\t\t\t\t<div class=\"icon-inner\" >\n\t\t\t\t\t\t<img loading=\"lazy\" decoding=\"async\" width=\"100\" height=\"100\" src=\"https:\/\/www.miravila.com\/wp-content\/uploads\/2020\/02\/drill-hole-icon.png\" class=\"attachment-medium size-medium\" alt=\"drill-hole-icon\" title=\"\">\t\t\t\t\t<\/div>\n\t\t\t\t<\/div>\n\t\t\t<\/div>\n\t\t\t\t<div class=\"icon-box-text last-reset\">\n\t\t\t\t\t\t<h6>DRILL HOLE<\/h6>\t\t\t\r\n\r\n\r\n\t\t<\/div>\n\t<\/div>\n\t\n\t\r\n\n\t\t<div class=\"icon-box featured-box icon-box-left text-left is-small\"  >\n\t\t\t\t\t<div class=\"icon-box-img\" style=\"width: 60px\">\n\t\t\t\t<div class=\"icon\">\n\t\t\t\t\t<div class=\"icon-inner\" >\n\t\t\t\t\t\t<img loading=\"lazy\" decoding=\"async\" width=\"100\" height=\"100\" src=\"https:\/\/www.miravila.com\/wp-content\/uploads\/2020\/02\/in-out-icon.png\" class=\"attachment-medium size-medium\" alt=\"in-out-icon\" title=\"\">\t\t\t\t\t<\/div>\n\t\t\t\t<\/div>\n\t\t\t<\/div>\n\t\t\t\t<div class=\"icon-box-text last-reset\">\n\t\t\t\t\t\t<h6>INDOOR-OUTDOT<\/h6>\t\t\t\r\n\r\n\r\n\t\t<\/div>\n\t<\/div>\n\t\n\t\r\n\r\n\t\t<\/div>\n\t\t\t\t\t<\/div>\n\n\t\r\n\n\t<div id=\"col-1932773310\" class=\"col medium-6 small-6 large-6\"  >\n\t\t\t\t<div class=\"col-inner\"  >\n\t\t\t\n\t\t\t\r\n\r\n\n\t\t<div class=\"icon-box featured-box icon-box-left text-left is-small\"  >\n\t\t\t\t\t<div class=\"icon-box-img\" style=\"width: 60px\">\n\t\t\t\t<div class=\"icon\">\n\t\t\t\t\t<div class=\"icon-inner\" >\n\t\t\t\t\t\t<img loading=\"lazy\" decoding=\"async\" width=\"100\" height=\"100\" src=\"https:\/\/www.miravila.com\/wp-content\/uploads\/2020\/02\/frost-resistance-icon.png\" class=\"attachment-medium size-medium\" alt=\"frost-resistance-icon\" title=\"\">\t\t\t\t\t<\/div>\n\t\t\t\t<\/div>\n\t\t\t<\/div>\n\t\t\t\t<div class=\"icon-box-text last-reset\">\n\t\t\t\t\t\t<h6>FROST RESISTANCE<\/h6>\t\t\t\r\n\r\n\r\n\t\t<\/div>\n\t<\/div>\n\t\n\t\r\n\n\t\t<div class=\"icon-box featured-box icon-box-left text-left is-small\"  >\n\t\t\t\t\t<div class=\"icon-box-img\" style=\"width: 60px\">\n\t\t\t\t<div class=\"icon\">\n\t\t\t\t\t<div class=\"icon-inner\" >\n\t\t\t\t\t\t<img loading=\"lazy\" decoding=\"async\" width=\"100\" height=\"100\" src=\"https:\/\/www.miravila.com\/wp-content\/uploads\/2020\/02\/all-weather-icon.png\" class=\"attachment-medium size-medium\" alt=\"all-weather-icon\" title=\"\">\t\t\t\t\t<\/div>\n\t\t\t\t<\/div>\n\t\t\t<\/div>\n\t\t\t\t<div class=\"icon-box-text last-reset\">\n\t\t\t\t\t\t<h6>ALL WEATHER<\/h6>\t\t\t\r\n\r\n\r\n\t\t<\/div>\n\t<\/div>\n\t\n\t\r\n\n\t\t<div class=\"icon-box featured-box icon-box-left text-left is-small\"  >\n\t\t\t\t\t<div class=\"icon-box-img\" style=\"width: 60px\">\n\t\t\t\t<div class=\"icon\">\n\t\t\t\t\t<div class=\"icon-inner\" >\n\t\t\t\t\t\t<img loading=\"lazy\" decoding=\"async\" width=\"100\" height=\"100\" src=\"https:\/\/www.miravila.com\/wp-content\/uploads\/2020\/02\/hand-made-icon.png\" class=\"attachment-medium size-medium\" alt=\"hand-made-icon\" title=\"\">\t\t\t\t\t<\/div>\n\t\t\t\t<\/div>\n\t\t\t<\/div>\n\t\t\t\t<div class=\"icon-box-text last-reset\">\n\t\t\t\t\t\t<h6>HAND MADE<\/h6>\t\t\t\r\n\r\n\r\n\t\t<\/div>\n\t<\/div>\n\t\n\t\r\n\n\t\t<div class=\"icon-box featured-box icon-box-left text-left is-small\"  >\n\t\t\t\t\t<div class=\"icon-box-img\" style=\"width: 60px\">\n\t\t\t\t<div class=\"icon\">\n\t\t\t\t\t<div class=\"icon-inner\" >\n\t\t\t\t\t\t<img loading=\"lazy\" decoding=\"async\" width=\"100\" height=\"100\" src=\"https:\/\/www.miravila.com\/wp-content\/uploads\/2020\/02\/uv-resistant-icon.png\" class=\"attachment-medium size-medium\" alt=\"uv-resistant-icon\" title=\"\">\t\t\t\t\t<\/div>\n\t\t\t\t<\/div>\n\t\t\t<\/div>\n\t\t\t\t<div class=\"icon-box-text last-reset\">\n\t\t\t\t\t\t<h6>UV RESISTANT<\/h6>\t\t\t\r\n\r\n\r\n\t\t<\/div>\n\t<\/div>\n\t\n\t\r\n\r\n\t\t<\/div>\n\t\t\t\t\t<\/div>\n\n\t\r\n\r\n<\/div> \t\t<\/div>\n\t\t\t\t\t<\/div>\n\n\t\n<\/div>\n","protected":false},"excerpt":{"rendered":"<p>Visoka, zlata vaza iz keramike, za opremo doma in pisarne. Na voljo v razli\u010dnih modelih in velikostih.<\/p>\n","protected":false},"featured_media":13393,"comment_status":"closed","ping_status":"closed","template":"","meta":[],"product_brand":[],"product_cat":[2082,2107,2092,2083,2097,2113,2081,2116,2100,2114,2098],"product_tag":[],"class_list":{"0":"post-13392","1":"product","2":"type-product","3":"status-publish","4":"has-post-thumbnail","6":"product_cat-cvetlicni-lonci","7":"product_cat-keramicni-cvetlicni-lonci","8":"product_cat-keramicni","9":"product_cat-korita-za-roze","10":"product_cat-notranji","11":"product_cat-notranji-cvetlicni-lonci","12":"product_cat-okrasni-lonci","13":"product_cat-zlati-cvetlicni-lonci","14":"product_cat-zlati","15":"product_cat-zunanji-cvetlicni-lonci","16":"product_cat-zunanji","17":"pa_barva-zlata","18":"pa_material-keramika-sl","19":"pa_sirina-44-sl","20":"pa_sirina-51-sl","21":"pa_uporaba-notranja","22":"pa_uporaba-zunanja","23":"pa_velikost-44x44x77cm-sl","24":"pa_velikost-51x51x94cm-sl","25":"pa_visina-77-sl","26":"pa_visina-94-sl","28":"first","29":"instock","30":"sale","31":"taxable","32":"shipping-taxable","33":"purchasable","34":"product-type-variable","35":"has-default-attributes"},"_links":{"self":[{"href":"https:\/\/www.miravila.com\/sl\/wp-json\/wp\/v2\/product\/13392","targetHints":{"allow":["GET"]}}],"collection":[{"href":"https:\/\/www.miravila.com\/sl\/wp-json\/wp\/v2\/product"}],"about":[{"href":"https:\/\/www.miravila.com\/sl\/wp-json\/wp\/v2\/types\/product"}],"replies":[{"embeddable":true,"href":"https:\/\/www.miravila.com\/sl\/wp-json\/wp\/v2\/comments?post=13392"}],"wp:featuredmedia":[{"embeddable":true,"href":"https:\/\/www.miravila.com\/sl\/wp-json\/wp\/v2\/media\/13393"}],"wp:attachment":[{"href":"https:\/\/www.miravila.com\/sl\/wp-json\/wp\/v2\/media?parent=13392"}],"wp:term":[{"taxonomy":"product_brand","embeddable":true,"href":"https:\/\/www.miravila.com\/sl\/wp-json\/wp\/v2\/product_brand?post=13392"},{"taxonomy":"product_cat","embeddable":true,"href":"https:\/\/www.miravila.com\/sl\/wp-json\/wp\/v2\/product_cat?post=13392"},{"taxonomy":"product_tag","embeddable":true,"href":"https:\/\/www.miravila.com\/sl\/wp-json\/wp\/v2\/product_tag?post=13392"}],"curies":[{"name":"wp","href":"https:\/\/api.w.org\/{rel}","templated":true}]}}