{"id":12997,"date":"2021-01-13T08:41:54","date_gmt":"2021-01-13T07:41:54","guid":{"rendered":"https:\/\/www.miravila.com\/?page_id=12997"},"modified":"2023-02-08T18:51:54","modified_gmt":"2023-02-08T17:51:54","slug":"o-nas","status":"publish","type":"page","link":"https:\/\/www.miravila.com\/sl\/o-nas\/","title":{"rendered":"O nas"},"content":{"rendered":"\n\n  <div class=\"banner has-hover show-for-small\" id=\"banner-496874076\">\n          <div class=\"banner-inner fill\">\n        <div class=\"banner-bg fill\" >\n            <img loading=\"lazy\" decoding=\"async\" width=\"360\" height=\"360\" src=\"https:\/\/www.miravila.com\/wp-content\/uploads\/2021\/09\/o-nama-banner-mobile-1.jpg\" class=\"bg attachment-original size-original\" alt=\"\" title=\"\">                        <div class=\"overlay\"><\/div>            \n                    <\/div>\n\t\t\n        <div class=\"banner-layers container\">\n            <div class=\"fill banner-link\"><\/div>            \n\n   <div id=\"text-box-1709769770\" class=\"text-box banner-layer x0 md-x0 lg-x0 y100 md-y100 lg-y100 res-text\">\n                     <div data-animate=\"none\">           <div class=\"text-box-content text dark\">\n              \n              <div class=\"text-inner text-center\">\n                  \n\n<h1 data-line-height=\"l\">O NAMA<\/h1>\n\n              <\/div>\n           <\/div>\n       <\/div>                     \n<style>\n#text-box-1709769770 .text-box-content {\n  background-color: rgba(0, 0, 0, 0.6);\n  font-size: 130%;\n}\n#text-box-1709769770 .text-inner {\n  padding: 15px 15px 15px 15px;\n}\n#text-box-1709769770 {\n  width: 100%;\n}\n@media (min-width:550px) {\n  #text-box-1709769770 {\n    width: 60%;\n  }\n}\n@media (min-width:850px) {\n  #text-box-1709769770 {\n    width: 51%;\n  }\n}\n<\/style>\n    <\/div>\n \n\n        <\/div>\n      <\/div>\n\n            \n<style>\n#banner-496874076 {\n  padding-top: 99.99%;\n  background-color: rgb(252, 252, 252);\n}\n#banner-496874076 .overlay {\n  background-color: rgba(0, 0, 0, 0.02);\n}\n#banner-496874076 .banner-bg img {\n  object-position: 45% 49%;\n}\n<\/style>\n  <\/div>\n\n\n\n  <div class=\"banner has-hover hide-for-small\" id=\"banner-240802092\">\n          <div class=\"banner-inner fill\">\n        <div class=\"banner-bg fill\" >\n            <img loading=\"lazy\" decoding=\"async\" width=\"1920\" height=\"600\" src=\"https:\/\/www.miravila.com\/wp-content\/uploads\/2020\/02\/vanjske-tegle-za-cvijece-banner.jpg\" class=\"bg attachment-original size-original\" alt=\"vanjske-tegle-za-cvijece-banner\" title=\"\">                        <div class=\"overlay\"><\/div>            \n                    <\/div>\n\t\t\n        <div class=\"banner-layers container\">\n            <div class=\"fill banner-link\"><\/div>            \n\n   <div id=\"text-box-469907526\" class=\"text-box banner-layer x0 md-x0 lg-x0 y100 md-y100 lg-y100 res-text\">\n                     <div data-animate=\"fadeInLeft\">           <div class=\"text-box-content text dark\">\n              \n              <div class=\"text-inner text-center\">\n                  \n\n<h1 data-line-height=\"l\">O NAMA<\/h1>\n\n              <\/div>\n           <\/div>\n       <\/div>                     \n<style>\n#text-box-469907526 .text-box-content {\n  background-color: rgba(0, 0, 0, 0.6);\n  font-size: 130%;\n}\n#text-box-469907526 .text-inner {\n  padding: 15px 15px 15px 15px;\n}\n#text-box-469907526 {\n  width: 100%;\n}\n@media (min-width:550px) {\n  #text-box-469907526 {\n    width: 60%;\n  }\n}\n@media (min-width:850px) {\n  #text-box-469907526 {\n    width: 51%;\n  }\n}\n<\/style>\n    <\/div>\n \n\n        <\/div>\n      <\/div>\n\n            \n<style>\n#banner-240802092 {\n  padding-top: 70vh;\n  background-color: rgb(252, 252, 252);\n}\n#banner-240802092 .overlay {\n  background-color: rgba(0, 0, 0, 0.02);\n}\n#banner-240802092 .banner-bg img {\n  object-position: 29% 60%;\n}\n@media (min-width:550px) {\n  #banner-240802092 {\n    padding-top: 600px;\n  }\n}\n<\/style>\n  <\/div>\n\n\n\t<div id=\"gap-1506647633\" class=\"gap-element clearfix\" style=\"display:block; height:auto;\">\n\t\t\n<style>\n#gap-1506647633 {\n  padding-top: 40px;\n}\n<\/style>\n\t<\/div>\n\t\n\n<div class=\"row\"  id=\"row-206776380\">\n\n\n\t<div id=\"col-431457713\" class=\"col small-12 large-12\"  >\n\t\t\t\t<div class=\"col-inner\"  >\n\t\t\t\n\t\t\t\n\n<h2>O nama<\/h2>\n<p>Hiperion Gh d.o.o. kompanija osnovana je 2015. godine sa velikom \u017eeljom da postane najinspirativnija kompanija za ure\u0111enje prostora, vrtova, poslovnih prostora, te drugih podru\u010dja u \u010ditavoj Evropi. Sretni smo da Vam mo\u017eemo re\u0107i da smo i vi\u0161e od toga ve\u0107 osvarili! Na\u0161a osnovna djelatnost je izrada te prodaja ukrasnih \u017eardinjera za cvije\u0107e sa svojim inovativnim te posvije\u0107enim brendom Miravila.<\/p>\n<p>Do sada smo imali slu\u010daj da su na\u0161e tegle za cvije\u0107e tra\u017eene \u0161irom 25 dr\u017eava u Evropi, poput Italije, Ma\u0111arske, Hrvatske, Francuske, Belgije, Holandije, Njema\u010dke, Malte, Srbije, \u0160vajcarske, Norve\u0161ke&#8230; \u010cini se da je ova lista nezaustavljiva, \u0161to i je bio odaziv na\u0161ih kupaca i klijenata, i upravo iz tog razloga mi smo se odlu\u010dili za jo\u0161 \u0161iru ponudu! \u017delimo udovoljiti ba\u0161 svima. Znamo da ukusi razli\u010diti, od tud i dolazi na\u0161a nebrojna ponuda&#8230;<\/p>\n<p>Priznati arhitekti i dizajneri \u0161irom Evrope su odavno na\u0161i ljudi od povjerenja, te se redovno konsultiramo za izradu najboljih i najsavremenijih izrada tegli za cvije\u0107e.<\/p>\n<p>Na\u0161a ideja je oduvijek bila pove\u0107avanje asortimana ponude shodno sa potra\u017enjom na\u0161ih duboko cijenjenih klijenata. Uistinu smo zadovoljni \u0161to to i uspijevamo ostvariti! Dostave su se oduvijek, pa tako i sada, vr\u0161ile u najmanjem mogu\u0107em vremenskom periodu.<\/p>\n<p>Na\u0161e otporne ukrasne saksije i vaze se posebno izra\u0111uju na zahtjeve kupaca. \u010cak i hoteli i ve\u0107i poslovni prostori ve\u0107 znaju da od nas mogu da o\u010dekuju najbolju, najkvalitetniju, i najbr\u017eu uslugu!<\/p>\n<p>Kada pri\u010damo o inspekcijskom timu za proizvode, mo\u017eete biti sigurni da oni konstantno kontroliraju kvalitet proizvoda, uporedo sa inspekcijom same otpreme.<\/p>\n<p>Na\u0161 visoko iskusni i kvalificirani tim Vam je uvijek na raspolaganju, tako da smo otvoreni za svaka Va\u0161a pitanja! Znajte da ste uvijek dobrodo\u0161li kod nas, a mi smo ovdje da uljep\u0161amo Va\u0161 svakodnevi \u017eivot, prostor, te pomognemo svima da na svaki na\u010din unesu ljepotu u svoj dom!<\/p>\n\n\t\t<\/div>\n\t\t\t\t\t<\/div>\n\n\t\n\n<\/div>\n\t<div id=\"gap-1187793850\" class=\"gap-element clearfix\" style=\"display:block; height:auto;\">\n\t\t\n<style>\n#gap-1187793850 {\n  padding-top: 40px;\n}\n<\/style>\n\t<\/div>\n\t\n\n<div class=\"row align-middle\"  id=\"row-2133849500\">\n\n\n\t<div id=\"col-744149462\" class=\"col medium-6 small-12 large-6\"  >\n\t\t\t\t<div class=\"col-inner\"  >\n\t\t\t\n\t\t\t\n\n<h3>Hiperion Gh d.o.o.<\/h3>\n<p>Hladilni\u0161ka pot 42<br>1000 Ljubljana<br>Slovenia<\/p>\n<p>+385 92 372 36 09<br>\n<a href=\"mailto:info@miravila.com\">info@miravila.com<\/a><\/p>\n\n\t\t<\/div>\n\t\t\t\t\t<\/div>\n\n\t\n\n\t<div id=\"col-1643445002\" class=\"col medium-6 small-12 large-6\"  >\n\t\t\t\t<div class=\"col-inner\"  >\n\t\t\t\n\t\t\t\n\n\t<div class=\"img has-hover x md-x lg-x y md-y lg-y\" id=\"image_903777151\">\n\t\t\t\t\t\t\t\t<div class=\"img-inner dark\" >\n\t\t\t<img loading=\"lazy\" decoding=\"async\" width=\"650\" height=\"650\" src=\"https:\/\/www.miravila.com\/wp-content\/uploads\/2020\/01\/crne-posude-za-cvijece.jpg\" class=\"attachment-original size-original\" alt=\"crne-posude-za-cvijece\" srcset=\"https:\/\/www.miravila.com\/wp-content\/uploads\/2020\/01\/crne-posude-za-cvijece.jpg 650w, https:\/\/www.miravila.com\/wp-content\/uploads\/2020\/01\/crne-posude-za-cvijece-350x350.jpg 350w, https:\/\/www.miravila.com\/wp-content\/uploads\/2020\/01\/crne-posude-za-cvijece-100x100.jpg 100w, https:\/\/www.miravila.com\/wp-content\/uploads\/2020\/01\/crne-posude-za-cvijece-600x600.jpg 600w, https:\/\/www.miravila.com\/wp-content\/uploads\/2020\/01\/crne-posude-za-cvijece-400x400.jpg 400w, https:\/\/www.miravila.com\/wp-content\/uploads\/2020\/01\/crne-posude-za-cvijece-280x280.jpg 280w\" sizes=\"auto, (max-width: 650px) 100vw, 650px\" title=\"\">\t\t\t\t\t\t\n\t\t\t\t\t<\/div>\n\t\t\t\t\t\t\t\t\n<style>\n#image_903777151 {\n  width: 100%;\n}\n<\/style>\n\t<\/div>\n\t\n\n\n\t\t<\/div>\n\t\t\t\t\t<\/div>\n\n\t\n\n<\/div>\n","protected":false},"excerpt":{"rendered":"","protected":false},"author":1,"featured_media":0,"parent":0,"menu_order":0,"comment_status":"closed","ping_status":"closed","template":"page-blank.php","meta":{"footnotes":""},"class_list":["post-12997","page","type-page","status-publish","hentry"],"_links":{"self":[{"href":"https:\/\/www.miravila.com\/sl\/wp-json\/wp\/v2\/pages\/12997","targetHints":{"allow":["GET"]}}],"collection":[{"href":"https:\/\/www.miravila.com\/sl\/wp-json\/wp\/v2\/pages"}],"about":[{"href":"https:\/\/www.miravila.com\/sl\/wp-json\/wp\/v2\/types\/page"}],"author":[{"embeddable":true,"href":"https:\/\/www.miravila.com\/sl\/wp-json\/wp\/v2\/users\/1"}],"replies":[{"embeddable":true,"href":"https:\/\/www.miravila.com\/sl\/wp-json\/wp\/v2\/comments?post=12997"}],"version-history":[{"count":0,"href":"https:\/\/www.miravila.com\/sl\/wp-json\/wp\/v2\/pages\/12997\/revisions"}],"wp:attachment":[{"href":"https:\/\/www.miravila.com\/sl\/wp-json\/wp\/v2\/media?parent=12997"}],"curies":[{"name":"wp","href":"https:\/\/api.w.org\/{rel}","templated":true}]}}