{"id":9486,"date":"2020-03-26T13:21:44","date_gmt":"2020-03-26T09:23:21","guid":{"rendered":"https:\/\/www.miravila.com\/product\/gold-bowl-mod\/"},"modified":"2025-08-04T14:46:05","modified_gmt":"2025-08-04T12:46:05","slug":"gold-bowl-mod","status":"publish","type":"product","link":"https:\/\/www.miravila.com\/it\/gold-bowl-mod\/","title":{"rendered":"Vaso in ceramica Bowl Mod in oro da interno"},"content":{"rendered":"<div class=\"row\"  id=\"row-1507954323\">\n\n\t<div id=\"col-1054152342\" class=\"col medium-8 small-12 large-8\"  >\n\t\t\t\t<div class=\"col-inner\"  >\n\t\t\t\n\t\t\t\n<div class=\"accordion\">\n\t<div id=\"accordion-787890737\" class=\"accordion-item\">\n\t\t<a id=\"accordion-787890737-label\" class=\"accordion-title plain active\" href=\"#accordion-item-descrizione\" aria-expanded=\"true\" aria-controls=\"accordion-787890737-content\">\n\t\t\t<button class=\"toggle\" aria-label=\"Attiva\/Disattiva\"><i class=\"icon-angle-down\" aria-hidden=\"true\"><\/i><\/button>\n\t\t\t<span>DESCRIZIONE<\/span>\n\t\t<\/a>\n\t\t<div id=\"accordion-787890737-content\" class=\"accordion-inner\" style=\"display: block;\" aria-labelledby=\"accordion-787890737-label\">\n\t\t\t\n<p>Il vaso Moda Gold \u00e8 uno dei migliori vasi in ceramica di alta qualit\u00e0. \u00c8 stata dichiarata come la fioriera pi\u00f9 adatta per interni ed esterni. La fioriera Gold Moda pu\u00f2 essere utile come solido portavaso per piante e fiori e come contenitore per gli oggetti domestici, per tutte le necessit\u00e0 giornaliere.<\/p>\n<p>Gli esperti consigliano questo vaso per la coltivazione delle piante. La coltivazione delle piante in un vaso di diametro pi\u00f9 piccolo non \u00e8 consigliata. Un diametro pi\u00f9 ampio invece, \u00e8 l\u2019ideale, poich\u00e9 la pianta cresce al massimo della sua potenzialit\u00e0, senza venire soffocata dalle minacce poste da una fioriera pi\u00f9 stretta. Anche se vasi di ceramica possono sembrare fragili, il vaso Moda mantiene il suo contenuto intatto, senza screpolature o danneggiamenti esterni.<\/p>\n<p>Generalmente, i vasi in ceramica smaltata tendono ad essere pi\u00f9 pesanti di altre fioriere e sono impermeabili in modo che siano pienamente in grado di trattenere l&#8217;umidit\u00e0. Il colore oro rende bellissimo l\u2019esterno della fioriera, rendendo la superficie di base brillante nel momento in cui la luce si riflette su di essa. Il colore oro, funge da materiale non scivoloso, ed \u00e8 applicato sullo strato di smalto esistente della fioriera come decorazione.<\/p>\n\t\t<\/div>\n\t<\/div>\n\t\n\t<div id=\"accordion-4153764340\" class=\"accordion-item\">\n\t\t<a id=\"accordion-4153764340-label\" class=\"accordion-title plain\" href=\"#accordion-item-materiale\" aria-expanded=\"false\" aria-controls=\"accordion-4153764340-content\">\n\t\t\t<button class=\"toggle\" aria-label=\"Attiva\/Disattiva\"><i class=\"icon-angle-down\" aria-hidden=\"true\"><\/i><\/button>\n\t\t\t<span>MATERIALE<\/span>\n\t\t<\/a>\n\t\t<div id=\"accordion-4153764340-content\" class=\"accordion-inner\" aria-labelledby=\"accordion-4153764340-label\">\n\t\t\t\n<p>CERAMICA<\/p>\n<p>La ceramica \u00e8 uno fra i migliori materiali per la realizzazione di oggetti per l\u2019interno e soprattutto per l\u2019esterno. Questo materiale, conosciuto e utilizzato ormai da millenni, ha delle caratteristiche che lo rendono in grado di resistere al meglio alle diverse condizioni meteo: che si tratti di pioggia, dei raggi UV tipici delle giornate estive, del ghiaccio o della neve, la ceramica \u00e8 sempre in grado di mantenere la sua resistenza e la sua bellezza.<\/p>\n<p>In particolare la ceramica smaltata viene cotta a una temperatura pari a 900 gradi centigradi: questo processo \u00e8 determinante per fornire la resistenza e la bellezza tipica di questo materiale.<br \/>\nInoltre, grazie alle moderne tecnologie, \u00e8 possibile ottenere dei particolari effetti nella rifinitura della ceramica, come i colori metallizzati, perfetti per un arredamento moderno.<\/p>\n<p>Ovviamente oltre all\u2019ampia gamma di colori in cui sono disponibili gli oggetti in ceramica, in grado di essere abbinati a diversi stili di arredamento.<\/p>\n\t\t<\/div>\n\t<\/div>\n\t\n\t<div id=\"accordion-314313189\" class=\"accordion-item\">\n\t\t<a id=\"accordion-314313189-label\" class=\"accordion-title plain\" href=\"#accordion-item-faq\" aria-expanded=\"false\" aria-controls=\"accordion-314313189-content\">\n\t\t\t<button class=\"toggle\" aria-label=\"Attiva\/Disattiva\"><i class=\"icon-angle-down\" aria-hidden=\"true\"><\/i><\/button>\n\t\t\t<span>FAQ<\/span>\n\t\t<\/a>\n\t\t<div id=\"accordion-314313189-content\" class=\"accordion-inner\" aria-labelledby=\"accordion-314313189-label\">\n\t\t\t\n<ol>\r\n<li><strong>Posso vedere le fioriere in qualche showroom o negozio in Italia?<br \/><\/strong><span style=\"color: #555555;\">No, Miravila vende solo online.<\/span><\/li>\r\n<li><strong>Quanto tempo ci vuole per la spedizione?<br \/><\/strong><span style=\"color: #555555;\">Se il prodotto \u00e8 in magazzino, sono necessari 3-5 giorni dopo la ricezione del pagamento.<\/span><\/li>\r\n<li><strong>Chi paga i costi di consegna?<br \/><\/strong><span style=\"color: #555555;\">La consegna \u00e8 gratuita per ogni acquisto.<\/span><\/li>\r\n<li><strong>Posso effettuare un reso?<br \/><\/strong><span style=\"color: #555555;\">S\u00ec \u00e8 possibile restituire un oggetto ordinato entro 30 giorni dall\u2019ordine, come previsto dalle condizioni di vendita. Le spese di trasporto per il reso saranno a tuo carico.<\/span><\/li>\r\n<li><strong>La procedura di acquisto online \u00e8 sicura?<br \/><\/strong><span style=\"color: #555555;\">S\u00ec, \u00e8 assolutamente sicura.<\/span><\/li>\r\n<li><strong>Come posso ottenere la restituzione della somma pagata in caso di reso?<br \/><\/strong><span style=\"color: #555555;\">Restituiremo la somma sulla tua carta di credito entro 15 giorni dal ricevimento del reso al nostro indirizzo.<\/span><\/li>\r\n<li><strong>Le fioriere hanno un sistema di auto irrigazione incluso?<br \/><\/strong><span style=\"color: #555555;\">No, le fioriere Miravila non hanno un sistema di auto irrigazione incluso.<\/span><\/li>\r\n<li><strong>Con quali materiali sono prodotte le fioriere?<br \/><\/strong><span style=\"color: #555555;\">Generalmente le fioriere Miravila sono prodotte in vetroresina, ceramica o materiali naturali.<\/span><\/li>\r\n<li><strong>Quali fioriere sono indicate per l\u2019esterno?<br \/><\/strong><span style=\"color: #555555;\">Noi suggeriamo le fioriere in vetroresina e ceramica.<\/span><\/li>\r\n<li><strong>Quali metodi di pagamento accettate?<br \/><\/strong><span style=\"color: #555555;\">Puoi pagare con carte di credito come Visa e Mastercard e attraverso PayPal<\/span><\/li>\r\n<\/ol>\n\t\t<\/div>\n\t<\/div>\n\t\n\t<div id=\"accordion-3955716353\" class=\"accordion-item\">\n\t\t<a id=\"accordion-3955716353-label\" class=\"accordion-title plain\" href=\"#accordion-item-spedizione\" aria-expanded=\"false\" aria-controls=\"accordion-3955716353-content\">\n\t\t\t<button class=\"toggle\" aria-label=\"Attiva\/Disattiva\"><i class=\"icon-angle-down\" aria-hidden=\"true\"><\/i><\/button>\n\t\t\t<span>SPEDIZIONE<\/span>\n\t\t<\/a>\n\t\t<div id=\"accordion-3955716353-content\" class=\"accordion-inner\" aria-labelledby=\"accordion-3955716353-label\">\n\t\t\t\n<p>La spedizione \u00e8 gratuita per tutta Italia, a eccezione della Sardegna. Per la Sardegna scriveteci una mail prima di effettuare l\u2019ordine.<\/p>\r\n<p>La consegna sar\u00e0 effettuata con il corriere Bartolini BRT all\u2019entrata dell\u2019edificio o a piano strada e non comprendere il costo della consegna al piano.<\/p>\r\n<p>Se l\u2019articolo ordinato \u00e8 in magazzino normalmente spediamo l\u2019ordine in 2-3 giorni. Ma questo non \u00e8 assicurato al 100%, abbiamo la possibilit\u00e0 di ritardare la spedizione.<\/p>\r\n<p>Alla ricezione della spedizione ti consigliamo di controllare lo stato dell\u2019imballaggio, per verificare che sia integro prima di firmare il documento di consegna al corriere BRT. Se noti che l\u2019imballaggio \u00e8 rotto o danneggiato inoltra un reclamo scritto direttamente al corriere, in modo che ne prenda nota sul documento di consegna.<\/p>\n\t\t<\/div>\n\t<\/div>\n\t\n<\/div>\n\t\t<\/div>\n\t\t\t\t\t<\/div>\n\n\t\n\n\t<div id=\"col-1388503287\" class=\"col medium-4 small-12 large-4\"  >\n\t\t\t\t<div class=\"col-inner\"  >\n\t\t\t\n\t\t\t <div class=\"row ikone\"  id=\"row-1496991221\">\r\n\r\n\n\t<div id=\"col-1122224592\" class=\"col medium-6 small-6 large-6\"  >\n\t\t\t\t<div class=\"col-inner\"  >\n\t\t\t\n\t\t\t\r\n\r\n\n\t\t<div class=\"icon-box featured-box icon-box-left text-left is-small\"  >\n\t\t\t\t\t<div class=\"icon-box-img\" style=\"width: 60px\">\n\t\t\t\t<div class=\"icon\">\n\t\t\t\t\t<div class=\"icon-inner\" >\n\t\t\t\t\t\t<img loading=\"lazy\" decoding=\"async\" width=\"100\" height=\"100\" src=\"https:\/\/www.miravila.com\/wp-content\/uploads\/2020\/02\/lightweight-icon.png\" class=\"attachment-medium size-medium\" alt=\"lightweight-icon\" title=\"\">\t\t\t\t\t<\/div>\n\t\t\t\t<\/div>\n\t\t\t<\/div>\n\t\t\t\t<div class=\"icon-box-text last-reset\">\n\t\t\t\t\t\t<h6>Leggero<\/h6>\t\t\t\r\n\r\n\r\n\t\t<\/div>\n\t<\/div>\n\t\n\t\r\n\n\t\t<div class=\"icon-box featured-box icon-box-left text-left is-small\"  >\n\t\t\t\t\t<div class=\"icon-box-img\" style=\"width: 60px\">\n\t\t\t\t<div class=\"icon\">\n\t\t\t\t\t<div class=\"icon-inner\" >\n\t\t\t\t\t\t<img loading=\"lazy\" decoding=\"async\" width=\"100\" height=\"100\" src=\"https:\/\/www.miravila.com\/wp-content\/uploads\/2020\/02\/easy-to-clean-icon.png\" class=\"attachment-medium size-medium\" alt=\"easy-to-clean-icon\" title=\"\">\t\t\t\t\t<\/div>\n\t\t\t\t<\/div>\n\t\t\t<\/div>\n\t\t\t\t<div class=\"icon-box-text last-reset\">\n\t\t\t\t\t\t<h6>Facile da pulire<\/h6>\t\t\t\r\n\r\n\r\n\t\t<\/div>\n\t<\/div>\n\t\n\t\r\n\n\t\t<div class=\"icon-box featured-box icon-box-left text-left is-small\"  >\n\t\t\t\t\t<div class=\"icon-box-img\" style=\"width: 60px\">\n\t\t\t\t<div class=\"icon\">\n\t\t\t\t\t<div class=\"icon-inner\" >\n\t\t\t\t\t\t<img loading=\"lazy\" decoding=\"async\" width=\"100\" height=\"100\" src=\"https:\/\/www.miravila.com\/wp-content\/uploads\/2020\/02\/drill-hole-icon.png\" class=\"attachment-medium size-medium\" alt=\"drill-hole-icon\" title=\"\">\t\t\t\t\t<\/div>\n\t\t\t\t<\/div>\n\t\t\t<\/div>\n\t\t\t\t<div class=\"icon-box-text last-reset\">\n\t\t\t\t\t\t<h6>Foro per il trapano<\/h6>\t\t\t\r\n\r\n\r\n\t\t<\/div>\n\t<\/div>\n\t\n\t\r\n\n\t\t<div class=\"icon-box featured-box icon-box-left text-left is-small\"  >\n\t\t\t\t\t<div class=\"icon-box-img\" style=\"width: 60px\">\n\t\t\t\t<div class=\"icon\">\n\t\t\t\t\t<div class=\"icon-inner\" >\n\t\t\t\t\t\t<img loading=\"lazy\" decoding=\"async\" width=\"100\" height=\"100\" src=\"https:\/\/www.miravila.com\/wp-content\/uploads\/2020\/02\/in-out-icon.png\" class=\"attachment-medium size-medium\" alt=\"in-out-icon\" title=\"\">\t\t\t\t\t<\/div>\n\t\t\t\t<\/div>\n\t\t\t<\/div>\n\t\t\t\t<div class=\"icon-box-text last-reset\">\n\t\t\t\t\t\t<h6>Per interno ed esterno<\/h6>\t\t\t\r\n\r\n\r\n\t\t<\/div>\n\t<\/div>\n\t\n\t\r\n\r\n\t\t<\/div>\n\t\t\t\t\t<\/div>\n\n\t\r\n\n\t<div id=\"col-1565331292\" class=\"col medium-6 small-6 large-6\"  >\n\t\t\t\t<div class=\"col-inner\"  >\n\t\t\t\n\t\t\t\r\n\r\n\n\t\t<div class=\"icon-box featured-box icon-box-left text-left is-small\"  >\n\t\t\t\t\t<div class=\"icon-box-img\" style=\"width: 60px\">\n\t\t\t\t<div class=\"icon\">\n\t\t\t\t\t<div class=\"icon-inner\" >\n\t\t\t\t\t\t<img loading=\"lazy\" decoding=\"async\" width=\"100\" height=\"100\" src=\"https:\/\/www.miravila.com\/wp-content\/uploads\/2020\/02\/frost-resistance-icon.png\" class=\"attachment-medium size-medium\" alt=\"frost-resistance-icon\" title=\"\">\t\t\t\t\t<\/div>\n\t\t\t\t<\/div>\n\t\t\t<\/div>\n\t\t\t\t<div class=\"icon-box-text last-reset\">\n\t\t\t\t\t\t<h6>Resistente al freddo<\/h6>\t\t\t\r\n\r\n\r\n\t\t<\/div>\n\t<\/div>\n\t\n\t\r\n\n\t\t<div class=\"icon-box featured-box icon-box-left text-left is-small\"  >\n\t\t\t\t\t<div class=\"icon-box-img\" style=\"width: 60px\">\n\t\t\t\t<div class=\"icon\">\n\t\t\t\t\t<div class=\"icon-inner\" >\n\t\t\t\t\t\t<img loading=\"lazy\" decoding=\"async\" width=\"100\" height=\"100\" src=\"https:\/\/www.miravila.com\/wp-content\/uploads\/2020\/02\/all-weather-icon.png\" class=\"attachment-medium size-medium\" alt=\"all-weather-icon\" title=\"\">\t\t\t\t\t<\/div>\n\t\t\t\t<\/div>\n\t\t\t<\/div>\n\t\t\t\t<div class=\"icon-box-text last-reset\">\n\t\t\t\t\t\t<h6>Resistente a neve e sole<\/h6>\t\t\t\r\n\r\n\r\n\t\t<\/div>\n\t<\/div>\n\t\n\t\r\n\n\t\t<div class=\"icon-box featured-box icon-box-left text-left is-small\"  >\n\t\t\t\t\t<div class=\"icon-box-img\" style=\"width: 60px\">\n\t\t\t\t<div class=\"icon\">\n\t\t\t\t\t<div class=\"icon-inner\" >\n\t\t\t\t\t\t<img loading=\"lazy\" decoding=\"async\" width=\"100\" height=\"100\" src=\"https:\/\/www.miravila.com\/wp-content\/uploads\/2020\/02\/hand-made-icon.png\" class=\"attachment-medium size-medium\" alt=\"hand-made-icon\" title=\"\">\t\t\t\t\t<\/div>\n\t\t\t\t<\/div>\n\t\t\t<\/div>\n\t\t\t\t<div class=\"icon-box-text last-reset\">\n\t\t\t\t\t\t<h6>Fatto a mano<\/h6>\t\t\t\r\n\r\n\r\n\t\t<\/div>\n\t<\/div>\n\t\n\t\r\n\n\t\t<div class=\"icon-box featured-box icon-box-left text-left is-small\"  >\n\t\t\t\t\t<div class=\"icon-box-img\" style=\"width: 60px\">\n\t\t\t\t<div class=\"icon\">\n\t\t\t\t\t<div class=\"icon-inner\" >\n\t\t\t\t\t\t<img loading=\"lazy\" decoding=\"async\" width=\"100\" height=\"100\" src=\"https:\/\/www.miravila.com\/wp-content\/uploads\/2020\/02\/uv-resistant-icon.png\" class=\"attachment-medium size-medium\" alt=\"uv-resistant-icon\" title=\"\">\t\t\t\t\t<\/div>\n\t\t\t\t<\/div>\n\t\t\t<\/div>\n\t\t\t\t<div class=\"icon-box-text last-reset\">\n\t\t\t\t\t\t<h6>Resistente ai raggi UV<\/h6>\t\t\t\r\n\r\n\r\n\t\t<\/div>\n\t<\/div>\n\t\n\t\r\n\r\n\t\t<\/div>\n\t\t\t\t\t<\/div>\n\n\t\r\n\r\n<\/div> \t\t<\/div>\n\t\t\t\t\t<\/div>\n\n\t\n<\/div>\n","protected":false},"excerpt":{"rendered":"<p>Vaso e portavaso ovale in ceramica per piante e fiori e come porta oggetti.<\/p>\n","protected":false},"featured_media":3436,"comment_status":"closed","ping_status":"closed","template":"","meta":[],"product_brand":[],"product_cat":[363,302,282,351,287,356,280,289,358,350,281,357,288,367,317,286,355,291,349],"product_tag":[],"class_list":{"0":"post-9486","1":"product","2":"type-product","3":"status-publish","4":"has-post-thumbnail","6":"product_cat-ceramica-vasi","7":"product_cat-ceramica-fioriere","8":"product_cat-esterno-fioriere","9":"product_cat-esterno-vasi","10":"product_cat-fiori-fioriere","11":"product_cat-fiori-vasi","12":"product_cat-fioriere","13":"product_cat-giardino-fioriere","14":"product_cat-giardino-vasi","15":"product_cat-interno-vasi","16":"product_cat-interno-fioriere","17":"product_cat-moderni-vasi","18":"product_cat-moderni-fioriere","19":"product_cat-oro-vasi","20":"product_cat-oro-fioriere","21":"product_cat-piante-fioriere","22":"product_cat-piante-vasi","23":"product_cat-portavasi","24":"product_cat-vasi","25":"pa_barva-oro","26":"pa_material-ceramica","27":"pa_sirina-56-it","28":"pa_sirina-76-it","29":"pa_uporaba-esterno","30":"pa_uporaba-interno","31":"pa_velikost-56x56x20cm-it","32":"pa_velikost-76x76x31cm-it","33":"pa_visina-20-it","34":"pa_visina-31-it","36":"first","37":"instock","38":"sale","39":"taxable","40":"shipping-taxable","41":"purchasable","42":"product-type-variable","43":"has-default-attributes"},"_links":{"self":[{"href":"https:\/\/www.miravila.com\/it\/wp-json\/wp\/v2\/product\/9486","targetHints":{"allow":["GET"]}}],"collection":[{"href":"https:\/\/www.miravila.com\/it\/wp-json\/wp\/v2\/product"}],"about":[{"href":"https:\/\/www.miravila.com\/it\/wp-json\/wp\/v2\/types\/product"}],"replies":[{"embeddable":true,"href":"https:\/\/www.miravila.com\/it\/wp-json\/wp\/v2\/comments?post=9486"}],"wp:featuredmedia":[{"embeddable":true,"href":"https:\/\/www.miravila.com\/it\/wp-json\/wp\/v2\/media\/3436"}],"wp:attachment":[{"href":"https:\/\/www.miravila.com\/it\/wp-json\/wp\/v2\/media?parent=9486"}],"wp:term":[{"taxonomy":"product_brand","embeddable":true,"href":"https:\/\/www.miravila.com\/it\/wp-json\/wp\/v2\/product_brand?post=9486"},{"taxonomy":"product_cat","embeddable":true,"href":"https:\/\/www.miravila.com\/it\/wp-json\/wp\/v2\/product_cat?post=9486"},{"taxonomy":"product_tag","embeddable":true,"href":"https:\/\/www.miravila.com\/it\/wp-json\/wp\/v2\/product_tag?post=9486"}],"curies":[{"name":"wp","href":"https:\/\/api.w.org\/{rel}","templated":true}]}}