{"id":9457,"date":"2020-03-26T13:21:32","date_gmt":"2020-03-26T09:23:12","guid":{"rendered":"https:\/\/www.miravila.com\/product\/torin-wicker\/"},"modified":"2023-02-18T12:21:08","modified_gmt":"2023-02-18T11:21:08","slug":"torin-wicker","status":"publish","type":"product","link":"https:\/\/www.miravila.com\/it\/torin-wicker\/","title":{"rendered":"Fioriere in legno Torin in wicker"},"content":{"rendered":"<div class=\"row\"  id=\"row-725436094\">\n\n\t<div id=\"col-1647689474\" class=\"col medium-8 small-12 large-8\"  >\n\t\t\t\t<div class=\"col-inner\"  >\n\t\t\t\n\t\t\t\n<div class=\"accordion\">\n\t<div id=\"accordion-192762853\" class=\"accordion-item\">\n\t\t<a id=\"accordion-192762853-label\" class=\"accordion-title plain active\" href=\"#accordion-item-descrizione\" aria-expanded=\"true\" aria-controls=\"accordion-192762853-content\">\n\t\t\t<button class=\"toggle\" aria-label=\"Attiva\/Disattiva\"><i class=\"icon-angle-down\" aria-hidden=\"true\"><\/i><\/button>\n\t\t\t<span>DESCRIZIONE<\/span>\n\t\t<\/a>\n\t\t<div id=\"accordion-192762853-content\" class=\"accordion-inner\" style=\"display: block;\" aria-labelledby=\"accordion-192762853-label\">\n\t\t\t\n<p>La fioriera Torin Wicker \u00e8 stata rifinita a mano con materiali naturali. \u00c8 composta di vetroresina sottile e in vimini. Le corde di abac\u00e0 sono state applicate al vimini, che si compone di vero materiale di vimini, o di una vetroresina robusta e leggera. Ogni fioriera \u00e8 semplicemente unica, e quando le diverse misure sono disposte insieme, rendono il loro look confortabile e formale.<\/p>\n<p>Il vaso grazie alle sua forma alta a cilindro, pu\u00f2 essere disposto anche come porta fiori all&#8217;interno della caso o dell&#8217;ufficio.<\/p>\n<p>Questi vasi sembrano incredibilmente adatti agli spazi con un design semplice e moderno, dove si intensificano le prospettive degli interni.<\/p>\n\t\t<\/div>\n\t<\/div>\n\t\n\t<div id=\"accordion-1175578320\" class=\"accordion-item\">\n\t\t<a id=\"accordion-1175578320-label\" class=\"accordion-title plain\" href=\"#accordion-item-materiale\" aria-expanded=\"false\" aria-controls=\"accordion-1175578320-content\">\n\t\t\t<button class=\"toggle\" aria-label=\"Attiva\/Disattiva\"><i class=\"icon-angle-down\" aria-hidden=\"true\"><\/i><\/button>\n\t\t\t<span>MATERIALE<\/span>\n\t\t<\/a>\n\t\t<div id=\"accordion-1175578320-content\" class=\"accordion-inner\" aria-labelledby=\"accordion-1175578320-label\">\n\t\t\t\n<p>WICKER<\/p>\n<p>Il Vimini \u00e8 un materiale utilizzato da secoli per la realizzazione di oggetti di arredamento: questo perch\u00e9 le foglie di vero bamb\u00f9, da cui sono costituiti gli oggetti in vimini, hanno caratteristiche tali da renderle uniche. Infatti le foglie di vero bamb\u00f9 sono flessibili, impermeabili e resistenti: quindi la lavorazione \u00e8 semplice e permette di ottenere oggetti belli e allo stesso tempo resistenti, senza dimenticare che si tratta di un materiale completamente naturale.<\/p>\n<p>Inoltre, ogni foglia di bamb\u00f9 \u00e8 diversa dalle altre: questo vuol dire che ogni oggetto creato in vimini \u00e8 necessariamente unico, grazie anche alla lavorazione professionale.<\/p>\n<p>Per rendere pi\u00f9 bello e resistente il vimini, questo materiale viene sottoposto a un processo di laccatura, che lo rende maggiormente protetto rispetto agli agenti esterni e che garantisce una maggiore lucentezza e durata nel tempo.<\/p>\n<p>La base degli oggetti di vimini \u00e8 in vetroresina: un materiale leggero e allo stesso tempo resistente e semplice da modellare per creare delle figure uniche.<\/p>\n\t\t<\/div>\n\t<\/div>\n\t\n\t<div id=\"accordion-708848722\" class=\"accordion-item\">\n\t\t<a id=\"accordion-708848722-label\" class=\"accordion-title plain\" href=\"#accordion-item-faq\" aria-expanded=\"false\" aria-controls=\"accordion-708848722-content\">\n\t\t\t<button class=\"toggle\" aria-label=\"Attiva\/Disattiva\"><i class=\"icon-angle-down\" aria-hidden=\"true\"><\/i><\/button>\n\t\t\t<span>FAQ<\/span>\n\t\t<\/a>\n\t\t<div id=\"accordion-708848722-content\" class=\"accordion-inner\" aria-labelledby=\"accordion-708848722-label\">\n\t\t\t\n<ol>\r\n<li><strong>Posso vedere le fioriere in qualche showroom o negozio in Italia?<br \/><\/strong><span style=\"color: #555555;\">No, Miravila vende solo online.<\/span><\/li>\r\n<li><strong>Quanto tempo ci vuole per la spedizione?<br \/><\/strong><span style=\"color: #555555;\">Se il prodotto \u00e8 in magazzino, sono necessari 3-5 giorni dopo la ricezione del pagamento.<\/span><\/li>\r\n<li><strong>Chi paga i costi di consegna?<br \/><\/strong><span style=\"color: #555555;\">La consegna \u00e8 gratuita per ogni acquisto.<\/span><\/li>\r\n<li><strong>Posso effettuare un reso?<br \/><\/strong><span style=\"color: #555555;\">S\u00ec \u00e8 possibile restituire un oggetto ordinato entro 30 giorni dall\u2019ordine, come previsto dalle condizioni di vendita. Le spese di trasporto per il reso saranno a tuo carico.<\/span><\/li>\r\n<li><strong>La procedura di acquisto online \u00e8 sicura?<br \/><\/strong><span style=\"color: #555555;\">S\u00ec, \u00e8 assolutamente sicura.<\/span><\/li>\r\n<li><strong>Come posso ottenere la restituzione della somma pagata in caso di reso?<br \/><\/strong><span style=\"color: #555555;\">Restituiremo la somma sulla tua carta di credito entro 15 giorni dal ricevimento del reso al nostro indirizzo.<\/span><\/li>\r\n<li><strong>Le fioriere hanno un sistema di auto irrigazione incluso?<br \/><\/strong><span style=\"color: #555555;\">No, le fioriere Miravila non hanno un sistema di auto irrigazione incluso.<\/span><\/li>\r\n<li><strong>Con quali materiali sono prodotte le fioriere?<br \/><\/strong><span style=\"color: #555555;\">Generalmente le fioriere Miravila sono prodotte in vetroresina, ceramica o materiali naturali.<\/span><\/li>\r\n<li><strong>Quali fioriere sono indicate per l\u2019esterno?<br \/><\/strong><span style=\"color: #555555;\">Noi suggeriamo le fioriere in vetroresina e ceramica.<\/span><\/li>\r\n<li><strong>Quali metodi di pagamento accettate?<br \/><\/strong><span style=\"color: #555555;\">Puoi pagare con carte di credito come Visa e Mastercard e attraverso PayPal<\/span><\/li>\r\n<\/ol>\n\t\t<\/div>\n\t<\/div>\n\t\n\t<div id=\"accordion-862940328\" class=\"accordion-item\">\n\t\t<a id=\"accordion-862940328-label\" class=\"accordion-title plain\" href=\"#accordion-item-spedizione\" aria-expanded=\"false\" aria-controls=\"accordion-862940328-content\">\n\t\t\t<button class=\"toggle\" aria-label=\"Attiva\/Disattiva\"><i class=\"icon-angle-down\" aria-hidden=\"true\"><\/i><\/button>\n\t\t\t<span>SPEDIZIONE<\/span>\n\t\t<\/a>\n\t\t<div id=\"accordion-862940328-content\" class=\"accordion-inner\" aria-labelledby=\"accordion-862940328-label\">\n\t\t\t\n<p>La spedizione \u00e8 gratuita per tutta Italia, a eccezione della Sardegna. Per la Sardegna scriveteci una mail prima di effettuare l\u2019ordine.<\/p>\r\n<p>La consegna sar\u00e0 effettuata con il corriere Bartolini BRT all\u2019entrata dell\u2019edificio o a piano strada e non comprendere il costo della consegna al piano.<\/p>\r\n<p>Se l\u2019articolo ordinato \u00e8 in magazzino normalmente spediamo l\u2019ordine in 2-3 giorni. Ma questo non \u00e8 assicurato al 100%, abbiamo la possibilit\u00e0 di ritardare la spedizione.<\/p>\r\n<p>Alla ricezione della spedizione ti consigliamo di controllare lo stato dell\u2019imballaggio, per verificare che sia integro prima di firmare il documento di consegna al corriere BRT. Se noti che l\u2019imballaggio \u00e8 rotto o danneggiato inoltra un reclamo scritto direttamente al corriere, in modo che ne prenda nota sul documento di consegna.<\/p>\n\t\t<\/div>\n\t<\/div>\n\t\n<\/div>\n\t\t<\/div>\n\t\t\t\t\t<\/div>\n\n\t\n\n\t<div id=\"col-1372760524\" class=\"col medium-4 small-12 large-4\"  >\n\t\t\t\t<div class=\"col-inner\"  >\n\t\t\t\n\t\t\t <div class=\"row ikone\"  id=\"row-69374688\">\r\n\r\n\n\t<div id=\"col-1590851143\" class=\"col medium-6 small-6 large-6\"  >\n\t\t\t\t<div class=\"col-inner\"  >\n\t\t\t\n\t\t\t\r\n\r\n\n\t\t<div class=\"icon-box featured-box icon-box-left text-left is-small\"  >\n\t\t\t\t\t<div class=\"icon-box-img\" style=\"width: 60px\">\n\t\t\t\t<div class=\"icon\">\n\t\t\t\t\t<div class=\"icon-inner\" >\n\t\t\t\t\t\t<img loading=\"lazy\" decoding=\"async\" width=\"100\" height=\"100\" src=\"https:\/\/www.miravila.com\/wp-content\/uploads\/2020\/02\/lightweight-icon.png\" class=\"attachment-medium size-medium\" alt=\"lightweight-icon\" title=\"\">\t\t\t\t\t<\/div>\n\t\t\t\t<\/div>\n\t\t\t<\/div>\n\t\t\t\t<div class=\"icon-box-text last-reset\">\n\t\t\t\t\t\t<h6>Leggero<\/h6>\t\t\t\r\n\t\t<\/div>\n\t<\/div>\n\t\n\t\r\n\r\n\n\t\t<div class=\"icon-box featured-box icon-box-left text-left is-small\"  >\n\t\t\t\t\t<div class=\"icon-box-img\" style=\"width: 60px\">\n\t\t\t\t<div class=\"icon\">\n\t\t\t\t\t<div class=\"icon-inner\" >\n\t\t\t\t\t\t<img loading=\"lazy\" decoding=\"async\" width=\"100\" height=\"100\" src=\"https:\/\/www.miravila.com\/wp-content\/uploads\/2020\/02\/easy-to-clean-icon.png\" class=\"attachment-medium size-medium\" alt=\"easy-to-clean-icon\" title=\"\">\t\t\t\t\t<\/div>\n\t\t\t\t<\/div>\n\t\t\t<\/div>\n\t\t\t\t<div class=\"icon-box-text last-reset\">\n\t\t\t\t\t\t<h6>Facile da pulire<\/h6>\t\t\t\r\n\t\t<\/div>\n\t<\/div>\n\t\n\t\r\n\r\n\t\t<\/div>\n\t\t\t\t\t<\/div>\n\n\t\r\n\n\t<div id=\"col-1044714721\" class=\"col medium-6 small-6 large-6\"  >\n\t\t\t\t<div class=\"col-inner\"  >\n\t\t\t\n\t\t\t\r\n\r\n\n\t\t<div class=\"icon-box featured-box icon-box-left text-left is-small\"  >\n\t\t\t\t\t<div class=\"icon-box-img\" style=\"width: 60px\">\n\t\t\t\t<div class=\"icon\">\n\t\t\t\t\t<div class=\"icon-inner\" >\n\t\t\t\t\t\t<img loading=\"lazy\" decoding=\"async\" width=\"100\" height=\"100\" src=\"https:\/\/www.miravila.com\/wp-content\/uploads\/2020\/02\/hand-made-icon.png\" class=\"attachment-medium size-medium\" alt=\"hand-made-icon\" title=\"\">\t\t\t\t\t<\/div>\n\t\t\t\t<\/div>\n\t\t\t<\/div>\n\t\t\t\t<div class=\"icon-box-text last-reset\">\n\t\t\t\t\t\t<h6>Fatto a mano<\/h6>\t\t\t\r\n\t\t<\/div>\n\t<\/div>\n\t\n\t\r\n\r\n\t\t<\/div>\n\t\t\t\t\t<\/div>\n\n\t\r\n\r\n<\/div> \t\t<\/div>\n\t\t\t\t\t<\/div>\n\n\t\n<\/div>\n","protected":false},"excerpt":{"rendered":"<p>Vaso, porta fiori, alto ovale decorativo simil vimini per arredamento degli interni.<\/p>\n","protected":false},"featured_media":4104,"comment_status":"closed","ping_status":"closed","template":"","meta":[],"product_brand":[],"product_cat":[509,360,356,287,280,281,350,313,366,357,288,286,355,291,349],"product_tag":[],"class_list":{"0":"post-9457","1":"product","2":"type-product","3":"status-publish","4":"has-post-thumbnail","6":"product_cat-alti","7":"product_cat-alti-vasi","8":"product_cat-fiori-vasi","9":"product_cat-fiori-fioriere","10":"product_cat-fioriere","11":"product_cat-interno-fioriere","12":"product_cat-interno-vasi","13":"product_cat-legno-fioriere","14":"product_cat-legno-vasi","15":"product_cat-moderni-vasi","16":"product_cat-moderni-fioriere","17":"product_cat-piante-fioriere","18":"product_cat-piante-vasi","19":"product_cat-portavasi","20":"product_cat-vasi","21":"pa_barva-beige","22":"pa_barva-legno","23":"pa_barva-marrone","24":"pa_barva-naturale","25":"pa_material-wicker-it","26":"pa_sirina-49-it","27":"pa_sirina-57-it","28":"pa_uporaba-interno","29":"pa_velikost-49x49x100cm-it","30":"pa_velikost-57x57x120cm-it","31":"pa_visina-100-it","32":"pa_visina-120-it","34":"first","35":"instock","36":"sale","37":"taxable","38":"shipping-taxable","39":"purchasable","40":"product-type-variable","41":"has-default-attributes"},"_links":{"self":[{"href":"https:\/\/www.miravila.com\/it\/wp-json\/wp\/v2\/product\/9457","targetHints":{"allow":["GET"]}}],"collection":[{"href":"https:\/\/www.miravila.com\/it\/wp-json\/wp\/v2\/product"}],"about":[{"href":"https:\/\/www.miravila.com\/it\/wp-json\/wp\/v2\/types\/product"}],"replies":[{"embeddable":true,"href":"https:\/\/www.miravila.com\/it\/wp-json\/wp\/v2\/comments?post=9457"}],"wp:featuredmedia":[{"embeddable":true,"href":"https:\/\/www.miravila.com\/it\/wp-json\/wp\/v2\/media\/4104"}],"wp:attachment":[{"href":"https:\/\/www.miravila.com\/it\/wp-json\/wp\/v2\/media?parent=9457"}],"wp:term":[{"taxonomy":"product_brand","embeddable":true,"href":"https:\/\/www.miravila.com\/it\/wp-json\/wp\/v2\/product_brand?post=9457"},{"taxonomy":"product_cat","embeddable":true,"href":"https:\/\/www.miravila.com\/it\/wp-json\/wp\/v2\/product_cat?post=9457"},{"taxonomy":"product_tag","embeddable":true,"href":"https:\/\/www.miravila.com\/it\/wp-json\/wp\/v2\/product_tag?post=9457"}],"curies":[{"name":"wp","href":"https:\/\/api.w.org\/{rel}","templated":true}]}}