{"id":9414,"date":"2020-03-26T13:21:20","date_gmt":"2020-03-26T09:23:02","guid":{"rendered":"https:\/\/www.miravila.com\/product\/partner-gold-leaves\/"},"modified":"2025-08-29T21:52:44","modified_gmt":"2025-08-29T19:52:44","slug":"partner-gold-leaves","status":"publish","type":"product","link":"https:\/\/www.miravila.com\/it\/partner-gold-leaves\/","title":{"rendered":"Vasi foglie d&#8217;oro Partner da interno"},"content":{"rendered":"<div class=\"row\"  id=\"row-2138617715\">\n\n\t<div id=\"col-1694676492\" class=\"col medium-8 small-12 large-8\"  >\n\t\t\t\t<div class=\"col-inner\"  >\n\t\t\t\n\t\t\t\n<div class=\"accordion\">\n\t<div id=\"accordion-2876086173\" class=\"accordion-item\">\n\t\t<a id=\"accordion-2876086173-label\" class=\"accordion-title plain active\" href=\"#accordion-item-descrizione\" aria-expanded=\"true\" aria-controls=\"accordion-2876086173-content\">\n\t\t\t<button class=\"toggle\" aria-label=\"Attiva\/Disattiva\"><i class=\"icon-angle-down\" aria-hidden=\"true\"><\/i><\/button>\n\t\t\t<span>DESCRIZIONE<\/span>\n\t\t<\/a>\n\t\t<div id=\"accordion-2876086173-content\" class=\"accordion-inner\" style=\"display: block;\" aria-labelledby=\"accordion-2876086173-label\">\n\t\t\t\n<p>Questa coppia di vasi alti in polystone ha una finitura di foglia oro. Il colore oro rende bellissimo l\u2019esterno della fioriera, rendendo la superficie di base brillante nel momento in cui la luce si riflette su di essa. Il look particolare di questa fioriera la rende un oggetto di decorazione unico, anche senza fiori o piante dentro. Perch\u00e9 la finitura di foglia oro pu\u00f2 essere dannegiata se pozionata all\u2019esterno, si consigla di tenere queste vasi all\u2019interno.<\/p>\n<p>Il vaso \u00e8 consigliato per la coltivazione delle piante, pu\u00f2 per\u00f2 essere utilizzato per una variet\u00e0 di scopi.<\/p>\n\t\t<\/div>\n\t<\/div>\n\t\n\t<div id=\"accordion-262384136\" class=\"accordion-item\">\n\t\t<a id=\"accordion-262384136-label\" class=\"accordion-title plain\" href=\"#accordion-item-materiale\" aria-expanded=\"false\" aria-controls=\"accordion-262384136-content\">\n\t\t\t<button class=\"toggle\" aria-label=\"Attiva\/Disattiva\"><i class=\"icon-angle-down\" aria-hidden=\"true\"><\/i><\/button>\n\t\t\t<span>MATERIALE<\/span>\n\t\t<\/a>\n\t\t<div id=\"accordion-262384136-content\" class=\"accordion-inner\" aria-labelledby=\"accordion-262384136-label\">\n\t\t\t\n<p>FOGLIA ORO<\/p>\n<p>Gli oggetti realizzati con finitura in Foglia Oro o in Foglia Argento rappresentano il top di gamma dell\u2019eleganza e della classe: si tratta infatti di materiali preziosi, che da sempre sono utilizzati in arti come quelle dell&#8217;oreficeria e della gioielleria e che mantengono inalterato nel tempo il loro fascino.<\/p>\n<p>La base su cui viene applicata la finitura in Foglia Oro o Foglia Argento \u00e8 costituita dalla vetroresina: si tratta di un materiale leggero e resistente allo stesso tempo, facilmente modellabile per ottenere la forma desiderata.<\/p>\n<p>Inoltre la finitura in Foglia Oro o Foglia Argento viene laccata: questo procedimento permette di rendere pi\u00f9 resistente la finitura agli agenti esterni e di rendere ancora pi\u00f9 lucido il suo aspetto, per un risultato unico per quel che riguarda lo stile e il fascino. Gli oggetti realizzati in Foglia Oro o Foglia Argento sono destinati a uno stile che dura nel tempo, per arredare ambienti eleganti, classici e moderni.<\/p>\n\t\t<\/div>\n\t<\/div>\n\t\n\t<div id=\"accordion-50651393\" class=\"accordion-item\">\n\t\t<a id=\"accordion-50651393-label\" class=\"accordion-title plain\" href=\"#accordion-item-faq\" aria-expanded=\"false\" aria-controls=\"accordion-50651393-content\">\n\t\t\t<button class=\"toggle\" aria-label=\"Attiva\/Disattiva\"><i class=\"icon-angle-down\" aria-hidden=\"true\"><\/i><\/button>\n\t\t\t<span>FAQ<\/span>\n\t\t<\/a>\n\t\t<div id=\"accordion-50651393-content\" class=\"accordion-inner\" aria-labelledby=\"accordion-50651393-label\">\n\t\t\t\n<ol>\r\n<li><strong>Posso vedere le fioriere in qualche showroom o negozio in Italia?<br \/><\/strong><span style=\"color: #555555;\">No, Miravila vende solo online.<\/span><\/li>\r\n<li><strong>Quanto tempo ci vuole per la spedizione?<br \/><\/strong><span style=\"color: #555555;\">Se il prodotto \u00e8 in magazzino, sono necessari 3-5 giorni dopo la ricezione del pagamento.<\/span><\/li>\r\n<li><strong>Chi paga i costi di consegna?<br \/><\/strong><span style=\"color: #555555;\">La consegna \u00e8 gratuita per ogni acquisto.<\/span><\/li>\r\n<li><strong>Posso effettuare un reso?<br \/><\/strong><span style=\"color: #555555;\">S\u00ec \u00e8 possibile restituire un oggetto ordinato entro 30 giorni dall\u2019ordine, come previsto dalle condizioni di vendita. Le spese di trasporto per il reso saranno a tuo carico.<\/span><\/li>\r\n<li><strong>La procedura di acquisto online \u00e8 sicura?<br \/><\/strong><span style=\"color: #555555;\">S\u00ec, \u00e8 assolutamente sicura.<\/span><\/li>\r\n<li><strong>Come posso ottenere la restituzione della somma pagata in caso di reso?<br \/><\/strong><span style=\"color: #555555;\">Restituiremo la somma sulla tua carta di credito entro 15 giorni dal ricevimento del reso al nostro indirizzo.<\/span><\/li>\r\n<li><strong>Le fioriere hanno un sistema di auto irrigazione incluso?<br \/><\/strong><span style=\"color: #555555;\">No, le fioriere Miravila non hanno un sistema di auto irrigazione incluso.<\/span><\/li>\r\n<li><strong>Con quali materiali sono prodotte le fioriere?<br \/><\/strong><span style=\"color: #555555;\">Generalmente le fioriere Miravila sono prodotte in vetroresina, ceramica o materiali naturali.<\/span><\/li>\r\n<li><strong>Quali fioriere sono indicate per l\u2019esterno?<br \/><\/strong><span style=\"color: #555555;\">Noi suggeriamo le fioriere in vetroresina e ceramica.<\/span><\/li>\r\n<li><strong>Quali metodi di pagamento accettate?<br \/><\/strong><span style=\"color: #555555;\">Puoi pagare con carte di credito come Visa e Mastercard e attraverso PayPal<\/span><\/li>\r\n<\/ol>\n\t\t<\/div>\n\t<\/div>\n\t\n\t<div id=\"accordion-2748082343\" class=\"accordion-item\">\n\t\t<a id=\"accordion-2748082343-label\" class=\"accordion-title plain\" href=\"#accordion-item-spedizione\" aria-expanded=\"false\" aria-controls=\"accordion-2748082343-content\">\n\t\t\t<button class=\"toggle\" aria-label=\"Attiva\/Disattiva\"><i class=\"icon-angle-down\" aria-hidden=\"true\"><\/i><\/button>\n\t\t\t<span>SPEDIZIONE<\/span>\n\t\t<\/a>\n\t\t<div id=\"accordion-2748082343-content\" class=\"accordion-inner\" aria-labelledby=\"accordion-2748082343-label\">\n\t\t\t\n<p>La spedizione \u00e8 gratuita per tutta Italia, a eccezione della Sardegna. Per la Sardegna scriveteci una mail prima di effettuare l\u2019ordine.<\/p>\r\n<p>La consegna sar\u00e0 effettuata con il corriere Bartolini BRT all\u2019entrata dell\u2019edificio o a piano strada e non comprendere il costo della consegna al piano.<\/p>\r\n<p>Se l\u2019articolo ordinato \u00e8 in magazzino normalmente spediamo l\u2019ordine in 2-3 giorni. Ma questo non \u00e8 assicurato al 100%, abbiamo la possibilit\u00e0 di ritardare la spedizione.<\/p>\r\n<p>Alla ricezione della spedizione ti consigliamo di controllare lo stato dell\u2019imballaggio, per verificare che sia integro prima di firmare il documento di consegna al corriere BRT. Se noti che l\u2019imballaggio \u00e8 rotto o danneggiato inoltra un reclamo scritto direttamente al corriere, in modo che ne prenda nota sul documento di consegna.<\/p>\n\t\t<\/div>\n\t<\/div>\n\t\n<\/div>\n\t\t<\/div>\n\t\t\t\t\t<\/div>\n\n\t\n\n\t<div id=\"col-103285508\" class=\"col medium-4 small-12 large-4\"  >\n\t\t\t\t<div class=\"col-inner\"  >\n\t\t\t\n\t\t\t <div class=\"row ikone\"  id=\"row-637434158\">\r\n\r\n\n\t<div id=\"col-536120951\" class=\"col medium-6 small-6 large-6\"  >\n\t\t\t\t<div class=\"col-inner\"  >\n\t\t\t\n\t\t\t\r\n\r\n\n\t\t<div class=\"icon-box featured-box icon-box-left text-left is-small\"  >\n\t\t\t\t\t<div class=\"icon-box-img\" style=\"width: 60px\">\n\t\t\t\t<div class=\"icon\">\n\t\t\t\t\t<div class=\"icon-inner\" >\n\t\t\t\t\t\t<img loading=\"lazy\" decoding=\"async\" width=\"100\" height=\"100\" src=\"https:\/\/www.miravila.com\/wp-content\/uploads\/2020\/02\/lightweight-icon.png\" class=\"attachment-medium size-medium\" alt=\"lightweight-icon\" title=\"\">\t\t\t\t\t<\/div>\n\t\t\t\t<\/div>\n\t\t\t<\/div>\n\t\t\t\t<div class=\"icon-box-text last-reset\">\n\t\t\t\t\t\t<h6>Leggero<\/h6>\t\t\t\r\n\t\t<\/div>\n\t<\/div>\n\t\n\t\r\n\r\n\n\t\t<div class=\"icon-box featured-box icon-box-left text-left is-small\"  >\n\t\t\t\t\t<div class=\"icon-box-img\" style=\"width: 60px\">\n\t\t\t\t<div class=\"icon\">\n\t\t\t\t\t<div class=\"icon-inner\" >\n\t\t\t\t\t\t<img loading=\"lazy\" decoding=\"async\" width=\"100\" height=\"100\" src=\"https:\/\/www.miravila.com\/wp-content\/uploads\/2020\/02\/easy-to-clean-icon.png\" class=\"attachment-medium size-medium\" alt=\"easy-to-clean-icon\" title=\"\">\t\t\t\t\t<\/div>\n\t\t\t\t<\/div>\n\t\t\t<\/div>\n\t\t\t\t<div class=\"icon-box-text last-reset\">\n\t\t\t\t\t\t<h6>Facile da pulire<\/h6>\t\t\t\r\n\t\t<\/div>\n\t<\/div>\n\t\n\t\r\n\r\n\t\t<\/div>\n\t\t\t\t\t<\/div>\n\n\t\r\n\n\t<div id=\"col-347545763\" class=\"col medium-6 small-6 large-6\"  >\n\t\t\t\t<div class=\"col-inner\"  >\n\t\t\t\n\t\t\t\r\n\r\n\n\t\t<div class=\"icon-box featured-box icon-box-left text-left is-small\"  >\n\t\t\t\t\t<div class=\"icon-box-img\" style=\"width: 60px\">\n\t\t\t\t<div class=\"icon\">\n\t\t\t\t\t<div class=\"icon-inner\" >\n\t\t\t\t\t\t<img loading=\"lazy\" decoding=\"async\" width=\"100\" height=\"100\" src=\"https:\/\/www.miravila.com\/wp-content\/uploads\/2020\/02\/hand-made-icon.png\" class=\"attachment-medium size-medium\" alt=\"hand-made-icon\" title=\"\">\t\t\t\t\t<\/div>\n\t\t\t\t<\/div>\n\t\t\t<\/div>\n\t\t\t\t<div class=\"icon-box-text last-reset\">\n\t\t\t\t\t\t<h6>Fatto a mano<\/h6>\t\t\t\r\n\t\t<\/div>\n\t<\/div>\n\t\n\t\r\n\r\n\t\t<\/div>\n\t\t\t\t\t<\/div>\n\n\t\r\n\r\n<\/div> \t\t<\/div>\n\t\t\t\t\t<\/div>\n\n\t\n<\/div>\n","protected":false},"excerpt":{"rendered":"<p>Fioriera alta decorativa, colore oro, per arredamento degli interni.<\/p>\n","protected":false},"featured_media":3374,"comment_status":"closed","ping_status":"closed","template":"","meta":[],"product_brand":[],"product_cat":[509,360,356,287,280,350,281,357,288,367,317,355,286,353,284,291,354,285,349],"product_tag":[],"class_list":{"0":"post-9414","1":"product","2":"type-product","3":"status-publish","4":"has-post-thumbnail","6":"product_cat-alti","7":"product_cat-alti-vasi","8":"product_cat-fiori-vasi","9":"product_cat-fiori-fioriere","10":"product_cat-fioriere","11":"product_cat-interno-vasi","12":"product_cat-interno-fioriere","13":"product_cat-moderni-vasi","14":"product_cat-moderni-fioriere","15":"product_cat-oro-vasi","16":"product_cat-oro-fioriere","17":"product_cat-piante-vasi","18":"product_cat-piante-fioriere","19":"product_cat-plastica-vasi","20":"product_cat-plastica-fioriere","21":"product_cat-portavasi","22":"product_cat-resina-vasi","23":"product_cat-resina-fioriere","24":"product_cat-vasi","25":"pa_barva-oro","26":"pa_material-foglia-oro","27":"pa_sirina-37-it","28":"pa_sirina-47-it","29":"pa_uporaba-interno","30":"pa_velikost-37x37x80cm-it","31":"pa_velikost-47x47x100cm-it","32":"pa_visina-100-it","33":"pa_visina-80-it","35":"first","36":"outofstock","37":"taxable","38":"shipping-taxable","39":"product-type-variable","40":"has-default-attributes"},"_links":{"self":[{"href":"https:\/\/www.miravila.com\/it\/wp-json\/wp\/v2\/product\/9414","targetHints":{"allow":["GET"]}}],"collection":[{"href":"https:\/\/www.miravila.com\/it\/wp-json\/wp\/v2\/product"}],"about":[{"href":"https:\/\/www.miravila.com\/it\/wp-json\/wp\/v2\/types\/product"}],"replies":[{"embeddable":true,"href":"https:\/\/www.miravila.com\/it\/wp-json\/wp\/v2\/comments?post=9414"}],"wp:featuredmedia":[{"embeddable":true,"href":"https:\/\/www.miravila.com\/it\/wp-json\/wp\/v2\/media\/3374"}],"wp:attachment":[{"href":"https:\/\/www.miravila.com\/it\/wp-json\/wp\/v2\/media?parent=9414"}],"wp:term":[{"taxonomy":"product_brand","embeddable":true,"href":"https:\/\/www.miravila.com\/it\/wp-json\/wp\/v2\/product_brand?post=9414"},{"taxonomy":"product_cat","embeddable":true,"href":"https:\/\/www.miravila.com\/it\/wp-json\/wp\/v2\/product_cat?post=9414"},{"taxonomy":"product_tag","embeddable":true,"href":"https:\/\/www.miravila.com\/it\/wp-json\/wp\/v2\/product_tag?post=9414"}],"curies":[{"name":"wp","href":"https:\/\/api.w.org\/{rel}","templated":true}]}}