{"id":9329,"date":"2020-03-26T13:20:43","date_gmt":"2020-03-26T09:22:32","guid":{"rendered":"https:\/\/www.miravila.com\/product\/egg-mother-of-pearl\/"},"modified":"2023-02-18T17:14:56","modified_gmt":"2023-02-18T16:14:56","slug":"egg-mother-of-pearl","status":"publish","type":"product","link":"https:\/\/www.miravila.com\/it\/egg-mother-of-pearl\/","title":{"rendered":"Fioriera moderna Egg in madre perla da interno"},"content":{"rendered":"<div class=\"row\"  id=\"row-1379500337\">\n\n\t<div id=\"col-1051095530\" class=\"col medium-8 small-12 large-8\"  >\n\t\t\t\t<div class=\"col-inner\"  >\n\t\t\t\n\t\t\t\n<div class=\"accordion\">\n\t<div id=\"accordion-702041695\" class=\"accordion-item\">\n\t\t<a id=\"accordion-702041695-label\" class=\"accordion-title plain active\" href=\"#accordion-item-descrizione\" aria-expanded=\"true\" aria-controls=\"accordion-702041695-content\">\n\t\t\t<button class=\"toggle\" aria-label=\"Attiva\/Disattiva\"><i class=\"icon-angle-down\" aria-hidden=\"true\"><\/i><\/button>\n\t\t\t<span>DESCRIZIONE<\/span>\n\t\t<\/a>\n\t\t<div id=\"accordion-702041695-content\" class=\"accordion-inner\" style=\"display: block;\" aria-labelledby=\"accordion-702041695-label\">\n\t\t\t\n<p>Pezzi di gusci di cozze aggiunti a questa fioriera Orchid, danno a questo vaso un look raffinato ed esotico, nel momento in cui vengono collocati sul corpo in vetroresina. I pezzi di gusci perlati, triangolari e rettangolari di colore bianco, marrone o nero vengono applicati prima di essere stuccati. La fioriera Orchid \u00e8 impermeabile, ma non \u00e8 resistente al gelo. \u00c8 una fioriera consigliata per uso interno.<\/p>\n<p>La fioriera Orchid \u00e8 tempestata di gusci di cozze veri. Ogni fioriera \u00e8 semplicemente unica proprio per questa ragione. I giardinieri moderni odierni, utilizzano vasi come questi sempre pi\u00f9 spesso per creare un&#8217;atmosfera pacifica e invitante per ogni tipo di ospite.<\/p>\n\t\t<\/div>\n\t<\/div>\n\t\n\t<div id=\"accordion-258871806\" class=\"accordion-item\">\n\t\t<a id=\"accordion-258871806-label\" class=\"accordion-title plain\" href=\"#accordion-item-materiale\" aria-expanded=\"false\" aria-controls=\"accordion-258871806-content\">\n\t\t\t<button class=\"toggle\" aria-label=\"Attiva\/Disattiva\"><i class=\"icon-angle-down\" aria-hidden=\"true\"><\/i><\/button>\n\t\t\t<span>MATERIALE<\/span>\n\t\t<\/a>\n\t\t<div id=\"accordion-258871806-content\" class=\"accordion-inner\" aria-labelledby=\"accordion-258871806-label\">\n\t\t\t\n<p>MADRE PERLA CONCHIGLIA<\/p>\n<p>La Conchiglia di Madreperla \u00e8 uno dei materiali pi\u00f9 pregiati, con cui \u00e8 possibile produrre oggetti di arredamento di una bellezza e di un fascino unici. I gusci di Conchiglia di Madreperla infatti, in natura custodiscono una meraviglia come le perle, da secoli utilizzate nell\u2019arte della gioielleria. Oltre al fascino della Conchiglia Madreperla, \u00e8 importante sottolineare come gli oggetti di arredamento siano realizzati interamente a mano da abili artigiani, fattore che aumenta il loro valore e li rende assolutamente unici.<\/p>\n<p>La base degli oggetti in Conchiglia di Madreperla \u00e8 realizzata in vetroresina, un materiale leggero e allo stesso tempo molto resistente: la possibilit\u00e0 di scegliere poi fra un\u2019ampia gamma di colori permette di creare degli abbinamenti particolari e unici con l\u2019unicit\u00e0 della Conchiglia di Madreperla.<\/p>\n<p>Gli oggetti realizzati in Conchiglia di Madreperla raccontano una storia unica, dove il fascino della natura e di un materiale unico al mondo si fondono con le tecnologie moderne e l\u2019abilit\u00e0 dei costruttori.<\/p>\n\t\t<\/div>\n\t<\/div>\n\t\n\t<div id=\"accordion-681583435\" class=\"accordion-item\">\n\t\t<a id=\"accordion-681583435-label\" class=\"accordion-title plain\" href=\"#accordion-item-faq\" aria-expanded=\"false\" aria-controls=\"accordion-681583435-content\">\n\t\t\t<button class=\"toggle\" aria-label=\"Attiva\/Disattiva\"><i class=\"icon-angle-down\" aria-hidden=\"true\"><\/i><\/button>\n\t\t\t<span>FAQ<\/span>\n\t\t<\/a>\n\t\t<div id=\"accordion-681583435-content\" class=\"accordion-inner\" aria-labelledby=\"accordion-681583435-label\">\n\t\t\t\n<ol>\r\n<li><strong>Posso vedere le fioriere in qualche showroom o negozio in Italia?<br \/><\/strong><span style=\"color: #555555;\">No, Miravila vende solo online.<\/span><\/li>\r\n<li><strong>Quanto tempo ci vuole per la spedizione?<br \/><\/strong><span style=\"color: #555555;\">Se il prodotto \u00e8 in magazzino, sono necessari 3-5 giorni dopo la ricezione del pagamento.<\/span><\/li>\r\n<li><strong>Chi paga i costi di consegna?<br \/><\/strong><span style=\"color: #555555;\">La consegna \u00e8 gratuita per ogni acquisto.<\/span><\/li>\r\n<li><strong>Posso effettuare un reso?<br \/><\/strong><span style=\"color: #555555;\">S\u00ec \u00e8 possibile restituire un oggetto ordinato entro 30 giorni dall\u2019ordine, come previsto dalle condizioni di vendita. Le spese di trasporto per il reso saranno a tuo carico.<\/span><\/li>\r\n<li><strong>La procedura di acquisto online \u00e8 sicura?<br \/><\/strong><span style=\"color: #555555;\">S\u00ec, \u00e8 assolutamente sicura.<\/span><\/li>\r\n<li><strong>Come posso ottenere la restituzione della somma pagata in caso di reso?<br \/><\/strong><span style=\"color: #555555;\">Restituiremo la somma sulla tua carta di credito entro 15 giorni dal ricevimento del reso al nostro indirizzo.<\/span><\/li>\r\n<li><strong>Le fioriere hanno un sistema di auto irrigazione incluso?<br \/><\/strong><span style=\"color: #555555;\">No, le fioriere Miravila non hanno un sistema di auto irrigazione incluso.<\/span><\/li>\r\n<li><strong>Con quali materiali sono prodotte le fioriere?<br \/><\/strong><span style=\"color: #555555;\">Generalmente le fioriere Miravila sono prodotte in vetroresina, ceramica o materiali naturali.<\/span><\/li>\r\n<li><strong>Quali fioriere sono indicate per l\u2019esterno?<br \/><\/strong><span style=\"color: #555555;\">Noi suggeriamo le fioriere in vetroresina e ceramica.<\/span><\/li>\r\n<li><strong>Quali metodi di pagamento accettate?<br \/><\/strong><span style=\"color: #555555;\">Puoi pagare con carte di credito come Visa e Mastercard e attraverso PayPal<\/span><\/li>\r\n<\/ol>\n\t\t<\/div>\n\t<\/div>\n\t\n\t<div id=\"accordion-1658010411\" class=\"accordion-item\">\n\t\t<a id=\"accordion-1658010411-label\" class=\"accordion-title plain\" href=\"#accordion-item-spedizione\" aria-expanded=\"false\" aria-controls=\"accordion-1658010411-content\">\n\t\t\t<button class=\"toggle\" aria-label=\"Attiva\/Disattiva\"><i class=\"icon-angle-down\" aria-hidden=\"true\"><\/i><\/button>\n\t\t\t<span>SPEDIZIONE<\/span>\n\t\t<\/a>\n\t\t<div id=\"accordion-1658010411-content\" class=\"accordion-inner\" aria-labelledby=\"accordion-1658010411-label\">\n\t\t\t\n<p>La spedizione \u00e8 gratuita per tutta Italia, a eccezione della Sardegna. Per la Sardegna scriveteci una mail prima di effettuare l\u2019ordine.<\/p>\r\n<p>La consegna sar\u00e0 effettuata con il corriere Bartolini BRT all\u2019entrata dell\u2019edificio o a piano strada e non comprendere il costo della consegna al piano.<\/p>\r\n<p>Se l\u2019articolo ordinato \u00e8 in magazzino normalmente spediamo l\u2019ordine in 2-3 giorni. Ma questo non \u00e8 assicurato al 100%, abbiamo la possibilit\u00e0 di ritardare la spedizione.<\/p>\r\n<p>Alla ricezione della spedizione ti consigliamo di controllare lo stato dell\u2019imballaggio, per verificare che sia integro prima di firmare il documento di consegna al corriere BRT. Se noti che l\u2019imballaggio \u00e8 rotto o danneggiato inoltra un reclamo scritto direttamente al corriere, in modo che ne prenda nota sul documento di consegna.<\/p>\n\t\t<\/div>\n\t<\/div>\n\t\n<\/div>\n\t\t<\/div>\n\t\t\t\t\t<\/div>\n\n\t\n\n\t<div id=\"col-465494199\" class=\"col medium-4 small-12 large-4\"  >\n\t\t\t\t<div class=\"col-inner\"  >\n\t\t\t\n\t\t\t <div class=\"row ikone\"  id=\"row-1000981943\">\r\n\r\n\n\t<div id=\"col-446664390\" class=\"col medium-6 small-6 large-6\"  >\n\t\t\t\t<div class=\"col-inner\"  >\n\t\t\t\n\t\t\t\r\n\r\n\n\t\t<div class=\"icon-box featured-box icon-box-left text-left is-small\"  >\n\t\t\t\t\t<div class=\"icon-box-img\" style=\"width: 60px\">\n\t\t\t\t<div class=\"icon\">\n\t\t\t\t\t<div class=\"icon-inner\" >\n\t\t\t\t\t\t<img loading=\"lazy\" decoding=\"async\" width=\"100\" height=\"100\" src=\"https:\/\/www.miravila.com\/wp-content\/uploads\/2020\/02\/lightweight-icon.png\" class=\"attachment-medium size-medium\" alt=\"lightweight-icon\" title=\"\">\t\t\t\t\t<\/div>\n\t\t\t\t<\/div>\n\t\t\t<\/div>\n\t\t\t\t<div class=\"icon-box-text last-reset\">\n\t\t\t\t\t\t<h6>Leggero<\/h6>\t\t\t\r\n\t\t<\/div>\n\t<\/div>\n\t\n\t\r\n\r\n\n\t\t<div class=\"icon-box featured-box icon-box-left text-left is-small\"  >\n\t\t\t\t\t<div class=\"icon-box-img\" style=\"width: 60px\">\n\t\t\t\t<div class=\"icon\">\n\t\t\t\t\t<div class=\"icon-inner\" >\n\t\t\t\t\t\t<img loading=\"lazy\" decoding=\"async\" width=\"100\" height=\"100\" src=\"https:\/\/www.miravila.com\/wp-content\/uploads\/2020\/02\/easy-to-clean-icon.png\" class=\"attachment-medium size-medium\" alt=\"easy-to-clean-icon\" title=\"\">\t\t\t\t\t<\/div>\n\t\t\t\t<\/div>\n\t\t\t<\/div>\n\t\t\t\t<div class=\"icon-box-text last-reset\">\n\t\t\t\t\t\t<h6>Facile da pulire<\/h6>\t\t\t\r\n\t\t<\/div>\n\t<\/div>\n\t\n\t\r\n\r\n\n\t\t<div class=\"icon-box featured-box icon-box-left text-left is-small\"  >\n\t\t\t\t\t<div class=\"icon-box-img\" style=\"width: 60px\">\n\t\t\t\t<div class=\"icon\">\n\t\t\t\t\t<div class=\"icon-inner\" >\n\t\t\t\t\t\t<img loading=\"lazy\" decoding=\"async\" width=\"100\" height=\"100\" src=\"https:\/\/www.miravila.com\/wp-content\/uploads\/2020\/02\/drill-hole-icon.png\" class=\"attachment-medium size-medium\" alt=\"drill-hole-icon\" title=\"\">\t\t\t\t\t<\/div>\n\t\t\t\t<\/div>\n\t\t\t<\/div>\n\t\t\t\t<div class=\"icon-box-text last-reset\">\n\t\t\t\t\t\t<h6>Foro per il trapano<\/h6>\t\t\t\r\n\t\t<\/div>\n\t<\/div>\n\t\n\t\r\n\r\n\t\t<\/div>\n\t\t\t\t\t<\/div>\n\n\t\r\n\n\t<div id=\"col-1083584031\" class=\"col medium-6 small-6 large-6\"  >\n\t\t\t\t<div class=\"col-inner\"  >\n\t\t\t\n\t\t\t\r\n\r\n\n\t\t<div class=\"icon-box featured-box icon-box-left text-left is-small\"  >\n\t\t\t\t\t<div class=\"icon-box-img\" style=\"width: 60px\">\n\t\t\t\t<div class=\"icon\">\n\t\t\t\t\t<div class=\"icon-inner\" >\n\t\t\t\t\t\t<img loading=\"lazy\" decoding=\"async\" width=\"100\" height=\"100\" src=\"https:\/\/www.miravila.com\/wp-content\/uploads\/2020\/02\/frost-resistance-icon.png\" class=\"attachment-medium size-medium\" alt=\"frost-resistance-icon\" title=\"\">\t\t\t\t\t<\/div>\n\t\t\t\t<\/div>\n\t\t\t<\/div>\n\t\t\t\t<div class=\"icon-box-text last-reset\">\n\t\t\t\t\t\t<h6>Resistente al freddo<\/h6>\t\t\t\r\n\t\t<\/div>\n\t<\/div>\n\t\n\t\r\n\r\n\n\t\t<div class=\"icon-box featured-box icon-box-left text-left is-small\"  >\n\t\t\t\t\t<div class=\"icon-box-img\" style=\"width: 60px\">\n\t\t\t\t<div class=\"icon\">\n\t\t\t\t\t<div class=\"icon-inner\" >\n\t\t\t\t\t\t<img loading=\"lazy\" decoding=\"async\" width=\"100\" height=\"100\" src=\"https:\/\/www.miravila.com\/wp-content\/uploads\/2020\/02\/all-weather-icon.png\" class=\"attachment-medium size-medium\" alt=\"all-weather-icon\" title=\"\">\t\t\t\t\t<\/div>\n\t\t\t\t<\/div>\n\t\t\t<\/div>\n\t\t\t\t<div class=\"icon-box-text last-reset\">\n\t\t\t\t\t\t<h6>Resistente a neve e sole<\/h6>\t\t\t\r\n\t\t<\/div>\n\t<\/div>\n\t\n\t\r\n\r\n\n\t\t<div class=\"icon-box featured-box icon-box-left text-left is-small\"  >\n\t\t\t\t\t<div class=\"icon-box-img\" style=\"width: 60px\">\n\t\t\t\t<div class=\"icon\">\n\t\t\t\t\t<div class=\"icon-inner\" >\n\t\t\t\t\t\t<img loading=\"lazy\" decoding=\"async\" width=\"100\" height=\"100\" src=\"https:\/\/www.miravila.com\/wp-content\/uploads\/2020\/02\/hand-made-icon.png\" class=\"attachment-medium size-medium\" alt=\"hand-made-icon\" title=\"\">\t\t\t\t\t<\/div>\n\t\t\t\t<\/div>\n\t\t\t<\/div>\n\t\t\t\t<div class=\"icon-box-text last-reset\">\n\t\t\t\t\t\t<h6>Fatto a mano<\/h6>\t\t\t\r\n\t\t<\/div>\n\t<\/div>\n\t\n\t\r\n\r\n\t\t<\/div>\n\t\t\t\t\t<\/div>\n\n\t\r\n\r\n<\/div> \t\t<\/div>\n\t\t\t\t\t<\/div>\n\n\t\n<\/div>\n","protected":false},"excerpt":{"rendered":"<p>Vaso decorativo elegante, in madreperla bianco, per fiori e piante per l&#8217;arredamento interno.<\/p>\n","protected":false},"featured_media":3280,"comment_status":"closed","ping_status":"closed","template":"","meta":[],"product_brand":[],"product_cat":[509,360,352,283,364,306,356,287,280,281,350,288,357,355,286,291,349],"product_tag":[],"class_list":{"0":"post-9329","1":"product","2":"type-product","3":"status-publish","4":"has-post-thumbnail","6":"product_cat-alti","7":"product_cat-alti-vasi","8":"product_cat-bianchi-vasi","9":"product_cat-bianchi-fioriere","10":"product_cat-conchiglia-vasi","11":"product_cat-conchiglia-fioriere","12":"product_cat-fiori-vasi","13":"product_cat-fiori-fioriere","14":"product_cat-fioriere","15":"product_cat-interno-fioriere","16":"product_cat-interno-vasi","17":"product_cat-moderni-fioriere","18":"product_cat-moderni-vasi","19":"product_cat-piante-vasi","20":"product_cat-piante-fioriere","21":"product_cat-portavasi","22":"product_cat-vasi","23":"pa_barva-bianco","24":"pa_barva-perla-it","25":"pa_material-madre-perla-conchiglia","26":"pa_sirina-44-it","27":"pa_sirina-54-it","28":"pa_sirina-70-it","29":"pa_uporaba-interno","30":"pa_velikost-44x44x56cm-it","31":"pa_velikost-54x54x66cm-it","32":"pa_velikost-70x70x85cm-it","33":"pa_visina-56-it","34":"pa_visina-66-it","35":"pa_visina-85-it","37":"first","38":"instock","39":"sale","40":"taxable","41":"shipping-taxable","42":"purchasable","43":"product-type-variable","44":"has-default-attributes"},"_links":{"self":[{"href":"https:\/\/www.miravila.com\/it\/wp-json\/wp\/v2\/product\/9329","targetHints":{"allow":["GET"]}}],"collection":[{"href":"https:\/\/www.miravila.com\/it\/wp-json\/wp\/v2\/product"}],"about":[{"href":"https:\/\/www.miravila.com\/it\/wp-json\/wp\/v2\/types\/product"}],"replies":[{"embeddable":true,"href":"https:\/\/www.miravila.com\/it\/wp-json\/wp\/v2\/comments?post=9329"}],"wp:featuredmedia":[{"embeddable":true,"href":"https:\/\/www.miravila.com\/it\/wp-json\/wp\/v2\/media\/3280"}],"wp:attachment":[{"href":"https:\/\/www.miravila.com\/it\/wp-json\/wp\/v2\/media?parent=9329"}],"wp:term":[{"taxonomy":"product_brand","embeddable":true,"href":"https:\/\/www.miravila.com\/it\/wp-json\/wp\/v2\/product_brand?post=9329"},{"taxonomy":"product_cat","embeddable":true,"href":"https:\/\/www.miravila.com\/it\/wp-json\/wp\/v2\/product_cat?post=9329"},{"taxonomy":"product_tag","embeddable":true,"href":"https:\/\/www.miravila.com\/it\/wp-json\/wp\/v2\/product_tag?post=9329"}],"curies":[{"name":"wp","href":"https:\/\/api.w.org\/{rel}","templated":true}]}}