{"id":42290,"date":"2025-09-11T10:35:16","date_gmt":"2025-09-11T08:35:16","guid":{"rendered":"https:\/\/www.miravila.com\/product\/sir-grana-padano-formaggio-h-23d-44-cm\/"},"modified":"2025-09-11T11:07:10","modified_gmt":"2025-09-11T09:07:10","slug":"sir-grana-padano-formaggio-h-23d-44-cm","status":"publish","type":"product","link":"https:\/\/www.miravila.com\/it\/prodotto\/sir-grana-padano-formaggio-h-23d-44-cm\/","title":{"rendered":"SIR GRANA PADANO FORMAGGIO H-23,D-44 CM"},"content":{"rendered":"<p>Questo formaggio artificiale Grana Padano \u00e8 un&#8217;eccezionale decorazione realistica che d\u00e0 l&#8217;impressione di un vero formaggio. La sua forma autentica, il colore giallo e le caratteristiche scritte incise assicurano un&#8217;imitazione perfetta del vero formaggio italiano Grana Padano.<\/p>\n<p>\u00c8 realizzato con materiali di alta qualit\u00e0, durevoli e resistenti ai danni, garantendo una lunga durata e una facile manutenzione. \u00c8 eccellente per l&#8217;uso in vetrine commerciali, fiere culinarie, ristoranti, presentazioni fotografiche o come decorazione unica in casa.<\/p>\n","protected":false},"excerpt":{"rendered":"<p>Rullo artificiale Grana Padano \u2013 decorazione realistica per cucine, vetrine commerciali, fiere e presentazioni culinarie.<\/p>\n","protected":false},"featured_media":42066,"comment_status":"closed","ping_status":"open","template":"","meta":[],"product_brand":[],"product_cat":[5295],"product_tag":[],"class_list":{"0":"post-42290","1":"product","2":"type-product","3":"status-publish","4":"has-post-thumbnail","6":"product_cat-cibo-artificiale","8":"first","9":"outofstock","10":"taxable","11":"shipping-taxable","12":"purchasable","13":"product-type-simple"},"_links":{"self":[{"href":"https:\/\/www.miravila.com\/it\/wp-json\/wp\/v2\/product\/42290","targetHints":{"allow":["GET"]}}],"collection":[{"href":"https:\/\/www.miravila.com\/it\/wp-json\/wp\/v2\/product"}],"about":[{"href":"https:\/\/www.miravila.com\/it\/wp-json\/wp\/v2\/types\/product"}],"replies":[{"embeddable":true,"href":"https:\/\/www.miravila.com\/it\/wp-json\/wp\/v2\/comments?post=42290"}],"wp:featuredmedia":[{"embeddable":true,"href":"https:\/\/www.miravila.com\/it\/wp-json\/wp\/v2\/media\/42066"}],"wp:attachment":[{"href":"https:\/\/www.miravila.com\/it\/wp-json\/wp\/v2\/media?parent=42290"}],"wp:term":[{"taxonomy":"product_brand","embeddable":true,"href":"https:\/\/www.miravila.com\/it\/wp-json\/wp\/v2\/product_brand?post=42290"},{"taxonomy":"product_cat","embeddable":true,"href":"https:\/\/www.miravila.com\/it\/wp-json\/wp\/v2\/product_cat?post=42290"},{"taxonomy":"product_tag","embeddable":true,"href":"https:\/\/www.miravila.com\/it\/wp-json\/wp\/v2\/product_tag?post=42290"}],"curies":[{"name":"wp","href":"https:\/\/api.w.org\/{rel}","templated":true}]}}