{"id":42282,"date":"2025-09-11T10:35:16","date_gmt":"2025-09-11T08:35:16","guid":{"rendered":"https:\/\/www.miravila.com\/product\/kumara-x-1\/"},"modified":"2025-09-11T11:22:39","modified_gmt":"2025-09-11T09:22:39","slug":"kumara-x-1","status":"publish","type":"product","link":"https:\/\/www.miravila.com\/it\/kumara-x-1\/","title":{"rendered":"CETRIOLO X 1"},"content":{"rendered":"<p>Questo cetriolo artificiale \u00e8 realizzato in materiale di alta qualit\u00e0 che imita l&#8217;aspetto naturale e la struttura di un cetriolo fresco. Con la sua tonalit\u00e0 verde e le caratteristiche irregolarit\u00e0 sulla superficie, appare molto realistico.<\/p>\n<p>\u00c8 ottimo per la decorazione di cucine, vetrine di negozi, allestimenti o scenografie per fotografie. Mantiene sempre un aspetto fresco e non richiede una manutenzione particolare.<\/p>\n","protected":false},"excerpt":{"rendered":"<p>Cetriolo artificiale \u2013 decorazione realistica<\/p>\n","protected":false},"featured_media":42026,"comment_status":"closed","ping_status":"open","template":"","meta":[],"product_brand":[],"product_cat":[5295,5297],"product_tag":[],"class_list":{"0":"post-42282","1":"product","2":"type-product","3":"status-publish","4":"has-post-thumbnail","6":"product_cat-cibo-artificiale","7":"product_cat-verdura","9":"first","10":"instock","11":"taxable","12":"shipping-taxable","13":"purchasable","14":"product-type-simple"},"_links":{"self":[{"href":"https:\/\/www.miravila.com\/it\/wp-json\/wp\/v2\/product\/42282","targetHints":{"allow":["GET"]}}],"collection":[{"href":"https:\/\/www.miravila.com\/it\/wp-json\/wp\/v2\/product"}],"about":[{"href":"https:\/\/www.miravila.com\/it\/wp-json\/wp\/v2\/types\/product"}],"replies":[{"embeddable":true,"href":"https:\/\/www.miravila.com\/it\/wp-json\/wp\/v2\/comments?post=42282"}],"wp:featuredmedia":[{"embeddable":true,"href":"https:\/\/www.miravila.com\/it\/wp-json\/wp\/v2\/media\/42026"}],"wp:attachment":[{"href":"https:\/\/www.miravila.com\/it\/wp-json\/wp\/v2\/media?parent=42282"}],"wp:term":[{"taxonomy":"product_brand","embeddable":true,"href":"https:\/\/www.miravila.com\/it\/wp-json\/wp\/v2\/product_brand?post=42282"},{"taxonomy":"product_cat","embeddable":true,"href":"https:\/\/www.miravila.com\/it\/wp-json\/wp\/v2\/product_cat?post=42282"},{"taxonomy":"product_tag","embeddable":true,"href":"https:\/\/www.miravila.com\/it\/wp-json\/wp\/v2\/product_tag?post=42282"}],"curies":[{"name":"wp","href":"https:\/\/api.w.org\/{rel}","templated":true}]}}