{"id":42279,"date":"2025-09-11T10:35:16","date_gmt":"2025-09-11T08:35:16","guid":{"rendered":"https:\/\/www.miravila.com\/product\/pane-francese-pvc\/"},"modified":"2025-09-11T11:07:07","modified_gmt":"2025-09-11T09:07:07","slug":"pane-francese-pvc","status":"publish","type":"product","link":"https:\/\/www.miravila.com\/it\/prodotto\/pane-francese-pvc\/","title":{"rendered":"PANE FRANCESE PVC"},"content":{"rendered":"<p>Questo pane artificiale sembra un pane francese appena sfornato ed \u00e8 perfetto per la decorazione in panetteria, ristorante, negozio o cucina domestica. Grazie al suo aspetto realistico, porta calore e familiarit\u00e0 in ogni ambiente. <\/p>\n<p>Il vantaggio del pane artificiale \u00e8 che non si deteriora mai, mantiene sempre un bel aspetto e pu\u00f2 essere riutilizzato pi\u00f9 e pi\u00f9 volte per allestimenti, vetrine o come sfondo per la fotografia.<\/p>\n","protected":false},"excerpt":{"rendered":"<p>Bagheta artificiale \u2013 pane decorativo realistico per la decorazione di tavoli e vetrine.<\/p>\n","protected":false},"featured_media":42011,"comment_status":"closed","ping_status":"open","template":"","meta":[],"product_brand":[],"product_cat":[5295],"product_tag":[],"class_list":{"0":"post-42279","1":"product","2":"type-product","3":"status-publish","4":"has-post-thumbnail","6":"product_cat-cibo-artificiale","8":"first","9":"instock","10":"taxable","11":"shipping-taxable","12":"purchasable","13":"product-type-simple"},"_links":{"self":[{"href":"https:\/\/www.miravila.com\/it\/wp-json\/wp\/v2\/product\/42279","targetHints":{"allow":["GET"]}}],"collection":[{"href":"https:\/\/www.miravila.com\/it\/wp-json\/wp\/v2\/product"}],"about":[{"href":"https:\/\/www.miravila.com\/it\/wp-json\/wp\/v2\/types\/product"}],"replies":[{"embeddable":true,"href":"https:\/\/www.miravila.com\/it\/wp-json\/wp\/v2\/comments?post=42279"}],"wp:featuredmedia":[{"embeddable":true,"href":"https:\/\/www.miravila.com\/it\/wp-json\/wp\/v2\/media\/42011"}],"wp:attachment":[{"href":"https:\/\/www.miravila.com\/it\/wp-json\/wp\/v2\/media?parent=42279"}],"wp:term":[{"taxonomy":"product_brand","embeddable":true,"href":"https:\/\/www.miravila.com\/it\/wp-json\/wp\/v2\/product_brand?post=42279"},{"taxonomy":"product_cat","embeddable":true,"href":"https:\/\/www.miravila.com\/it\/wp-json\/wp\/v2\/product_cat?post=42279"},{"taxonomy":"product_tag","embeddable":true,"href":"https:\/\/www.miravila.com\/it\/wp-json\/wp\/v2\/product_tag?post=42279"}],"curies":[{"name":"wp","href":"https:\/\/api.w.org\/{rel}","templated":true}]}}