{"id":42269,"date":"2025-09-11T10:35:09","date_gmt":"2025-09-11T08:35:09","guid":{"rendered":"https:\/\/www.miravila.com\/product\/prosciutto-con-gamba-pvc-h-66x22x10-cm-stretto\/"},"modified":"2025-09-11T11:06:59","modified_gmt":"2025-09-11T09:06:59","slug":"prosciutto-con-gamba-pvc-h-66x22x10-cm-stretto","status":"publish","type":"product","link":"https:\/\/www.miravila.com\/it\/prodotto\/prosciutto-con-gamba-pvc-h-66x22x10-cm-stretto\/","title":{"rendered":"PROSCIUTTO CON GAMBA PVC H-66X22X10 CM STRETTO"},"content":{"rendered":"<p>Un prosciutto artificiale con gamba \u00e8 realizzato con dettagli precisi che imitano il vero prosciutto in tutto, inclusa la gamba e il cordino per appenderlo. Il colore, la texture e la forma realistici rendono il prodotto ideale per negozi, macellerie, ristoranti, fiere, presentazioni culinarie e cantine.<\/p>\n<p>Non richiede cure particolari, non si deteriora mai ed \u00e8 adatto per un uso decorativo prolungato. Grazie al cordino, pu\u00f2 essere facilmente appeso per evidenziare l&#8217;autenticit\u00e0 dello spazio.<\/p>\n","protected":false},"excerpt":{"rendered":"<p>Prosciutto artificiale con gamba \u2013 modello decorativo di prosciutto per macellerie, ristoranti, negozi e cantine.<\/p>\n","protected":false},"featured_media":41961,"comment_status":"closed","ping_status":"open","template":"","meta":[],"product_brand":[],"product_cat":[5299,5295],"product_tag":[],"class_list":{"0":"post-42269","1":"product","2":"type-product","3":"status-publish","4":"has-post-thumbnail","6":"product_cat-carne","7":"product_cat-cibo-artificiale","9":"first","10":"outofstock","11":"taxable","12":"shipping-taxable","13":"purchasable","14":"product-type-simple"},"_links":{"self":[{"href":"https:\/\/www.miravila.com\/it\/wp-json\/wp\/v2\/product\/42269","targetHints":{"allow":["GET"]}}],"collection":[{"href":"https:\/\/www.miravila.com\/it\/wp-json\/wp\/v2\/product"}],"about":[{"href":"https:\/\/www.miravila.com\/it\/wp-json\/wp\/v2\/types\/product"}],"replies":[{"embeddable":true,"href":"https:\/\/www.miravila.com\/it\/wp-json\/wp\/v2\/comments?post=42269"}],"wp:featuredmedia":[{"embeddable":true,"href":"https:\/\/www.miravila.com\/it\/wp-json\/wp\/v2\/media\/41961"}],"wp:attachment":[{"href":"https:\/\/www.miravila.com\/it\/wp-json\/wp\/v2\/media?parent=42269"}],"wp:term":[{"taxonomy":"product_brand","embeddable":true,"href":"https:\/\/www.miravila.com\/it\/wp-json\/wp\/v2\/product_brand?post=42269"},{"taxonomy":"product_cat","embeddable":true,"href":"https:\/\/www.miravila.com\/it\/wp-json\/wp\/v2\/product_cat?post=42269"},{"taxonomy":"product_tag","embeddable":true,"href":"https:\/\/www.miravila.com\/it\/wp-json\/wp\/v2\/product_tag?post=42269"}],"curies":[{"name":"wp","href":"https:\/\/api.w.org\/{rel}","templated":true}]}}