{"id":38467,"date":"2024-11-11T16:41:37","date_gmt":"2024-11-12T09:11:00","guid":{"rendered":"https:\/\/www.miravila.com\/product\/bastoncino-spumoso\/"},"modified":"2024-11-12T10:11:13","modified_gmt":"2024-11-12T09:11:13","slug":"bastoncino-spumoso","status":"publish","type":"product","link":"https:\/\/www.miravila.com\/it\/prodotto\/bastoncino-spumoso\/","title":{"rendered":"Bastoncino spumoso"},"content":{"rendered":"","protected":false},"excerpt":{"rendered":"<p>La bacchetta di schiuma \u00e8 un giocattolo morbido e leggero che piacer\u00e0 ai bambini di tutte le et\u00e0. \u00c8 realizzata in schiuma di alta qualit\u00e0, sicura e non tossica per il gioco. La bacchetta ha un design adorabile che attirer\u00e0 l&#8217;attenzione del bambino e stimoler\u00e0 la sua immaginazione. Con la sua morbidezza, \u00e8 ideale per essere schiacciata, lanciata e per giocare a vari giochi. La bacchetta di schiuma \u00e8 anche ottima per lo sviluppo delle abilit\u00e0 motorie e della coordinazione delle mani. Indipendentemente dal fatto che il bambino giochi da solo o in compagnia di amici, la bacchetta di schiuma garantir\u00e0 ore di divertimento e gioco.<\/p>\n","protected":false},"featured_media":37023,"comment_status":"closed","ping_status":"open","template":"","meta":[],"product_brand":[],"product_cat":[3679,2073],"product_tag":[],"class_list":{"0":"post-38467","1":"product","2":"type-product","3":"status-publish","4":"has-post-thumbnail","6":"product_cat-decorazioni-di-capodanno","7":"product_cat-natale","8":"pa_barva-rosso","9":"pa_velikost-42-cm-it","11":"first","12":"outofstock","13":"taxable","14":"shipping-taxable","15":"purchasable","16":"product-type-simple"},"_links":{"self":[{"href":"https:\/\/www.miravila.com\/it\/wp-json\/wp\/v2\/product\/38467","targetHints":{"allow":["GET"]}}],"collection":[{"href":"https:\/\/www.miravila.com\/it\/wp-json\/wp\/v2\/product"}],"about":[{"href":"https:\/\/www.miravila.com\/it\/wp-json\/wp\/v2\/types\/product"}],"replies":[{"embeddable":true,"href":"https:\/\/www.miravila.com\/it\/wp-json\/wp\/v2\/comments?post=38467"}],"wp:featuredmedia":[{"embeddable":true,"href":"https:\/\/www.miravila.com\/it\/wp-json\/wp\/v2\/media\/37023"}],"wp:attachment":[{"href":"https:\/\/www.miravila.com\/it\/wp-json\/wp\/v2\/media?parent=38467"}],"wp:term":[{"taxonomy":"product_brand","embeddable":true,"href":"https:\/\/www.miravila.com\/it\/wp-json\/wp\/v2\/product_brand?post=38467"},{"taxonomy":"product_cat","embeddable":true,"href":"https:\/\/www.miravila.com\/it\/wp-json\/wp\/v2\/product_cat?post=38467"},{"taxonomy":"product_tag","embeddable":true,"href":"https:\/\/www.miravila.com\/it\/wp-json\/wp\/v2\/product_tag?post=38467"}],"curies":[{"name":"wp","href":"https:\/\/api.w.org\/{rel}","templated":true}]}}