{"id":38384,"date":"2024-11-11T16:40:51","date_gmt":"2024-11-12T09:09:44","guid":{"rendered":"https:\/\/www.miravila.com\/product\/penne-luccicanti-scintillanti-per-decorazioni\/"},"modified":"2024-11-12T10:09:55","modified_gmt":"2024-11-12T09:09:55","slug":"penne-luccicanti-scintillanti-per-decorazioni","status":"publish","type":"product","link":"https:\/\/www.miravila.com\/it\/prodotto\/penne-luccicanti-scintillanti-per-decorazioni\/","title":{"rendered":"Penne luccicanti scintillanti per decorazioni"},"content":{"rendered":"","protected":false},"excerpt":{"rendered":"<p>La scintillante paillettes luccicanti per decorazioni \u00e8 l&#8217;aggiunta perfetta per tutti gli amanti della creativit\u00e0. Queste meravigliose paillettes lucide daranno alle vostre decorazioni un tocco speciale di brillantezza e glamour. Potete usarle per decorare alberi di Natale, ghirlande di Capodanno, biglietti d&#8217;auguri, regali e molto altro. La consistenza scintillante delle paillettes garantir\u00e0 che le vostre decorazioni risaltino e catturino l&#8217;attenzione. Applicatele facilmente sulla superficie desiderata con l&#8217;applicatore fornito e godetevi i momenti magici che creer\u00e0. Che stiate creando per divertimento o professionalmente, la scintillante paillettes per decorazioni stupir\u00e0 sicuramente e arricchir\u00e0 i vostri progetti creativi.<\/p>\n","protected":false},"featured_media":36871,"comment_status":"closed","ping_status":"open","template":"","meta":[],"product_brand":[],"product_cat":[3679,2073],"product_tag":[],"class_list":{"0":"post-38384","1":"product","2":"type-product","3":"status-publish","4":"has-post-thumbnail","6":"product_cat-decorazioni-di-capodanno","7":"product_cat-natale","8":"pa_barva-blu","9":"pa_velikost-8-it","11":"first","12":"outofstock","13":"taxable","14":"shipping-taxable","15":"purchasable","16":"product-type-simple"},"_links":{"self":[{"href":"https:\/\/www.miravila.com\/it\/wp-json\/wp\/v2\/product\/38384","targetHints":{"allow":["GET"]}}],"collection":[{"href":"https:\/\/www.miravila.com\/it\/wp-json\/wp\/v2\/product"}],"about":[{"href":"https:\/\/www.miravila.com\/it\/wp-json\/wp\/v2\/types\/product"}],"replies":[{"embeddable":true,"href":"https:\/\/www.miravila.com\/it\/wp-json\/wp\/v2\/comments?post=38384"}],"wp:featuredmedia":[{"embeddable":true,"href":"https:\/\/www.miravila.com\/it\/wp-json\/wp\/v2\/media\/36871"}],"wp:attachment":[{"href":"https:\/\/www.miravila.com\/it\/wp-json\/wp\/v2\/media?parent=38384"}],"wp:term":[{"taxonomy":"product_brand","embeddable":true,"href":"https:\/\/www.miravila.com\/it\/wp-json\/wp\/v2\/product_brand?post=38384"},{"taxonomy":"product_cat","embeddable":true,"href":"https:\/\/www.miravila.com\/it\/wp-json\/wp\/v2\/product_cat?post=38384"},{"taxonomy":"product_tag","embeddable":true,"href":"https:\/\/www.miravila.com\/it\/wp-json\/wp\/v2\/product_tag?post=38384"}],"curies":[{"name":"wp","href":"https:\/\/api.w.org\/{rel}","templated":true}]}}