{"id":35735,"date":"2024-11-10T13:58:16","date_gmt":"2024-11-11T13:07:33","guid":{"rendered":"https:\/\/www.miravila.com\/product\/stella-di-natale-su-clip-in-poliestere-con-paillettes-sui-bordi\/"},"modified":"2024-11-11T14:07:44","modified_gmt":"2024-11-11T13:07:44","slug":"stella-di-natale-su-clip-in-poliestere-con-paillettes-sui-bordi","status":"publish","type":"product","link":"https:\/\/www.miravila.com\/it\/prodotto\/stella-di-natale-su-clip-in-poliestere-con-paillettes-sui-bordi\/","title":{"rendered":"Stella di Natale su clip in poliestere con paillettes sui bordi"},"content":{"rendered":"","protected":false},"excerpt":{"rendered":"<p>La stella di Natale con clip in poliestere con paillettes sui bordi \u00e8 un accessorio perfetto per la stagione festiva. La stella \u00e8 realizzata in poliestere di alta qualit\u00e0, resistente e durevole. Sui bordi della stella ci sono paillettes che le conferiscono brillantezza e un aspetto festivo. La clip sul retro della stella consente un facile fissaggio ai capelli, ai vestiti o ad altri oggetti. Questa stella di Natale con clip \u00e8 un&#8217;ottima scelta per arricchire il tuo look natalizio o come regalo per gli amanti delle festivit\u00e0.<\/p>\n","protected":false},"featured_media":34589,"comment_status":"closed","ping_status":"open","template":"","meta":[],"product_brand":[],"product_cat":[4916,2073],"product_tag":[],"class_list":{"0":"post-35735","1":"product","2":"type-product","3":"status-publish","4":"has-post-thumbnail","6":"product_cat-i-fiori-di-capodanno","7":"product_cat-natale","8":"pa_barva-bianco","9":"pa_velikost-24-cm-it","11":"first","12":"outofstock","13":"taxable","14":"shipping-taxable","15":"purchasable","16":"product-type-simple"},"_links":{"self":[{"href":"https:\/\/www.miravila.com\/it\/wp-json\/wp\/v2\/product\/35735","targetHints":{"allow":["GET"]}}],"collection":[{"href":"https:\/\/www.miravila.com\/it\/wp-json\/wp\/v2\/product"}],"about":[{"href":"https:\/\/www.miravila.com\/it\/wp-json\/wp\/v2\/types\/product"}],"replies":[{"embeddable":true,"href":"https:\/\/www.miravila.com\/it\/wp-json\/wp\/v2\/comments?post=35735"}],"wp:featuredmedia":[{"embeddable":true,"href":"https:\/\/www.miravila.com\/it\/wp-json\/wp\/v2\/media\/34589"}],"wp:attachment":[{"href":"https:\/\/www.miravila.com\/it\/wp-json\/wp\/v2\/media?parent=35735"}],"wp:term":[{"taxonomy":"product_brand","embeddable":true,"href":"https:\/\/www.miravila.com\/it\/wp-json\/wp\/v2\/product_brand?post=35735"},{"taxonomy":"product_cat","embeddable":true,"href":"https:\/\/www.miravila.com\/it\/wp-json\/wp\/v2\/product_cat?post=35735"},{"taxonomy":"product_tag","embeddable":true,"href":"https:\/\/www.miravila.com\/it\/wp-json\/wp\/v2\/product_tag?post=35735"}],"curies":[{"name":"wp","href":"https:\/\/api.w.org\/{rel}","templated":true}]}}