{"id":27618,"date":"2023-10-28T10:37:08","date_gmt":"2023-10-28T08:37:08","guid":{"rendered":"https:\/\/www.miravila.com\/product\/pendant-jacket-motorif-x-deer-babbo-natale-h-15-cmn\/"},"modified":"2023-10-28T10:37:14","modified_gmt":"2023-10-28T08:37:14","slug":"pendant-jacket-motorif-x-deer-babbo-natale-h-15-cmn","status":"publish","type":"product","link":"https:\/\/www.miravila.com\/it\/prodotto\/pendant-jacket-motorif-x-deer-babbo-natale-h-15-cmn\/","title":{"rendered":"Pendant Jacket Motorif X Deer, Babbo Natale H-15 cm\nN"},"content":{"rendered":"","protected":false},"excerpt":{"rendered":"<p>Il motivo della giacca a sospensione X \u00e8 realizzato in materiale morbido e ha un bellissimo modello di cervo e freddo. \u00c8 grande 15 cm ed \u00e8 l&#8217;accessorio perfetto per l&#8217;albero di Natale.<\/p>\n","protected":false},"featured_media":25596,"comment_status":"closed","ping_status":"open","template":"","meta":[],"product_brand":[],"product_cat":[3679,2073],"product_tag":[],"class_list":{"0":"post-27618","1":"product","2":"type-product","3":"status-publish","4":"has-post-thumbnail","6":"product_cat-decorazioni-di-capodanno","7":"product_cat-natale","8":"pa_barva-bianco","9":"pa_barva-rosso","10":"pa_visina-15-it","12":"first","13":"outofstock","14":"taxable","15":"shipping-taxable","16":"purchasable","17":"product-type-simple"},"_links":{"self":[{"href":"https:\/\/www.miravila.com\/it\/wp-json\/wp\/v2\/product\/27618","targetHints":{"allow":["GET"]}}],"collection":[{"href":"https:\/\/www.miravila.com\/it\/wp-json\/wp\/v2\/product"}],"about":[{"href":"https:\/\/www.miravila.com\/it\/wp-json\/wp\/v2\/types\/product"}],"replies":[{"embeddable":true,"href":"https:\/\/www.miravila.com\/it\/wp-json\/wp\/v2\/comments?post=27618"}],"wp:featuredmedia":[{"embeddable":true,"href":"https:\/\/www.miravila.com\/it\/wp-json\/wp\/v2\/media\/25596"}],"wp:attachment":[{"href":"https:\/\/www.miravila.com\/it\/wp-json\/wp\/v2\/media?parent=27618"}],"wp:term":[{"taxonomy":"product_brand","embeddable":true,"href":"https:\/\/www.miravila.com\/it\/wp-json\/wp\/v2\/product_brand?post=27618"},{"taxonomy":"product_cat","embeddable":true,"href":"https:\/\/www.miravila.com\/it\/wp-json\/wp\/v2\/product_cat?post=27618"},{"taxonomy":"product_tag","embeddable":true,"href":"https:\/\/www.miravila.com\/it\/wp-json\/wp\/v2\/product_tag?post=27618"}],"curies":[{"name":"wp","href":"https:\/\/api.w.org\/{rel}","templated":true}]}}