{"id":27610,"date":"2023-10-28T10:37:08","date_gmt":"2023-10-28T08:37:08","guid":{"rendered":"https:\/\/www.miravila.com\/product\/palla-vetro-uccello-cardinale-d-12-cm\/"},"modified":"2023-10-28T10:37:11","modified_gmt":"2023-10-28T08:37:11","slug":"palla-vetro-uccello-cardinale-d-12-cm","status":"publish","type":"product","link":"https:\/\/www.miravila.com\/it\/prodotto\/palla-vetro-uccello-cardinale-d-12-cm\/","title":{"rendered":"Palla vetro uccello cardinale d-12 cm"},"content":{"rendered":"<p>Decorazione di Capodanno dipinte con motivo natalizio.<\/p>\n<hr>\n<p> <\/p>\n<h5> Materiale: <\/h5>\n<p> vetro<br \/>\n <\/p>\n<h5> dimensione: <\/h5>\n<p> 12cm<\/p>\n","protected":false},"excerpt":{"rendered":"<p>Questa bellissima palla di vetro con il bellissimo motivo per uccelli Cardinale sar\u00e0 il perfetto regalo di Natale. Con un diametro di 12 cm, la palla attirer\u00e0 sicuramente l&#8217;attenzione e aggiunger\u00e0 il fascino delle vacanze a casa tua.<\/p>\n","protected":false},"featured_media":24800,"comment_status":"closed","ping_status":"open","template":"","meta":[],"product_brand":[],"product_cat":[3679,2073],"product_tag":[],"class_list":{"0":"post-27610","1":"product","2":"type-product","3":"status-publish","4":"has-post-thumbnail","6":"product_cat-decorazioni-di-capodanno","7":"product_cat-natale","8":"pa_material-bicchiere","9":"pa_visina-12-it","11":"first","12":"outofstock","13":"taxable","14":"shipping-taxable","15":"purchasable","16":"product-type-simple"},"_links":{"self":[{"href":"https:\/\/www.miravila.com\/it\/wp-json\/wp\/v2\/product\/27610","targetHints":{"allow":["GET"]}}],"collection":[{"href":"https:\/\/www.miravila.com\/it\/wp-json\/wp\/v2\/product"}],"about":[{"href":"https:\/\/www.miravila.com\/it\/wp-json\/wp\/v2\/types\/product"}],"replies":[{"embeddable":true,"href":"https:\/\/www.miravila.com\/it\/wp-json\/wp\/v2\/comments?post=27610"}],"wp:featuredmedia":[{"embeddable":true,"href":"https:\/\/www.miravila.com\/it\/wp-json\/wp\/v2\/media\/24800"}],"wp:attachment":[{"href":"https:\/\/www.miravila.com\/it\/wp-json\/wp\/v2\/media?parent=27610"}],"wp:term":[{"taxonomy":"product_brand","embeddable":true,"href":"https:\/\/www.miravila.com\/it\/wp-json\/wp\/v2\/product_brand?post=27610"},{"taxonomy":"product_cat","embeddable":true,"href":"https:\/\/www.miravila.com\/it\/wp-json\/wp\/v2\/product_cat?post=27610"},{"taxonomy":"product_tag","embeddable":true,"href":"https:\/\/www.miravila.com\/it\/wp-json\/wp\/v2\/product_tag?post=27610"}],"curies":[{"name":"wp","href":"https:\/\/api.w.org\/{rel}","templated":true}]}}