{"id":27607,"date":"2023-10-28T10:37:08","date_gmt":"2023-10-28T08:37:08","guid":{"rendered":"https:\/\/www.miravila.com\/product\/ape-in-pendente-perline-d-8-cm-oro-bianco\/"},"modified":"2023-10-28T10:37:10","modified_gmt":"2023-10-28T08:37:10","slug":"ape-in-pendente-perline-d-8-cm-oro-bianco","status":"publish","type":"product","link":"https:\/\/www.miravila.com\/it\/prodotto\/ape-in-pendente-perline-d-8-cm-oro-bianco\/","title":{"rendered":"Ape in pendente perline d-8 cm oro-bianco"},"content":{"rendered":"<p>Decorazione di Capodanno<\/p>\n<hr>\n<p> <\/p>\n<h5> Materiale: <\/h5>\n<p> <\/p>\n<h5> dimensione: <\/h5>\n<p> 8cm<\/p>\n","protected":false},"excerpt":{"rendered":"<p>Il pendente perline Bee \u00e8 una meravigliosa decorazione natalizia che sicuramente attirer\u00e0 l&#8217;attenzione sull&#8217;albero del tuo nuovo anno. \u00c8 fatto di perle in oro e bianco e ha 8 cm di diametro. Questo ciondolo aggiunger\u00e0 un tocco di eleganza e atmosfera per le vacanze a casa tua.<\/p>\n","protected":false},"featured_media":25844,"comment_status":"closed","ping_status":"open","template":"","meta":[],"product_brand":[],"product_cat":[3679,2073],"product_tag":[],"class_list":{"0":"post-27607","1":"product","2":"type-product","3":"status-publish","4":"has-post-thumbnail","6":"product_cat-decorazioni-di-capodanno","7":"product_cat-natale","8":"pa_visina-8-it","10":"first","11":"outofstock","12":"taxable","13":"shipping-taxable","14":"purchasable","15":"product-type-simple"},"_links":{"self":[{"href":"https:\/\/www.miravila.com\/it\/wp-json\/wp\/v2\/product\/27607","targetHints":{"allow":["GET"]}}],"collection":[{"href":"https:\/\/www.miravila.com\/it\/wp-json\/wp\/v2\/product"}],"about":[{"href":"https:\/\/www.miravila.com\/it\/wp-json\/wp\/v2\/types\/product"}],"replies":[{"embeddable":true,"href":"https:\/\/www.miravila.com\/it\/wp-json\/wp\/v2\/comments?post=27607"}],"wp:featuredmedia":[{"embeddable":true,"href":"https:\/\/www.miravila.com\/it\/wp-json\/wp\/v2\/media\/25844"}],"wp:attachment":[{"href":"https:\/\/www.miravila.com\/it\/wp-json\/wp\/v2\/media?parent=27607"}],"wp:term":[{"taxonomy":"product_brand","embeddable":true,"href":"https:\/\/www.miravila.com\/it\/wp-json\/wp\/v2\/product_brand?post=27607"},{"taxonomy":"product_cat","embeddable":true,"href":"https:\/\/www.miravila.com\/it\/wp-json\/wp\/v2\/product_cat?post=27607"},{"taxonomy":"product_tag","embeddable":true,"href":"https:\/\/www.miravila.com\/it\/wp-json\/wp\/v2\/product_tag?post=27607"}],"curies":[{"name":"wp","href":"https:\/\/api.w.org\/{rel}","templated":true}]}}