{"id":27600,"date":"2023-10-28T10:36:57","date_gmt":"2023-10-28T08:36:57","guid":{"rendered":"https:\/\/www.miravila.com\/product\/glass-a-sfera-d-mraz-cap-di-velluto-h-20-cm-x1\/"},"modified":"2023-10-28T10:37:05","modified_gmt":"2023-10-28T08:37:05","slug":"glass-a-sfera-d-mraz-cap-di-velluto-h-20-cm-x1","status":"publish","type":"product","link":"https:\/\/www.miravila.com\/it\/prodotto\/glass-a-sfera-d-mraz-cap-di-velluto-h-20-cm-x1\/","title":{"rendered":"Glass a sfera D.Mraz Cap di velluto H-20 cm x1"},"content":{"rendered":"<p>Decorazione di Capodanno a immagine di Babbo Natale con un berretto vellutato.<\/p>\n<hr>\n<p> <\/p>\n<h5> Materiale: <\/h5>\n<p> vetro<br \/>\n <\/p>\n<h5> dimensione: <\/h5>\n<p> 20cm<\/p>\n","protected":false},"excerpt":{"rendered":"<p>Questo prodotto di Natale \u00e8 la decorazione perfetta per il tuo abete! La palla di vetro ha un nonno del motivo freddo ed \u00e8 decorata con un tappo di velluto. La dimensione della palla \u00e8 di 20 cm. Con questa meravigliosa decorazione, il tuo abete si distinguer\u00e0 sicuramente tra gli altri!<\/p>\n","protected":false},"featured_media":24987,"comment_status":"closed","ping_status":"open","template":"","meta":[],"product_brand":[],"product_cat":[3679,2073],"product_tag":[],"class_list":{"0":"post-27600","1":"product","2":"type-product","3":"status-publish","4":"has-post-thumbnail","6":"product_cat-decorazioni-di-capodanno","7":"product_cat-natale","8":"pa_barva-rosso","9":"pa_material-bicchiere","10":"pa_material-velluto","11":"pa_visina-20-it","13":"first","14":"outofstock","15":"taxable","16":"shipping-taxable","17":"purchasable","18":"product-type-simple"},"_links":{"self":[{"href":"https:\/\/www.miravila.com\/it\/wp-json\/wp\/v2\/product\/27600","targetHints":{"allow":["GET"]}}],"collection":[{"href":"https:\/\/www.miravila.com\/it\/wp-json\/wp\/v2\/product"}],"about":[{"href":"https:\/\/www.miravila.com\/it\/wp-json\/wp\/v2\/types\/product"}],"replies":[{"embeddable":true,"href":"https:\/\/www.miravila.com\/it\/wp-json\/wp\/v2\/comments?post=27600"}],"wp:featuredmedia":[{"embeddable":true,"href":"https:\/\/www.miravila.com\/it\/wp-json\/wp\/v2\/media\/24987"}],"wp:attachment":[{"href":"https:\/\/www.miravila.com\/it\/wp-json\/wp\/v2\/media?parent=27600"}],"wp:term":[{"taxonomy":"product_brand","embeddable":true,"href":"https:\/\/www.miravila.com\/it\/wp-json\/wp\/v2\/product_brand?post=27600"},{"taxonomy":"product_cat","embeddable":true,"href":"https:\/\/www.miravila.com\/it\/wp-json\/wp\/v2\/product_cat?post=27600"},{"taxonomy":"product_tag","embeddable":true,"href":"https:\/\/www.miravila.com\/it\/wp-json\/wp\/v2\/product_tag?post=27600"}],"curies":[{"name":"wp","href":"https:\/\/api.w.org\/{rel}","templated":true}]}}