{"id":27573,"date":"2023-10-28T10:36:47","date_gmt":"2023-10-28T08:36:47","guid":{"rendered":"https:\/\/www.miravila.com\/product\/ball-glass-fiori-ma-d-10-cm-x-1\/"},"modified":"2023-10-28T10:36:52","modified_gmt":"2023-10-28T08:36:52","slug":"ball-glass-fiori-ma-d-10-cm-x-1","status":"publish","type":"product","link":"https:\/\/www.miravila.com\/it\/prodotto\/ball-glass-fiori-ma-d-10-cm-x-1\/","title":{"rendered":"Ball Glass Fiori-Ma D-10 cm x 1"},"content":{"rendered":"<p>Decorazione di Capodanno<\/p>\n<hr>\n<p> <\/p>\n<h5> Materiale: <\/h5>\n<p> vetro<br \/>\n <\/p>\n<h5> dimensione: <\/h5>\n<p> 10cm<\/p>\n","protected":false},"excerpt":{"rendered":"<p>La palla di vetro Fiori-Ri \u00e8 una meravigliosa decorazione natalizia che porter\u00e0 un&#8217;atmosfera festosa a casa tua. Con un diametro di 10 cm, \u00e8 perfetto per appesa su un albero di Natale o pu\u00f2 essere posizionato su un tavolo come un centro elegante. Il suo design unico e bellissimi motivi attireranno sicuramente le viste degli ospiti. Decora la tua casa in stile festoso con questo magico vetro a sfera Fiori -orma!<\/p>\n","protected":false},"featured_media":25506,"comment_status":"closed","ping_status":"open","template":"","meta":[],"product_brand":[],"product_cat":[3679,2073],"product_tag":[],"class_list":{"0":"post-27573","1":"product","2":"type-product","3":"status-publish","4":"has-post-thumbnail","6":"product_cat-decorazioni-di-capodanno","7":"product_cat-natale","8":"pa_material-bicchiere","9":"pa_visina-10-it","11":"first","12":"outofstock","13":"taxable","14":"shipping-taxable","15":"purchasable","16":"product-type-simple"},"_links":{"self":[{"href":"https:\/\/www.miravila.com\/it\/wp-json\/wp\/v2\/product\/27573","targetHints":{"allow":["GET"]}}],"collection":[{"href":"https:\/\/www.miravila.com\/it\/wp-json\/wp\/v2\/product"}],"about":[{"href":"https:\/\/www.miravila.com\/it\/wp-json\/wp\/v2\/types\/product"}],"replies":[{"embeddable":true,"href":"https:\/\/www.miravila.com\/it\/wp-json\/wp\/v2\/comments?post=27573"}],"wp:featuredmedia":[{"embeddable":true,"href":"https:\/\/www.miravila.com\/it\/wp-json\/wp\/v2\/media\/25506"}],"wp:attachment":[{"href":"https:\/\/www.miravila.com\/it\/wp-json\/wp\/v2\/media?parent=27573"}],"wp:term":[{"taxonomy":"product_brand","embeddable":true,"href":"https:\/\/www.miravila.com\/it\/wp-json\/wp\/v2\/product_brand?post=27573"},{"taxonomy":"product_cat","embeddable":true,"href":"https:\/\/www.miravila.com\/it\/wp-json\/wp\/v2\/product_cat?post=27573"},{"taxonomy":"product_tag","embeddable":true,"href":"https:\/\/www.miravila.com\/it\/wp-json\/wp\/v2\/product_tag?post=27573"}],"curies":[{"name":"wp","href":"https:\/\/api.w.org\/{rel}","templated":true}]}}