{"id":27570,"date":"2023-10-28T10:36:47","date_gmt":"2023-10-28T08:36:47","guid":{"rendered":"https:\/\/www.miravila.com\/product\/palla-vetro-decolletes-d-10-cm-oro-vrd\/"},"modified":"2023-10-28T10:36:51","modified_gmt":"2023-10-28T08:36:51","slug":"palla-vetro-decolletes-d-10-cm-oro-vrd","status":"publish","type":"product","link":"https:\/\/www.miravila.com\/it\/prodotto\/palla-vetro-decolletes-d-10-cm-oro-vrd\/","title":{"rendered":"Palla vetro decolletes d-10 cm oro-vrd"},"content":{"rendered":"<p>Decorazione di Capodanno in rosso con un motivo soffice e una spruzzata scintillante.<\/p>\n<hr>\n<p> <\/p>\n<h5> Materiale: <\/h5>\n<p> vetro<br \/>\n <\/p>\n<h5> dimensione: <\/h5>\n<p> 10cm<\/p>\n","protected":false},"excerpt":{"rendered":"<p>Il vetro DECO-Paillettes D-10 cm oro-10 \u00e8 una meravigliosa decorazione natalizia che sicuramente attirer\u00e0 l&#8217;attenzione sul tuo albero di Natale. Con il suo elegante colore rosso dorato e glitter scintillanti, creer\u00e0 un&#8217;atmosfera magica nella tua casa. Con un diametro di 10 cm, questa palla ha la dimensione perfetta per aggiungere una lucentezza per le vacanze al tuo interno. Decora la tua casa per le vacanze con questo bellissimo ballo di Natale.<\/p>\n","protected":false},"featured_media":24564,"comment_status":"closed","ping_status":"open","template":"","meta":[],"product_brand":[],"product_cat":[3679,2073],"product_tag":[],"class_list":{"0":"post-27570","1":"product","2":"type-product","3":"status-publish","4":"has-post-thumbnail","6":"product_cat-decorazioni-di-capodanno","7":"product_cat-natale","8":"pa_barva-rosso","9":"pa_material-bicchiere","10":"pa_visina-10-it","12":"first","13":"outofstock","14":"taxable","15":"shipping-taxable","16":"purchasable","17":"product-type-simple"},"_links":{"self":[{"href":"https:\/\/www.miravila.com\/it\/wp-json\/wp\/v2\/product\/27570","targetHints":{"allow":["GET"]}}],"collection":[{"href":"https:\/\/www.miravila.com\/it\/wp-json\/wp\/v2\/product"}],"about":[{"href":"https:\/\/www.miravila.com\/it\/wp-json\/wp\/v2\/types\/product"}],"replies":[{"embeddable":true,"href":"https:\/\/www.miravila.com\/it\/wp-json\/wp\/v2\/comments?post=27570"}],"wp:featuredmedia":[{"embeddable":true,"href":"https:\/\/www.miravila.com\/it\/wp-json\/wp\/v2\/media\/24564"}],"wp:attachment":[{"href":"https:\/\/www.miravila.com\/it\/wp-json\/wp\/v2\/media?parent=27570"}],"wp:term":[{"taxonomy":"product_brand","embeddable":true,"href":"https:\/\/www.miravila.com\/it\/wp-json\/wp\/v2\/product_brand?post=27570"},{"taxonomy":"product_cat","embeddable":true,"href":"https:\/\/www.miravila.com\/it\/wp-json\/wp\/v2\/product_cat?post=27570"},{"taxonomy":"product_tag","embeddable":true,"href":"https:\/\/www.miravila.com\/it\/wp-json\/wp\/v2\/product_tag?post=27570"}],"curies":[{"name":"wp","href":"https:\/\/api.w.org\/{rel}","templated":true}]}}