{"id":27566,"date":"2023-10-28T10:36:47","date_gmt":"2023-10-28T08:36:47","guid":{"rendered":"https:\/\/www.miravila.com\/product\/ball-ceramics-face-d-14-cm\/"},"modified":"2023-10-28T10:36:49","modified_gmt":"2023-10-28T08:36:49","slug":"ball-ceramics-face-d-14-cm","status":"publish","type":"product","link":"https:\/\/www.miravila.com\/it\/prodotto\/ball-ceramics-face-d-14-cm\/","title":{"rendered":"Ball Ceramics Face D-14 cm"},"content":{"rendered":"<p>Ornamento di Capodanno in bianco con la pittura del viso.<\/p>\n<hr>\n<p> <\/p>\n<h5> Materiale: <\/h5>\n<p> ceramica<br \/>\n <\/p>\n<h5> dimensione: <\/h5>\n<p> 14cm<\/p>\n","protected":false},"excerpt":{"rendered":"<p>Una faccia di ceramica a sfera D-14 CM \u00e8 una meravigliosa decorazione natalizia che porter\u00e0 un&#8217;atmosfera per le vacanze a casa tua. \u00c8 realizzato in ceramica di qualit\u00e0 e ha un diametro di 14 cm. Con il suo design unico a forma di faccia, attirer\u00e0 sicuramente l&#8217;attenzione degli ospiti e creer\u00e0 un&#8217;atmosfera da favola durante le vacanze di Natale. \u00c8 ideale per decorare abeti, tavoli o altre parti di casa. Aggiungi un po &#8216;di magia al tuo arredamento natalizio con questa bellissima faccia da ceramica D-14 cm.<\/p>\n","protected":false},"featured_media":25380,"comment_status":"closed","ping_status":"open","template":"","meta":[],"product_brand":[],"product_cat":[3679,2073],"product_tag":[],"class_list":{"0":"post-27566","1":"product","2":"type-product","3":"status-publish","4":"has-post-thumbnail","6":"product_cat-decorazioni-di-capodanno","7":"product_cat-natale","8":"pa_barva-bianco","9":"pa_material-ceramica","10":"pa_visina-14-it","12":"first","13":"outofstock","14":"taxable","15":"shipping-taxable","16":"purchasable","17":"product-type-simple"},"_links":{"self":[{"href":"https:\/\/www.miravila.com\/it\/wp-json\/wp\/v2\/product\/27566","targetHints":{"allow":["GET"]}}],"collection":[{"href":"https:\/\/www.miravila.com\/it\/wp-json\/wp\/v2\/product"}],"about":[{"href":"https:\/\/www.miravila.com\/it\/wp-json\/wp\/v2\/types\/product"}],"replies":[{"embeddable":true,"href":"https:\/\/www.miravila.com\/it\/wp-json\/wp\/v2\/comments?post=27566"}],"wp:featuredmedia":[{"embeddable":true,"href":"https:\/\/www.miravila.com\/it\/wp-json\/wp\/v2\/media\/25380"}],"wp:attachment":[{"href":"https:\/\/www.miravila.com\/it\/wp-json\/wp\/v2\/media?parent=27566"}],"wp:term":[{"taxonomy":"product_brand","embeddable":true,"href":"https:\/\/www.miravila.com\/it\/wp-json\/wp\/v2\/product_brand?post=27566"},{"taxonomy":"product_cat","embeddable":true,"href":"https:\/\/www.miravila.com\/it\/wp-json\/wp\/v2\/product_cat?post=27566"},{"taxonomy":"product_tag","embeddable":true,"href":"https:\/\/www.miravila.com\/it\/wp-json\/wp\/v2\/product_tag?post=27566"}],"curies":[{"name":"wp","href":"https:\/\/api.w.org\/{rel}","templated":true}]}}