{"id":27562,"date":"2023-10-28T10:36:47","date_gmt":"2023-10-28T08:36:47","guid":{"rendered":"https:\/\/www.miravila.com\/product\/in-vetro-a-sospensione-rombo-stella-h-14-cm-oro\/"},"modified":"2023-10-28T10:36:48","modified_gmt":"2023-10-28T08:36:48","slug":"in-vetro-a-sospensione-rombo-stella-h-14-cm-oro","status":"publish","type":"product","link":"https:\/\/www.miravila.com\/it\/prodotto\/in-vetro-a-sospensione-rombo-stella-h-14-cm-oro\/","title":{"rendered":"In vetro a sospensione rombo-stella h-14 cm oro"},"content":{"rendered":"<p>La decorazione di Romb e Star di Capodanno in oro.<\/p>\n<hr>\n<p> <\/p>\n<h5> Materiale: <\/h5>\n<p> vetro<br \/>\n <\/p>\n<h5> dimensione: <\/h5>\n<p> 14cm<\/p>\n","protected":false},"excerpt":{"rendered":"<p>Questo ciondolo di Natale \u00e8 realizzato in vetro e ha una forma romboide con un motivo stelloso. \u00c8 alto 14 cm e l&#8217;oro \u00e8 colorato.<\/p>\n","protected":false},"featured_media":24932,"comment_status":"closed","ping_status":"open","template":"","meta":[],"product_brand":[],"product_cat":[3679,2073],"product_tag":[],"class_list":{"0":"post-27562","1":"product","2":"type-product","3":"status-publish","4":"has-post-thumbnail","6":"product_cat-decorazioni-di-capodanno","7":"product_cat-natale","8":"pa_barva-oro","9":"pa_material-bicchiere","10":"pa_visina-14-it","12":"first","13":"outofstock","14":"taxable","15":"shipping-taxable","16":"purchasable","17":"product-type-simple"},"_links":{"self":[{"href":"https:\/\/www.miravila.com\/it\/wp-json\/wp\/v2\/product\/27562","targetHints":{"allow":["GET"]}}],"collection":[{"href":"https:\/\/www.miravila.com\/it\/wp-json\/wp\/v2\/product"}],"about":[{"href":"https:\/\/www.miravila.com\/it\/wp-json\/wp\/v2\/types\/product"}],"replies":[{"embeddable":true,"href":"https:\/\/www.miravila.com\/it\/wp-json\/wp\/v2\/comments?post=27562"}],"wp:featuredmedia":[{"embeddable":true,"href":"https:\/\/www.miravila.com\/it\/wp-json\/wp\/v2\/media\/24932"}],"wp:attachment":[{"href":"https:\/\/www.miravila.com\/it\/wp-json\/wp\/v2\/media?parent=27562"}],"wp:term":[{"taxonomy":"product_brand","embeddable":true,"href":"https:\/\/www.miravila.com\/it\/wp-json\/wp\/v2\/product_brand?post=27562"},{"taxonomy":"product_cat","embeddable":true,"href":"https:\/\/www.miravila.com\/it\/wp-json\/wp\/v2\/product_cat?post=27562"},{"taxonomy":"product_tag","embeddable":true,"href":"https:\/\/www.miravila.com\/it\/wp-json\/wp\/v2\/product_tag?post=27562"}],"curies":[{"name":"wp","href":"https:\/\/api.w.org\/{rel}","templated":true}]}}